{"id":6111,"date":"2024-04-02T10:52:06","date_gmt":"2024-04-02T08:52:06","guid":{"rendered":"https:\/\/esla.crealogica.eu\/productos\/sense%20categoria\/e0310-passama-serie-10400\/"},"modified":"2025-05-29T16:05:42","modified_gmt":"2025-05-29T14:05:42","slug":"e0310-passama-serie-10400","status":"publish","type":"product","link":"https:\/\/www.esla.eu\/ca\/productes\/accessoris\/baranes\/e0310-passama-serie-10400\/","title":{"rendered":"E0310 &#8211; Passam\u00e0 &#8211; S\u00e8rie 10400"},"content":{"rendered":"<p>Els passamans frontal i lateral de la plataforma s\u00f3n per tots els models.<\/p>\n<p>Per posar el passamans frontal de la plataforma \u00e9s necessari disposar dels 2 laterals.<\/p>\n<p>Els passamans d&#8217;acc\u00e9s nom\u00e9s a partir de 1040003<\/p>\n","protected":false},"excerpt":{"rendered":"<p>Els passamans frontal i lateral de la plataforma s\u00f3n per tots els models. Per posar el passamans frontal de la plataforma \u00e9s necessari disposar dels 2 laterals. Els passamans d&#8217;acc\u00e9s nom\u00e9s a partir de 1040003<\/p>\n","protected":false},"featured_media":5463,"template":"","meta":{"inline_featured_image":false},"product_brand":[],"product_cat":[178],"product_tag":[],"class_list":{"0":"post-6111","1":"product","2":"type-product","3":"status-publish","4":"has-post-thumbnail","6":"product_cat-baranes","8":"first","9":"instock","10":"shipping-taxable","11":"product-type-simple"},"_links":{"self":[{"href":"https:\/\/www.esla.eu\/ca\/wp-json\/wp\/v2\/product\/6111","targetHints":{"allow":["GET"]}}],"collection":[{"href":"https:\/\/www.esla.eu\/ca\/wp-json\/wp\/v2\/product"}],"about":[{"href":"https:\/\/www.esla.eu\/ca\/wp-json\/wp\/v2\/types\/product"}],"wp:featuredmedia":[{"embeddable":true,"href":"https:\/\/www.esla.eu\/ca\/wp-json\/wp\/v2\/media\/5463"}],"wp:attachment":[{"href":"https:\/\/www.esla.eu\/ca\/wp-json\/wp\/v2\/media?parent=6111"}],"wp:term":[{"taxonomy":"product_brand","embeddable":true,"href":"https:\/\/www.esla.eu\/ca\/wp-json\/wp\/v2\/product_brand?post=6111"},{"taxonomy":"product_cat","embeddable":true,"href":"https:\/\/www.esla.eu\/ca\/wp-json\/wp\/v2\/product_cat?post=6111"},{"taxonomy":"product_tag","embeddable":true,"href":"https:\/\/www.esla.eu\/ca\/wp-json\/wp\/v2\/product_tag?post=6111"}],"curies":[{"name":"wp","href":"https:\/\/api.w.org\/{rel}","templated":true}]}}