{"id":6122,"date":"2024-03-18T10:04:27","date_gmt":"2024-03-18T09:04:27","guid":{"rendered":"https:\/\/esla.crealogica.eu\/productos\/sense%20categoria\/2001374-plataforma-elevable-amb-escala-ajustable-tipus-paral-lelogram\/"},"modified":"2024-04-17T13:02:34","modified_gmt":"2024-04-17T11:02:34","slug":"2001374-plataforma-elevable-amb-escala-ajustable-tipus-paral-lelogram","status":"publish","type":"product","link":"https:\/\/www.esla.eu\/ca\/productes\/solucions-especials\/plataformes-regulables-i-remolcables\/2001374-plataforma-elevable-amb-escala-ajustable-tipus-paral-lelogram\/","title":{"rendered":"2001374 &#8211; Plataforma elevable amb escala ajustable tipus paral.lelogram"},"content":{"rendered":"<p>Sistema d&#8217;elevaci\u00f3 per cremallera amb accionament manual.<\/p>\n<p>Acc\u00e9s amb escala paral.lelogram amb adaptaci\u00f3 graduable de la inclinaci\u00f3<\/p>\n<p>Lames frontals extensibles per cubrir tots els espais<\/p>\n","protected":false},"excerpt":{"rendered":"<p>Sistema d&#8217;elevaci\u00f3 per cremallera amb accionament manual. Acc\u00e9s amb escala paral.lelogram amb adaptaci\u00f3 graduable de la inclinaci\u00f3 Lames frontals extensibles per cubrir tots els espais<\/p>\n","protected":false},"featured_media":3010,"template":"","meta":{"inline_featured_image":false},"product_brand":[],"product_cat":[74,78],"product_tag":[],"class_list":{"0":"post-6122","1":"product","2":"type-product","3":"status-publish","4":"has-post-thumbnail","6":"product_cat-plataformes-elevables","7":"product_cat-plataformes-regulables-i-remolcables","9":"first","10":"instock","11":"shipping-taxable","12":"product-type-simple"},"_links":{"self":[{"href":"https:\/\/www.esla.eu\/ca\/wp-json\/wp\/v2\/product\/6122","targetHints":{"allow":["GET"]}}],"collection":[{"href":"https:\/\/www.esla.eu\/ca\/wp-json\/wp\/v2\/product"}],"about":[{"href":"https:\/\/www.esla.eu\/ca\/wp-json\/wp\/v2\/types\/product"}],"wp:featuredmedia":[{"embeddable":true,"href":"https:\/\/www.esla.eu\/ca\/wp-json\/wp\/v2\/media\/3010"}],"wp:attachment":[{"href":"https:\/\/www.esla.eu\/ca\/wp-json\/wp\/v2\/media?parent=6122"}],"wp:term":[{"taxonomy":"product_brand","embeddable":true,"href":"https:\/\/www.esla.eu\/ca\/wp-json\/wp\/v2\/product_brand?post=6122"},{"taxonomy":"product_cat","embeddable":true,"href":"https:\/\/www.esla.eu\/ca\/wp-json\/wp\/v2\/product_cat?post=6122"},{"taxonomy":"product_tag","embeddable":true,"href":"https:\/\/www.esla.eu\/ca\/wp-json\/wp\/v2\/product_tag?post=6122"}],"curies":[{"name":"wp","href":"https:\/\/api.w.org\/{rel}","templated":true}]}}