{"id":6134,"date":"2024-03-18T10:11:54","date_gmt":"2024-03-18T09:11:54","guid":{"rendered":"https:\/\/esla.crealogica.eu\/productos\/sense%20categoria\/2001446-escala-amb-plataforma-elevable\/"},"modified":"2024-04-17T13:09:37","modified_gmt":"2024-04-17T11:09:37","slug":"2001446-escala-amb-plataforma-elevable","status":"publish","type":"product","link":"https:\/\/www.esla.eu\/ca\/productes\/solucions-especials\/plataformes-regulables-i-remolcables\/2001446-escala-amb-plataforma-elevable\/","title":{"rendered":"2001446 &#8211; Escala amb plataforma elevable"},"content":{"rendered":"<p>Plataforma en alumini d&#8217;elevaci\u00f3 per manteniment ferroviari<\/p>\n<p>&#8211; Sistema d&#8217;elevaci\u00f3 manual mitjant\u00e7ant una cremallera i unes maniveles<\/p>\n<p>&#8211; Equipada amb 4 rodes triples<\/p>\n<p>&#8211; La plataforma est\u00e0 formada per 3 parts<\/p>\n<p>1) Escala fixe d&#8217;acc\u00e9s d&#8217;inclinaci\u00f3 60\u00b0<\/p>\n<p>2) Part elevable dels graons, que es pleguen i van corregint la inclinaci\u00f3 durant la elevaci\u00f3.<\/p>\n<p>3) Plataforma que puja i baixa. Aquesta tamb\u00e9 \u00e9s extensible, i t\u00e9 una barana frontal abatible per facilitar les feines de manteniment.<\/p>\n","protected":false},"excerpt":{"rendered":"<p>Plataforma en alumini d&#8217;elevaci\u00f3 per manteniment ferroviari &#8211; Sistema d&#8217;elevaci\u00f3 manual mitjant\u00e7ant una cremallera i unes maniveles &#8211; Equipada amb 4 rodes triples &#8211; La plataforma est\u00e0 formada per 3 parts 1) Escala fixe d&#8217;acc\u00e9s d&#8217;inclinaci\u00f3 60\u00b0 2) Part elevable dels graons, que es pleguen i van corregint la inclinaci\u00f3 durant la elevaci\u00f3. 3) Plataforma [&hellip;]<\/p>\n","protected":false},"featured_media":3072,"template":"","meta":{"inline_featured_image":false},"product_brand":[],"product_cat":[74,78],"product_tag":[],"class_list":{"0":"post-6134","1":"product","2":"type-product","3":"status-publish","4":"has-post-thumbnail","6":"product_cat-plataformes-elevables","7":"product_cat-plataformes-regulables-i-remolcables","9":"first","10":"instock","11":"shipping-taxable","12":"product-type-simple"},"_links":{"self":[{"href":"https:\/\/www.esla.eu\/ca\/wp-json\/wp\/v2\/product\/6134","targetHints":{"allow":["GET"]}}],"collection":[{"href":"https:\/\/www.esla.eu\/ca\/wp-json\/wp\/v2\/product"}],"about":[{"href":"https:\/\/www.esla.eu\/ca\/wp-json\/wp\/v2\/types\/product"}],"wp:featuredmedia":[{"embeddable":true,"href":"https:\/\/www.esla.eu\/ca\/wp-json\/wp\/v2\/media\/3072"}],"wp:attachment":[{"href":"https:\/\/www.esla.eu\/ca\/wp-json\/wp\/v2\/media?parent=6134"}],"wp:term":[{"taxonomy":"product_brand","embeddable":true,"href":"https:\/\/www.esla.eu\/ca\/wp-json\/wp\/v2\/product_brand?post=6134"},{"taxonomy":"product_cat","embeddable":true,"href":"https:\/\/www.esla.eu\/ca\/wp-json\/wp\/v2\/product_cat?post=6134"},{"taxonomy":"product_tag","embeddable":true,"href":"https:\/\/www.esla.eu\/ca\/wp-json\/wp\/v2\/product_tag?post=6134"}],"curies":[{"name":"wp","href":"https:\/\/api.w.org\/{rel}","templated":true}]}}