{"id":6140,"date":"2024-03-18T10:16:51","date_gmt":"2024-03-18T09:16:51","guid":{"rendered":"https:\/\/esla.crealogica.eu\/productos\/sense categoria\/2000989-2001165-plataforma-elevable-acces-lateral\/"},"modified":"2024-03-18T10:16:51","modified_gmt":"2024-03-18T09:16:51","slug":"2000989-2001165-plataforma-elevable-acces-lateral","status":"publish","type":"product","link":"https:\/\/www.esla.eu\/ca\/productes\/solucions-especials\/plataformes-regulables-i-remolcables\/2000989-2001165-plataforma-elevable-acces-lateral\/","title":{"rendered":"2000989-2001165 &#8211; Plataforma elevable acc\u00e9s lateral"},"content":{"rendered":"<p>Plataforma en alumini elevable<\/p>\n<p>&#8211; Sistema d&#8217;elevaci\u00f3 per cremallera amb accionament manual<\/p>\n<p>&#8211; Acc\u00e9s amb escala paral.lelogram amb adaptaci\u00f3 graduable de la inclinaci\u00f3<\/p>\n<p>&#8211; Volad\u00eds lateral per accedir al sostre del tren<\/p>\n<p>&#8211; Possibilitat d&#8217;afegir-hi baranes per protegir l&#8217;espai de treball al sostre<\/p>\n","protected":false},"excerpt":{"rendered":"<p>Plataforma en alumini elevable &#8211; Sistema d&#8217;elevaci\u00f3 per cremallera amb accionament manual &#8211; Acc\u00e9s amb escala paral.lelogram amb adaptaci\u00f3 graduable de la inclinaci\u00f3 &#8211; Volad\u00eds lateral per accedir al sostre del tren &#8211; Possibilitat d&#8217;afegir-hi baranes per protegir l&#8217;espai de treball al sostre<\/p>\n","protected":false},"featured_media":3093,"template":"","meta":{"inline_featured_image":false},"product_brand":[],"product_cat":[74,78],"product_tag":[],"class_list":{"0":"post-6140","1":"product","2":"type-product","3":"status-publish","4":"has-post-thumbnail","6":"product_cat-plataformes-elevables","7":"product_cat-plataformes-regulables-i-remolcables","9":"first","10":"instock","11":"shipping-taxable","12":"product-type-simple"},"_links":{"self":[{"href":"https:\/\/www.esla.eu\/ca\/wp-json\/wp\/v2\/product\/6140","targetHints":{"allow":["GET"]}}],"collection":[{"href":"https:\/\/www.esla.eu\/ca\/wp-json\/wp\/v2\/product"}],"about":[{"href":"https:\/\/www.esla.eu\/ca\/wp-json\/wp\/v2\/types\/product"}],"wp:featuredmedia":[{"embeddable":true,"href":"https:\/\/www.esla.eu\/ca\/wp-json\/wp\/v2\/media\/3093"}],"wp:attachment":[{"href":"https:\/\/www.esla.eu\/ca\/wp-json\/wp\/v2\/media?parent=6140"}],"wp:term":[{"taxonomy":"product_brand","embeddable":true,"href":"https:\/\/www.esla.eu\/ca\/wp-json\/wp\/v2\/product_brand?post=6140"},{"taxonomy":"product_cat","embeddable":true,"href":"https:\/\/www.esla.eu\/ca\/wp-json\/wp\/v2\/product_cat?post=6140"},{"taxonomy":"product_tag","embeddable":true,"href":"https:\/\/www.esla.eu\/ca\/wp-json\/wp\/v2\/product_tag?post=6140"}],"curies":[{"name":"wp","href":"https:\/\/api.w.org\/{rel}","templated":true}]}}