{"id":6153,"date":"2024-03-18T10:23:44","date_gmt":"2024-03-18T09:23:44","guid":{"rendered":"https:\/\/esla.crealogica.eu\/productos\/sense%20categoria\/2001503-04-05-conjunt-plataformes-mobils-elevables-i-ajustables-per-manteniment-diposits\/"},"modified":"2024-04-17T13:29:11","modified_gmt":"2024-04-17T11:29:11","slug":"2001503-04-05-conjunt-plataformes-mobils-elevables-i-ajustables-per-manteniment-diposits","status":"publish","type":"product","link":"https:\/\/www.esla.eu\/ca\/productes\/solucions-especials\/plataformes-regulables-i-remolcables\/2001503-04-05-conjunt-plataformes-mobils-elevables-i-ajustables-per-manteniment-diposits\/","title":{"rendered":"2001503-04-05 &#8211; Conjunt plataformes m\u00f2bils elevables i ajustables per manteniment dip\u00f2sits"},"content":{"rendered":"<p>-Elevaci\u00f3 manual amb sistema cremallera<\/p>\n<p>-Escala acc\u00e9s paral\u00b7lelogram que canvia la inclinaci\u00f3 per adaptar-se a la regulaci\u00f3<\/p>\n<p>-El conjunt t\u00e9 4 peces:<\/p>\n<p>-2 elevables, 1 amb acc\u00e9s<\/p>\n<p>-2 passeres<\/p>\n","protected":false},"excerpt":{"rendered":"<p>-Elevaci\u00f3 manual amb sistema cremallera -Escala acc\u00e9s paral\u00b7lelogram que canvia la inclinaci\u00f3 per adaptar-se a la regulaci\u00f3 -El conjunt t\u00e9 4 peces: -2 elevables, 1 amb acc\u00e9s -2 passeres<\/p>\n","protected":false},"featured_media":3146,"template":"","meta":{"inline_featured_image":false},"product_brand":[],"product_cat":[74,78],"product_tag":[],"class_list":{"0":"post-6153","1":"product","2":"type-product","3":"status-publish","4":"has-post-thumbnail","6":"product_cat-plataformes-elevables","7":"product_cat-plataformes-regulables-i-remolcables","9":"first","10":"instock","11":"shipping-taxable","12":"product-type-simple"},"_links":{"self":[{"href":"https:\/\/www.esla.eu\/ca\/wp-json\/wp\/v2\/product\/6153","targetHints":{"allow":["GET"]}}],"collection":[{"href":"https:\/\/www.esla.eu\/ca\/wp-json\/wp\/v2\/product"}],"about":[{"href":"https:\/\/www.esla.eu\/ca\/wp-json\/wp\/v2\/types\/product"}],"wp:featuredmedia":[{"embeddable":true,"href":"https:\/\/www.esla.eu\/ca\/wp-json\/wp\/v2\/media\/3146"}],"wp:attachment":[{"href":"https:\/\/www.esla.eu\/ca\/wp-json\/wp\/v2\/media?parent=6153"}],"wp:term":[{"taxonomy":"product_brand","embeddable":true,"href":"https:\/\/www.esla.eu\/ca\/wp-json\/wp\/v2\/product_brand?post=6153"},{"taxonomy":"product_cat","embeddable":true,"href":"https:\/\/www.esla.eu\/ca\/wp-json\/wp\/v2\/product_cat?post=6153"},{"taxonomy":"product_tag","embeddable":true,"href":"https:\/\/www.esla.eu\/ca\/wp-json\/wp\/v2\/product_tag?post=6153"}],"curies":[{"name":"wp","href":"https:\/\/api.w.org\/{rel}","templated":true}]}}