{"id":6159,"date":"2024-03-18T10:26:13","date_gmt":"2024-03-18T09:26:13","guid":{"rendered":"https:\/\/esla.crealogica.eu\/productos\/sense%20categoria\/2001558-plataforma-portic-en-alumini-elevable-per-manteniment-ferroviari\/"},"modified":"2024-04-17T13:46:51","modified_gmt":"2024-04-17T11:46:51","slug":"2001558-plataforma-portic-en-alumini-elevable-per-manteniment-ferroviari","status":"publish","type":"product","link":"https:\/\/www.esla.eu\/ca\/productes\/solucions-especials\/plataformes-regulables-i-remolcables\/2001558-plataforma-portic-en-alumini-elevable-per-manteniment-ferroviari\/","title":{"rendered":"2001558 &#8211; Plataforma p\u00f2rtic en alumini elevable per manteniment ferroviari"},"content":{"rendered":"<p>-Elevaci\u00f3 amb cremallera manual 3600 a 4600<\/p>\n<p>-Acc\u00e9s amb escala vertical<\/p>\n<p>-Triple roda amb nivellador<\/p>\n<p>-Conjunt barana regulable i despla\u00e7able per protegir la zona de treball<\/p>\n","protected":false},"excerpt":{"rendered":"<p>-Elevaci\u00f3 amb cremallera manual 3600 a 4600 -Acc\u00e9s amb escala vertical -Triple roda amb nivellador -Conjunt barana regulable i despla\u00e7able per protegir la zona de treball<\/p>\n","protected":false},"featured_media":3167,"template":"","meta":{"inline_featured_image":false},"product_brand":[],"product_cat":[74,78],"product_tag":[],"class_list":{"0":"post-6159","1":"product","2":"type-product","3":"status-publish","4":"has-post-thumbnail","6":"product_cat-plataformes-elevables","7":"product_cat-plataformes-regulables-i-remolcables","9":"first","10":"instock","11":"shipping-taxable","12":"product-type-simple"},"_links":{"self":[{"href":"https:\/\/www.esla.eu\/ca\/wp-json\/wp\/v2\/product\/6159","targetHints":{"allow":["GET"]}}],"collection":[{"href":"https:\/\/www.esla.eu\/ca\/wp-json\/wp\/v2\/product"}],"about":[{"href":"https:\/\/www.esla.eu\/ca\/wp-json\/wp\/v2\/types\/product"}],"wp:featuredmedia":[{"embeddable":true,"href":"https:\/\/www.esla.eu\/ca\/wp-json\/wp\/v2\/media\/3167"}],"wp:attachment":[{"href":"https:\/\/www.esla.eu\/ca\/wp-json\/wp\/v2\/media?parent=6159"}],"wp:term":[{"taxonomy":"product_brand","embeddable":true,"href":"https:\/\/www.esla.eu\/ca\/wp-json\/wp\/v2\/product_brand?post=6159"},{"taxonomy":"product_cat","embeddable":true,"href":"https:\/\/www.esla.eu\/ca\/wp-json\/wp\/v2\/product_cat?post=6159"},{"taxonomy":"product_tag","embeddable":true,"href":"https:\/\/www.esla.eu\/ca\/wp-json\/wp\/v2\/product_tag?post=6159"}],"curies":[{"name":"wp","href":"https:\/\/api.w.org\/{rel}","templated":true}]}}