{"id":6165,"date":"2024-03-18T10:28:15","date_gmt":"2024-03-18T09:28:15","guid":{"rendered":"https:\/\/esla.crealogica.eu\/productos\/sense%20categoria\/2001559-plataforma-dacces-al-sostre-dels-autobusos\/"},"modified":"2024-04-17T13:50:46","modified_gmt":"2024-04-17T11:50:46","slug":"2001559-plataforma-dacces-al-sostre-dels-autobusos","status":"publish","type":"product","link":"https:\/\/www.esla.eu\/ca\/productes\/solucions-especials\/plataformes-regulables-i-remolcables\/2001559-plataforma-dacces-al-sostre-dels-autobusos\/","title":{"rendered":"2001559 &#8211; Plataforma d&#8217;acc\u00e9s al sostre dels autobusos"},"content":{"rendered":"<p>Accedir al sostre dels autobusos amb tota seguretat<\/p>\n<p>-Plataforma m\u00f2bil regulable en al\u00e7ada per accedir al sostre dels autobusos amb tota seguretat<\/p>\n<p>-La regulaci\u00f3 en al\u00e7ada de 2700 a 3700 mm permet de treballar al damunt de diferents tipus de autobusos<\/p>\n<p>-4 rodes 200 mm amb fr\u00e8 que permeten el despla\u00e7ament de la plataforma<\/p>\n<p>-Equipada amb peus nivelladors assegurant una gran estabilitat en posici\u00f3 de treball<\/p>\n<p>-Conjunt barana superior plegable de forma articulada que permet als treballadors treballar al sostre amb total seguretat<\/p>\n<p>-Escala d&#8217;acc\u00e9s en paral.lelogram que va variant el seu angle d&#8217;inclinaci\u00f3 en la regulaci\u00f3<\/p>\n<p>-C\u00e0rrega admisible 3 persones + materials<\/p>\n<p>-La regulaci\u00f3 es fa mitjan\u00e7ant una cremallera que una sola persona pot activar de forma manual<\/p>\n<p>-Bastiment inferior en acer pintat per donar una millor estabilitat i rigidesa<\/p>\n<p>-Estructura en alumini<\/p>\n<p>-Plataforma de 5000 mm amb xapa llagrimada<\/p>\n<p>-Protecci\u00f3 amb goma en tota la longitud en contacte amb l&#8217;autob\u00fas<\/p>\n<p>-Al\u00e7ada baranes 1100 mm + rodapeus<\/p>\n","protected":false},"excerpt":{"rendered":"<p>Accedir al sostre dels autobusos amb tota seguretat -Plataforma m\u00f2bil regulable en al\u00e7ada per accedir al sostre dels autobusos amb tota seguretat -La regulaci\u00f3 en al\u00e7ada de 2700 a 3700 mm permet de treballar al damunt de diferents tipus de autobusos -4 rodes 200 mm amb fr\u00e8 que permeten el despla\u00e7ament de la plataforma -Equipada [&hellip;]<\/p>\n","protected":false},"featured_media":12100,"template":"","meta":{"inline_featured_image":false},"product_brand":[],"product_cat":[74,78],"product_tag":[],"class_list":{"0":"post-6165","1":"product","2":"type-product","3":"status-publish","4":"has-post-thumbnail","6":"product_cat-plataformes-elevables","7":"product_cat-plataformes-regulables-i-remolcables","9":"first","10":"instock","11":"shipping-taxable","12":"product-type-simple"},"_links":{"self":[{"href":"https:\/\/www.esla.eu\/ca\/wp-json\/wp\/v2\/product\/6165","targetHints":{"allow":["GET"]}}],"collection":[{"href":"https:\/\/www.esla.eu\/ca\/wp-json\/wp\/v2\/product"}],"about":[{"href":"https:\/\/www.esla.eu\/ca\/wp-json\/wp\/v2\/types\/product"}],"wp:featuredmedia":[{"embeddable":true,"href":"https:\/\/www.esla.eu\/ca\/wp-json\/wp\/v2\/media\/12100"}],"wp:attachment":[{"href":"https:\/\/www.esla.eu\/ca\/wp-json\/wp\/v2\/media?parent=6165"}],"wp:term":[{"taxonomy":"product_brand","embeddable":true,"href":"https:\/\/www.esla.eu\/ca\/wp-json\/wp\/v2\/product_brand?post=6165"},{"taxonomy":"product_cat","embeddable":true,"href":"https:\/\/www.esla.eu\/ca\/wp-json\/wp\/v2\/product_cat?post=6165"},{"taxonomy":"product_tag","embeddable":true,"href":"https:\/\/www.esla.eu\/ca\/wp-json\/wp\/v2\/product_tag?post=6165"}],"curies":[{"name":"wp","href":"https:\/\/api.w.org\/{rel}","templated":true}]}}