{"id":6183,"date":"2024-03-18T10:34:19","date_gmt":"2024-03-18T09:34:19","guid":{"rendered":"https:\/\/esla.crealogica.eu\/productos\/sense%20categoria\/2001660-plataforma-mobil-dalumini-elevable-per-al-manteniment-ferroviari\/"},"modified":"2024-04-17T14:04:40","modified_gmt":"2024-04-17T12:04:40","slug":"2001660-plataforma-mobil-dalumini-elevable-per-al-manteniment-ferroviari","status":"publish","type":"product","link":"https:\/\/www.esla.eu\/ca\/productes\/solucions-especials\/plataformes-regulables-i-remolcables\/2001660-plataforma-mobil-dalumini-elevable-per-al-manteniment-ferroviari\/","title":{"rendered":"2001660 &#8211; Plataforma m\u00f2bil d&#8217;alumini elevable per al manteniment ferroviari"},"content":{"rendered":"<p>&#8211; Petita escala d&#8217;acc\u00e9s plegable en ambd\u00f3s costats<\/p>\n<p>&#8211; Baranes de protecci\u00f3<\/p>\n<p>&#8211; Porta plegable<\/p>\n<p>&#8211; Rodes triples<\/p>\n<p>&#8211; Anivellador manual extensible<\/p>\n","protected":false},"excerpt":{"rendered":"<p>&#8211; Petita escala d&#8217;acc\u00e9s plegable en ambd\u00f3s costats &#8211; Baranes de protecci\u00f3 &#8211; Porta plegable &#8211; Rodes triples &#8211; Anivellador manual extensible<\/p>\n","protected":false},"featured_media":3251,"template":"","meta":{"inline_featured_image":false},"product_brand":[],"product_cat":[74,78],"product_tag":[],"class_list":{"0":"post-6183","1":"product","2":"type-product","3":"status-publish","4":"has-post-thumbnail","6":"product_cat-plataformes-elevables","7":"product_cat-plataformes-regulables-i-remolcables","9":"first","10":"instock","11":"shipping-taxable","12":"product-type-simple"},"_links":{"self":[{"href":"https:\/\/www.esla.eu\/ca\/wp-json\/wp\/v2\/product\/6183","targetHints":{"allow":["GET"]}}],"collection":[{"href":"https:\/\/www.esla.eu\/ca\/wp-json\/wp\/v2\/product"}],"about":[{"href":"https:\/\/www.esla.eu\/ca\/wp-json\/wp\/v2\/types\/product"}],"wp:featuredmedia":[{"embeddable":true,"href":"https:\/\/www.esla.eu\/ca\/wp-json\/wp\/v2\/media\/3251"}],"wp:attachment":[{"href":"https:\/\/www.esla.eu\/ca\/wp-json\/wp\/v2\/media?parent=6183"}],"wp:term":[{"taxonomy":"product_brand","embeddable":true,"href":"https:\/\/www.esla.eu\/ca\/wp-json\/wp\/v2\/product_brand?post=6183"},{"taxonomy":"product_cat","embeddable":true,"href":"https:\/\/www.esla.eu\/ca\/wp-json\/wp\/v2\/product_cat?post=6183"},{"taxonomy":"product_tag","embeddable":true,"href":"https:\/\/www.esla.eu\/ca\/wp-json\/wp\/v2\/product_tag?post=6183"}],"curies":[{"name":"wp","href":"https:\/\/api.w.org\/{rel}","templated":true}]}}