{"id":6189,"date":"2024-03-18T12:32:41","date_gmt":"2024-03-18T11:32:41","guid":{"rendered":"https:\/\/esla.crealogica.eu\/productos\/sense%20categoria\/2010611-plataforma-remolcable-de-doble-pujada-equipada-amb-els-complements-pel-subministre-de-combustible\/"},"modified":"2024-04-17T14:07:32","modified_gmt":"2024-04-17T12:07:32","slug":"2010611-plataforma-remolcable-de-doble-pujada-equipada-amb-els-complements-pel-subministre-de-combustible","status":"publish","type":"product","link":"https:\/\/www.esla.eu\/ca\/productes\/solucions-especials\/plataformes-regulables-i-remolcables\/2010611-plataforma-remolcable-de-doble-pujada-equipada-amb-els-complements-pel-subministre-de-combustible\/","title":{"rendered":"2010611 &#8211; Plataforma remolcable de doble pujada equipada amb els complements pel subministre de combustible"},"content":{"rendered":"<p>Aquesta plataforma inclou bastidor galvanitzat, peus de goma, llan\u00e7a de tir, rodet de gir, cap\u00e7al, v\u00e0lvula carter, m\u00e0nega flexible, devanadora cable de massa, rodes pneum\u00e0tiques, tuberia r\u00edgida en Inox<\/p>\n","protected":false},"excerpt":{"rendered":"<p>Aquesta plataforma inclou bastidor galvanitzat, peus de goma, llan\u00e7a de tir, rodet de gir, cap\u00e7al, v\u00e0lvula carter, m\u00e0nega flexible, devanadora cable de massa, rodes pneum\u00e0tiques, tuberia r\u00edgida en Inox<\/p>\n","protected":false},"featured_media":4076,"template":"","meta":{"inline_featured_image":false},"product_brand":[],"product_cat":[78],"product_tag":[],"class_list":{"0":"post-6189","1":"product","2":"type-product","3":"status-publish","4":"has-post-thumbnail","6":"product_cat-plataformes-regulables-i-remolcables","8":"first","9":"instock","10":"shipping-taxable","11":"product-type-simple"},"_links":{"self":[{"href":"https:\/\/www.esla.eu\/ca\/wp-json\/wp\/v2\/product\/6189","targetHints":{"allow":["GET"]}}],"collection":[{"href":"https:\/\/www.esla.eu\/ca\/wp-json\/wp\/v2\/product"}],"about":[{"href":"https:\/\/www.esla.eu\/ca\/wp-json\/wp\/v2\/types\/product"}],"wp:featuredmedia":[{"embeddable":true,"href":"https:\/\/www.esla.eu\/ca\/wp-json\/wp\/v2\/media\/4076"}],"wp:attachment":[{"href":"https:\/\/www.esla.eu\/ca\/wp-json\/wp\/v2\/media?parent=6189"}],"wp:term":[{"taxonomy":"product_brand","embeddable":true,"href":"https:\/\/www.esla.eu\/ca\/wp-json\/wp\/v2\/product_brand?post=6189"},{"taxonomy":"product_cat","embeddable":true,"href":"https:\/\/www.esla.eu\/ca\/wp-json\/wp\/v2\/product_cat?post=6189"},{"taxonomy":"product_tag","embeddable":true,"href":"https:\/\/www.esla.eu\/ca\/wp-json\/wp\/v2\/product_tag?post=6189"}],"curies":[{"name":"wp","href":"https:\/\/api.w.org\/{rel}","templated":true}]}}