{"id":6201,"date":"2024-03-18T11:34:45","date_gmt":"2024-03-18T10:34:45","guid":{"rendered":"https:\/\/esla.crealogica.eu\/productos\/sense%20categoria\/2001543-plataforma-per-manteniment-diposits\/"},"modified":"2024-04-17T14:18:48","modified_gmt":"2024-04-17T12:18:48","slug":"2001543-plataforma-per-manteniment-diposits","status":"publish","type":"product","link":"https:\/\/www.esla.eu\/ca\/productes\/solucions-especials\/plataformes-fixes-i-passarelles\/2001543-plataforma-per-manteniment-diposits\/","title":{"rendered":"2001543 &#8211; Plataforma per manteniment dip\u00f2sits"},"content":{"rendered":"<p>&#8211; Escala vertical d&#8217;acc\u00e9s<\/p>\n<p>&#8211; Baranes de protecci\u00f3<\/p>\n<p>&#8211; Escotilla d&#8217;acc\u00e9s<\/p>\n","protected":false},"excerpt":{"rendered":"<p>&#8211; Escala vertical d&#8217;acc\u00e9s &#8211; Baranes de protecci\u00f3 &#8211; Escotilla d&#8217;acc\u00e9s<\/p>\n","protected":false},"featured_media":3618,"template":"","meta":{"inline_featured_image":false},"product_brand":[],"product_cat":[76],"product_tag":[],"class_list":{"0":"post-6201","1":"product","2":"type-product","3":"status-publish","4":"has-post-thumbnail","6":"product_cat-plataformes-fixes-i-passarelles","8":"first","9":"instock","10":"shipping-taxable","11":"product-type-simple"},"_links":{"self":[{"href":"https:\/\/www.esla.eu\/ca\/wp-json\/wp\/v2\/product\/6201","targetHints":{"allow":["GET"]}}],"collection":[{"href":"https:\/\/www.esla.eu\/ca\/wp-json\/wp\/v2\/product"}],"about":[{"href":"https:\/\/www.esla.eu\/ca\/wp-json\/wp\/v2\/types\/product"}],"wp:featuredmedia":[{"embeddable":true,"href":"https:\/\/www.esla.eu\/ca\/wp-json\/wp\/v2\/media\/3618"}],"wp:attachment":[{"href":"https:\/\/www.esla.eu\/ca\/wp-json\/wp\/v2\/media?parent=6201"}],"wp:term":[{"taxonomy":"product_brand","embeddable":true,"href":"https:\/\/www.esla.eu\/ca\/wp-json\/wp\/v2\/product_brand?post=6201"},{"taxonomy":"product_cat","embeddable":true,"href":"https:\/\/www.esla.eu\/ca\/wp-json\/wp\/v2\/product_cat?post=6201"},{"taxonomy":"product_tag","embeddable":true,"href":"https:\/\/www.esla.eu\/ca\/wp-json\/wp\/v2\/product_tag?post=6201"}],"curies":[{"name":"wp","href":"https:\/\/api.w.org\/{rel}","templated":true}]}}