{"id":6207,"date":"2024-03-18T11:36:19","date_gmt":"2024-03-18T10:36:19","guid":{"rendered":"https:\/\/esla.crealogica.eu\/productos\/sense%20categoria\/2001526-plataforma-fixe-amb-escala-vertical-dacces\/"},"modified":"2024-04-17T14:21:01","modified_gmt":"2024-04-17T12:21:01","slug":"2001526-plataforma-fixe-amb-escala-vertical-dacces","status":"publish","type":"product","link":"https:\/\/www.esla.eu\/ca\/productes\/solucions-especials\/plataformes-fixes-i-passarelles\/2001526-plataforma-fixe-amb-escala-vertical-dacces\/","title":{"rendered":"2001526 &#8211; Plataforma fixe amb escala vertical d&#8217;acc\u00e9s"},"content":{"rendered":"<p>&#8211; Escala vertical d&#8217;acc\u00e9s<\/p>\n<p>&#8211; Baranes de protecci\u00f3 en tot el per\u00edmetre<\/p>\n<p>&#8211; Plataforma fixada a la estrucutura<\/p>\n","protected":false},"excerpt":{"rendered":"<p>&#8211; Escala vertical d&#8217;acc\u00e9s &#8211; Baranes de protecci\u00f3 en tot el per\u00edmetre &#8211; Plataforma fixada a la estrucutura<\/p>\n","protected":false},"featured_media":3635,"template":"","meta":{"inline_featured_image":false},"product_brand":[],"product_cat":[76],"product_tag":[],"class_list":{"0":"post-6207","1":"product","2":"type-product","3":"status-publish","4":"has-post-thumbnail","6":"product_cat-plataformes-fixes-i-passarelles","8":"first","9":"instock","10":"shipping-taxable","11":"product-type-simple"},"_links":{"self":[{"href":"https:\/\/www.esla.eu\/ca\/wp-json\/wp\/v2\/product\/6207","targetHints":{"allow":["GET"]}}],"collection":[{"href":"https:\/\/www.esla.eu\/ca\/wp-json\/wp\/v2\/product"}],"about":[{"href":"https:\/\/www.esla.eu\/ca\/wp-json\/wp\/v2\/types\/product"}],"wp:featuredmedia":[{"embeddable":true,"href":"https:\/\/www.esla.eu\/ca\/wp-json\/wp\/v2\/media\/3635"}],"wp:attachment":[{"href":"https:\/\/www.esla.eu\/ca\/wp-json\/wp\/v2\/media?parent=6207"}],"wp:term":[{"taxonomy":"product_brand","embeddable":true,"href":"https:\/\/www.esla.eu\/ca\/wp-json\/wp\/v2\/product_brand?post=6207"},{"taxonomy":"product_cat","embeddable":true,"href":"https:\/\/www.esla.eu\/ca\/wp-json\/wp\/v2\/product_cat?post=6207"},{"taxonomy":"product_tag","embeddable":true,"href":"https:\/\/www.esla.eu\/ca\/wp-json\/wp\/v2\/product_tag?post=6207"}],"curies":[{"name":"wp","href":"https:\/\/api.w.org\/{rel}","templated":true}]}}