{"id":6226,"date":"2024-03-18T12:12:44","date_gmt":"2024-03-18T11:12:44","guid":{"rendered":"https:\/\/esla.crealogica.eu\/productos\/sense categoria\/2000000-sistema-modular-descales-verticals-amb-cercles-per-a-acces-a-sitges\/"},"modified":"2024-03-18T12:12:44","modified_gmt":"2024-03-18T11:12:44","slug":"2000000-sistema-modular-descales-verticals-amb-cercles-per-a-acces-a-sitges","status":"publish","type":"product","link":"https:\/\/www.esla.eu\/ca\/productes\/solucions-especials\/plataformes-fixes-i-passarelles\/2000000-sistema-modular-descales-verticals-amb-cercles-per-a-acces-a-sitges\/","title":{"rendered":"2000000 &#8211; Sistema modular d&#8217;escales verticals amb cercles per a acc\u00e9s a sitges"},"content":{"rendered":"<h2>Descripci\u00f3 del projecte<\/h2>\n<p>Desenvolupament d&#8217;un sistema modular d&#8217;escales verticals en alumini amb c\u00e8rcols (de gat) per fabricant de sitges, dip\u00f2sits i tancs.<\/p>\n<h2>Detalls<\/h2>\n<ul>\n<li>Producte normalitzat per A 14122.<\/li>\n<li>Cada m\u00f2dul inclou tram d&#8217;escala, c\u00e8rcols, barres protectores, ancoratges i connexions, a m\u00e9s de tota la cargols en inox necess\u00e0ria.<\/li>\n<li>Hi ha 3 tipus de m\u00f2duls, el d&#8217;entrada, els intermedis i els de sortida o observaci\u00f3.<\/li>\n<\/ul>\n<h2>Necessitats del client<\/h2>\n<ol>\n<li><strong>Estandaritzaci\u00f3<\/strong>. Dissenyem diferents m\u00f2duls que combinats entre si permeten assolir totes les altures de la gamma de sitges del nostre client.<\/li>\n<li><strong>Preu<\/strong>. El client t\u00e9 obt\u00e9 un preu per a cada una de les sitges, el que li permet poder integrar el cost en la seva tarifa de preus.<\/li>\n<li><strong>Servei<\/strong>. Tenim el producte en estoc, de manera que en arribar la comanda nom\u00e9s preparem totes les peces dels diferents m\u00f2duls que componen la sitja, i en 2 setmanes surt el material. L&#8217;avantatge \u00e9s que el client quan rep la comanda el pot enviar directament a obra amb el seu packing list i el pla de muntatge.<\/li>\n<\/ol>\n","protected":false},"excerpt":{"rendered":"<p>Descripci\u00f3 del projecte Desenvolupament d&#8217;un sistema modular d&#8217;escales verticals en alumini amb c\u00e8rcols (de gat) per fabricant de sitges, dip\u00f2sits i tancs. Detalls Producte normalitzat per A 14122. Cada m\u00f2dul inclou tram d&#8217;escala, c\u00e8rcols, barres protectores, ancoratges i connexions, a m\u00e9s de tota la cargols en inox necess\u00e0ria. Hi ha 3 tipus de m\u00f2duls, el [&hellip;]<\/p>\n","protected":false},"featured_media":4006,"template":"","meta":{"inline_featured_image":false},"product_brand":[],"product_cat":[76],"product_tag":[],"class_list":{"0":"post-6226","1":"product","2":"type-product","3":"status-publish","4":"has-post-thumbnail","6":"product_cat-plataformes-fixes-i-passarelles","8":"first","9":"instock","10":"shipping-taxable","11":"product-type-simple"},"_links":{"self":[{"href":"https:\/\/www.esla.eu\/ca\/wp-json\/wp\/v2\/product\/6226","targetHints":{"allow":["GET"]}}],"collection":[{"href":"https:\/\/www.esla.eu\/ca\/wp-json\/wp\/v2\/product"}],"about":[{"href":"https:\/\/www.esla.eu\/ca\/wp-json\/wp\/v2\/types\/product"}],"wp:featuredmedia":[{"embeddable":true,"href":"https:\/\/www.esla.eu\/ca\/wp-json\/wp\/v2\/media\/4006"}],"wp:attachment":[{"href":"https:\/\/www.esla.eu\/ca\/wp-json\/wp\/v2\/media?parent=6226"}],"wp:term":[{"taxonomy":"product_brand","embeddable":true,"href":"https:\/\/www.esla.eu\/ca\/wp-json\/wp\/v2\/product_brand?post=6226"},{"taxonomy":"product_cat","embeddable":true,"href":"https:\/\/www.esla.eu\/ca\/wp-json\/wp\/v2\/product_cat?post=6226"},{"taxonomy":"product_tag","embeddable":true,"href":"https:\/\/www.esla.eu\/ca\/wp-json\/wp\/v2\/product_tag?post=6226"}],"curies":[{"name":"wp","href":"https:\/\/api.w.org\/{rel}","templated":true}]}}