{"id":6227,"date":"2024-03-18T12:17:17","date_gmt":"2024-03-18T11:17:17","guid":{"rendered":"https:\/\/esla.crealogica.eu\/productos\/sense%20categoria\/2000000-passarella-dalumini-amb-plataformes-i-escales-dacces-a-maquina\/"},"modified":"2024-04-17T14:30:15","modified_gmt":"2024-04-17T12:30:15","slug":"2000000-passarella-dalumini-amb-plataformes-i-escales-dacces-a-maquina","status":"publish","type":"product","link":"https:\/\/www.esla.eu\/ca\/productes\/solucions-especials\/plataformes-fixes-i-passarelles\/2000000-passarella-dalumini-amb-plataformes-i-escales-dacces-a-maquina\/","title":{"rendered":"2000000 &#8211; Passarel\u00b7la d&#8217;alumini amb plataformes i escales d&#8217;acc\u00e9s a m\u00e0quina"},"content":{"rendered":"<h2>Descripci\u00f3 del projecte<\/h2>\n<p>Passarel\u00b7la d&#8217;alumini amb escales d&#8217;acc\u00e9s i baranes per a manteniment m\u00e0quina.<\/p>\n<h2>Detalls<\/h2>\n<ul>\n<li>Barana modular en tot el per\u00edmetre extern per evitar risc de caigudes.<\/li>\n<li>Escala m\u00f2bil d&#8217;acc\u00e9s per a manteniment. Equipada amb doble barana, 4 rodes amb doble estabilitzador i cadenes de seguretat frontals.<\/li>\n<li>Tamboret especial per a acc\u00e9s a quadre de comandaments.<\/li>\n<li>Escala fixa 60 \u00b0 per a acc\u00e9s a altell m\u00e0quina, amb doble repl\u00e0 i gir a la dreta.<\/li>\n<li>Escala vertical amb c\u00e8rcols de protecci\u00f3 espaldar per accedir a part superior de la m\u00e0quina.<\/li>\n<\/ul>\n<h2>Necessitats del client<\/h2>\n<ol>\n<li><strong>Estandaritzaci\u00f3<\/strong>. L&#8217;objectiu \u00e9s atenent les necessitats espec\u00edfiques del client, convertir aquesta condici\u00f3 especial en un model de producci\u00f3 est\u00e0ndard referenciat.<\/li>\n<li><strong>Preu<\/strong>. El nostre producte passa a ser un consumible per al client, i per aix\u00f2 a formar part de la seva estructura de costos directes. Conjuntament analitzem totes les possibilitats per arribar a aconseguir un preu competitiu.<\/li>\n<li><strong>Servei<\/strong>. El producte queda referenciat, i el client pot planificar la seva gesti\u00f3 de compra en els temps acordats.<\/li>\n<\/ol>\n","protected":false},"excerpt":{"rendered":"<p>Descripci\u00f3 del projecte Passarel\u00b7la d&#8217;alumini amb escales d&#8217;acc\u00e9s i baranes per a manteniment m\u00e0quina. Detalls Barana modular en tot el per\u00edmetre extern per evitar risc de caigudes. Escala m\u00f2bil d&#8217;acc\u00e9s per a manteniment. Equipada amb doble barana, 4 rodes amb doble estabilitzador i cadenes de seguretat frontals. Tamboret especial per a acc\u00e9s a quadre de [&hellip;]<\/p>\n","protected":false},"featured_media":4038,"template":"","meta":{"inline_featured_image":false},"product_brand":[],"product_cat":[76],"product_tag":[],"class_list":{"0":"post-6227","1":"product","2":"type-product","3":"status-publish","4":"has-post-thumbnail","6":"product_cat-plataformes-fixes-i-passarelles","8":"first","9":"instock","10":"shipping-taxable","11":"product-type-simple"},"_links":{"self":[{"href":"https:\/\/www.esla.eu\/ca\/wp-json\/wp\/v2\/product\/6227","targetHints":{"allow":["GET"]}}],"collection":[{"href":"https:\/\/www.esla.eu\/ca\/wp-json\/wp\/v2\/product"}],"about":[{"href":"https:\/\/www.esla.eu\/ca\/wp-json\/wp\/v2\/types\/product"}],"wp:featuredmedia":[{"embeddable":true,"href":"https:\/\/www.esla.eu\/ca\/wp-json\/wp\/v2\/media\/4038"}],"wp:attachment":[{"href":"https:\/\/www.esla.eu\/ca\/wp-json\/wp\/v2\/media?parent=6227"}],"wp:term":[{"taxonomy":"product_brand","embeddable":true,"href":"https:\/\/www.esla.eu\/ca\/wp-json\/wp\/v2\/product_brand?post=6227"},{"taxonomy":"product_cat","embeddable":true,"href":"https:\/\/www.esla.eu\/ca\/wp-json\/wp\/v2\/product_cat?post=6227"},{"taxonomy":"product_tag","embeddable":true,"href":"https:\/\/www.esla.eu\/ca\/wp-json\/wp\/v2\/product_tag?post=6227"}],"curies":[{"name":"wp","href":"https:\/\/api.w.org\/{rel}","templated":true}]}}