{"id":6233,"date":"2024-03-18T12:20:57","date_gmt":"2024-03-18T11:20:57","guid":{"rendered":"https:\/\/esla.crealogica.eu\/productos\/sense categoria\/2000000-escala-dalumini-fixa-dacces-amb-plataforma-per-a-premsa\/"},"modified":"2024-03-18T12:20:57","modified_gmt":"2024-03-18T11:20:57","slug":"2000000-escala-dalumini-fixa-dacces-amb-plataforma-per-a-premsa","status":"publish","type":"product","link":"https:\/\/www.esla.eu\/ca\/productes\/solucions-especials\/plataformes-fixes-i-passarelles\/2000000-escala-dalumini-fixa-dacces-amb-plataforma-per-a-premsa\/","title":{"rendered":"2000000 &#8211; Escala d&#8217;alumini fixa d&#8217;acc\u00e9s amb plataforma per a premsa"},"content":{"rendered":"<h2>Descripci\u00f3 del projecte<\/h2>\n<p>Standarizaci\u00f3n d&#8217;una gamma d&#8217;escales d&#8217;alumini fixes d&#8217;acc\u00e9s per a fabricants de premses hidr\u00e0uliques, a fi de poder realitzar els treballs de manteniment.<\/p>\n<h2>Detalls<\/h2>\n<ul>\n<li>Sistema modular.<\/li>\n<li>El tram inicial \u00e9s extensible, i llisca cap amunt. D&#8217;aquesta forma no ocupa espai quan no s&#8217;utilitza.<\/li>\n<\/ul>\n<h2>Necessitats del client<\/h2>\n<ol>\n<li><strong>Estandaritzaci\u00f3<\/strong>. Hem dissenyat un sistema modular optimitzat per cobrir altures des 2,5-8 metres fins al desembarcament.<\/li>\n<li><strong>Preus<\/strong>. Com en tots els processos d&#8217;industrialitzaci\u00f3, a l&#8217;standarizar el producte per al seu \u00fas, ens permet oferir uns preus \u00f2ptims, encara tractant-se d&#8217;un producte especial exclusivament per a aquest sector.<\/li>\n<li><strong>Servei<\/strong>. En tenir en estoc tots els components, en un termini de 2 setmanes es pot enviar tot el material. A m\u00e9s la codificaci\u00f3 de cada escala permet al fabricant de premses fer la comanda de forma r\u00e0pida i efica\u00e7.<\/li>\n<\/ol>\n","protected":false},"excerpt":{"rendered":"<p>Descripci\u00f3 del projecte Standarizaci\u00f3n d&#8217;una gamma d&#8217;escales d&#8217;alumini fixes d&#8217;acc\u00e9s per a fabricants de premses hidr\u00e0uliques, a fi de poder realitzar els treballs de manteniment. Detalls Sistema modular. El tram inicial \u00e9s extensible, i llisca cap amunt. D&#8217;aquesta forma no ocupa espai quan no s&#8217;utilitza. Necessitats del client Estandaritzaci\u00f3. Hem dissenyat un sistema modular optimitzat [&hellip;]<\/p>\n","protected":false},"featured_media":4049,"template":"","meta":{"inline_featured_image":false},"product_brand":[],"product_cat":[76],"product_tag":[],"class_list":{"0":"post-6233","1":"product","2":"type-product","3":"status-publish","4":"has-post-thumbnail","6":"product_cat-plataformes-fixes-i-passarelles","8":"first","9":"instock","10":"shipping-taxable","11":"product-type-simple"},"_links":{"self":[{"href":"https:\/\/www.esla.eu\/ca\/wp-json\/wp\/v2\/product\/6233","targetHints":{"allow":["GET"]}}],"collection":[{"href":"https:\/\/www.esla.eu\/ca\/wp-json\/wp\/v2\/product"}],"about":[{"href":"https:\/\/www.esla.eu\/ca\/wp-json\/wp\/v2\/types\/product"}],"wp:featuredmedia":[{"embeddable":true,"href":"https:\/\/www.esla.eu\/ca\/wp-json\/wp\/v2\/media\/4049"}],"wp:attachment":[{"href":"https:\/\/www.esla.eu\/ca\/wp-json\/wp\/v2\/media?parent=6233"}],"wp:term":[{"taxonomy":"product_brand","embeddable":true,"href":"https:\/\/www.esla.eu\/ca\/wp-json\/wp\/v2\/product_brand?post=6233"},{"taxonomy":"product_cat","embeddable":true,"href":"https:\/\/www.esla.eu\/ca\/wp-json\/wp\/v2\/product_cat?post=6233"},{"taxonomy":"product_tag","embeddable":true,"href":"https:\/\/www.esla.eu\/ca\/wp-json\/wp\/v2\/product_tag?post=6233"}],"curies":[{"name":"wp","href":"https:\/\/api.w.org\/{rel}","templated":true}]}}