{"id":6236,"date":"2024-03-18T11:22:09","date_gmt":"2024-03-18T10:22:09","guid":{"rendered":"https:\/\/esla.crealogica.eu\/productos\/sense%20categoria\/2010940-plataforma-mobil\/"},"modified":"2024-04-17T16:29:51","modified_gmt":"2024-04-17T14:29:51","slug":"2010940-plataforma-mobil","status":"publish","type":"product","link":"https:\/\/www.esla.eu\/ca\/productes\/solucions-especials\/plataformes-mobils\/2010940-plataforma-mobil\/","title":{"rendered":"2010940 &#8211; Plataforma m\u00f2bil"},"content":{"rendered":"<p>Plataforma m\u00f2bil en alumini per manteniment m\u00e0quines<\/p>\n<p>&#8211; 4 rodes amb sistema de frenada a l&#8217;hora 4 x 4<\/p>\n<p>&#8211; Portes laterals amb molla per acc\u00e9s<\/p>\n","protected":false},"excerpt":{"rendered":"<p>Plataforma m\u00f2bil en alumini per manteniment m\u00e0quines &#8211; 4 rodes amb sistema de frenada a l&#8217;hora 4 x 4 &#8211; Portes laterals amb molla per acc\u00e9s<\/p>\n","protected":false},"featured_media":3520,"template":"","meta":{"inline_featured_image":false},"product_brand":[],"product_cat":[77],"product_tag":[],"class_list":{"0":"post-6236","1":"product","2":"type-product","3":"status-publish","4":"has-post-thumbnail","6":"product_cat-plataformes-mobils","8":"first","9":"instock","10":"shipping-taxable","11":"product-type-simple"},"_links":{"self":[{"href":"https:\/\/www.esla.eu\/ca\/wp-json\/wp\/v2\/product\/6236","targetHints":{"allow":["GET"]}}],"collection":[{"href":"https:\/\/www.esla.eu\/ca\/wp-json\/wp\/v2\/product"}],"about":[{"href":"https:\/\/www.esla.eu\/ca\/wp-json\/wp\/v2\/types\/product"}],"wp:featuredmedia":[{"embeddable":true,"href":"https:\/\/www.esla.eu\/ca\/wp-json\/wp\/v2\/media\/3520"}],"wp:attachment":[{"href":"https:\/\/www.esla.eu\/ca\/wp-json\/wp\/v2\/media?parent=6236"}],"wp:term":[{"taxonomy":"product_brand","embeddable":true,"href":"https:\/\/www.esla.eu\/ca\/wp-json\/wp\/v2\/product_brand?post=6236"},{"taxonomy":"product_cat","embeddable":true,"href":"https:\/\/www.esla.eu\/ca\/wp-json\/wp\/v2\/product_cat?post=6236"},{"taxonomy":"product_tag","embeddable":true,"href":"https:\/\/www.esla.eu\/ca\/wp-json\/wp\/v2\/product_tag?post=6236"}],"curies":[{"name":"wp","href":"https:\/\/api.w.org\/{rel}","templated":true}]}}