{"id":6242,"date":"2024-03-18T11:59:17","date_gmt":"2024-03-18T10:59:17","guid":{"rendered":"https:\/\/esla.crealogica.eu\/productos\/sense%20categoria\/2001394-plataforma-fixe-dacces\/"},"modified":"2024-04-17T16:49:40","modified_gmt":"2024-04-17T14:49:40","slug":"2001394-plataforma-fixe-dacces","status":"publish","type":"product","link":"https:\/\/www.esla.eu\/ca\/productes\/solucions-especials\/plataformes-fixes-i-passarelles\/2001394-plataforma-fixe-dacces\/","title":{"rendered":"2001394 &#8211; \u200bPlataforma fixe d&#8217;acc\u00e9s"},"content":{"rendered":"<p>Plataforma fixe en alumini i tramex en fibra per acc\u00e9s a m\u00e0quina<\/p>\n","protected":false},"excerpt":{"rendered":"<p>Plataforma fixe en alumini i tramex en fibra per acc\u00e9s a m\u00e0quina<\/p>\n","protected":false},"featured_media":3917,"template":"","meta":{"inline_featured_image":false},"product_brand":[],"product_cat":[76],"product_tag":[],"class_list":{"0":"post-6242","1":"product","2":"type-product","3":"status-publish","4":"has-post-thumbnail","6":"product_cat-plataformes-fixes-i-passarelles","8":"first","9":"instock","10":"shipping-taxable","11":"product-type-simple"},"_links":{"self":[{"href":"https:\/\/www.esla.eu\/ca\/wp-json\/wp\/v2\/product\/6242","targetHints":{"allow":["GET"]}}],"collection":[{"href":"https:\/\/www.esla.eu\/ca\/wp-json\/wp\/v2\/product"}],"about":[{"href":"https:\/\/www.esla.eu\/ca\/wp-json\/wp\/v2\/types\/product"}],"wp:featuredmedia":[{"embeddable":true,"href":"https:\/\/www.esla.eu\/ca\/wp-json\/wp\/v2\/media\/3917"}],"wp:attachment":[{"href":"https:\/\/www.esla.eu\/ca\/wp-json\/wp\/v2\/media?parent=6242"}],"wp:term":[{"taxonomy":"product_brand","embeddable":true,"href":"https:\/\/www.esla.eu\/ca\/wp-json\/wp\/v2\/product_brand?post=6242"},{"taxonomy":"product_cat","embeddable":true,"href":"https:\/\/www.esla.eu\/ca\/wp-json\/wp\/v2\/product_cat?post=6242"},{"taxonomy":"product_tag","embeddable":true,"href":"https:\/\/www.esla.eu\/ca\/wp-json\/wp\/v2\/product_tag?post=6242"}],"curies":[{"name":"wp","href":"https:\/\/api.w.org\/{rel}","templated":true}]}}