{"id":6267,"date":"2024-03-18T10:43:24","date_gmt":"2024-03-18T09:43:24","guid":{"rendered":"https:\/\/esla.crealogica.eu\/productos\/sense%20categoria\/2030224-plataforma-mobil-dalumini-amb-doble-acces\/"},"modified":"2024-04-18T08:42:11","modified_gmt":"2024-04-18T06:42:11","slug":"2030224-plataforma-mobil-dalumini-amb-doble-acces","status":"publish","type":"product","link":"https:\/\/www.esla.eu\/ca\/productes\/solucions-especials\/plataformes-mobils\/2030224-plataforma-mobil-dalumini-amb-doble-acces\/","title":{"rendered":"2030224 &#8211; Plataforma m\u00f2bil d&#8217;alumini amb doble acc\u00e9s"},"content":{"rendered":"<p>-Bastidor inferior amb allotjament per les pales d&#8217;un carret\u00f3 elevador<\/p>\n<p>-Portes autom\u00e0tiques<\/p>\n<p>-Peces protectores de goma<\/p>\n","protected":false},"excerpt":{"rendered":"<p>-Bastidor inferior amb allotjament per les pales d&#8217;un carret\u00f3 elevador -Portes autom\u00e0tiques -Peces protectores de goma<\/p>\n","protected":false},"featured_media":3304,"template":"","meta":{"inline_featured_image":false},"product_brand":[],"product_cat":[77],"product_tag":[],"class_list":{"0":"post-6267","1":"product","2":"type-product","3":"status-publish","4":"has-post-thumbnail","6":"product_cat-plataformes-mobils","8":"first","9":"instock","10":"shipping-taxable","11":"product-type-simple"},"_links":{"self":[{"href":"https:\/\/www.esla.eu\/ca\/wp-json\/wp\/v2\/product\/6267","targetHints":{"allow":["GET"]}}],"collection":[{"href":"https:\/\/www.esla.eu\/ca\/wp-json\/wp\/v2\/product"}],"about":[{"href":"https:\/\/www.esla.eu\/ca\/wp-json\/wp\/v2\/types\/product"}],"wp:featuredmedia":[{"embeddable":true,"href":"https:\/\/www.esla.eu\/ca\/wp-json\/wp\/v2\/media\/3304"}],"wp:attachment":[{"href":"https:\/\/www.esla.eu\/ca\/wp-json\/wp\/v2\/media?parent=6267"}],"wp:term":[{"taxonomy":"product_brand","embeddable":true,"href":"https:\/\/www.esla.eu\/ca\/wp-json\/wp\/v2\/product_brand?post=6267"},{"taxonomy":"product_cat","embeddable":true,"href":"https:\/\/www.esla.eu\/ca\/wp-json\/wp\/v2\/product_cat?post=6267"},{"taxonomy":"product_tag","embeddable":true,"href":"https:\/\/www.esla.eu\/ca\/wp-json\/wp\/v2\/product_tag?post=6267"}],"curies":[{"name":"wp","href":"https:\/\/api.w.org\/{rel}","templated":true}]}}