{"id":6309,"date":"2024-03-18T10:50:56","date_gmt":"2024-03-18T09:50:56","guid":{"rendered":"https:\/\/esla.crealogica.eu\/productos\/sense%20categoria\/2011052-plataforma-per-manteniment-aeronautic\/"},"modified":"2024-04-18T09:10:22","modified_gmt":"2024-04-18T07:10:22","slug":"2011052-plataforma-per-manteniment-aeronautic","status":"publish","type":"product","link":"https:\/\/www.esla.eu\/ca\/productes\/solucions-especials\/plataformes-mobils\/2011052-plataforma-per-manteniment-aeronautic\/","title":{"rendered":"2011052 &#8211; Plataforma per manteniment aeron\u00e0utic"},"content":{"rendered":"<p>-Pintada en blanc per demanda del client<\/p>\n<p>-Porta autom\u00e0tica<\/p>\n<p>-Primer i \u00faltim gra\u00f3 amb senyals d&#8217;advert\u00e8ncia<\/p>\n<p>-Rodes especials amb protectors<\/p>\n<p>-Barres per fixar l&#8217;escala<\/p>\n<p>-Escala de 35\u00b0<\/p>\n","protected":false},"excerpt":{"rendered":"<p>-Pintada en blanc per demanda del client -Porta autom\u00e0tica -Primer i \u00faltim gra\u00f3 amb senyals d&#8217;advert\u00e8ncia -Rodes especials amb protectors -Barres per fixar l&#8217;escala -Escala de 35\u00b0<\/p>\n","protected":false},"featured_media":3364,"template":"","meta":{"inline_featured_image":false},"product_brand":[],"product_cat":[77],"product_tag":[],"class_list":{"0":"post-6309","1":"product","2":"type-product","3":"status-publish","4":"has-post-thumbnail","6":"product_cat-plataformes-mobils","8":"first","9":"instock","10":"shipping-taxable","11":"product-type-simple"},"_links":{"self":[{"href":"https:\/\/www.esla.eu\/ca\/wp-json\/wp\/v2\/product\/6309","targetHints":{"allow":["GET"]}}],"collection":[{"href":"https:\/\/www.esla.eu\/ca\/wp-json\/wp\/v2\/product"}],"about":[{"href":"https:\/\/www.esla.eu\/ca\/wp-json\/wp\/v2\/types\/product"}],"wp:featuredmedia":[{"embeddable":true,"href":"https:\/\/www.esla.eu\/ca\/wp-json\/wp\/v2\/media\/3364"}],"wp:attachment":[{"href":"https:\/\/www.esla.eu\/ca\/wp-json\/wp\/v2\/media?parent=6309"}],"wp:term":[{"taxonomy":"product_brand","embeddable":true,"href":"https:\/\/www.esla.eu\/ca\/wp-json\/wp\/v2\/product_brand?post=6309"},{"taxonomy":"product_cat","embeddable":true,"href":"https:\/\/www.esla.eu\/ca\/wp-json\/wp\/v2\/product_cat?post=6309"},{"taxonomy":"product_tag","embeddable":true,"href":"https:\/\/www.esla.eu\/ca\/wp-json\/wp\/v2\/product_tag?post=6309"}],"curies":[{"name":"wp","href":"https:\/\/api.w.org\/{rel}","templated":true}]}}