{"id":6315,"date":"2024-03-18T11:14:05","date_gmt":"2024-03-18T10:14:05","guid":{"rendered":"https:\/\/esla.crealogica.eu\/productos\/sense%20categoria\/2001434-plataforma-mobil\/"},"modified":"2024-04-18T09:13:21","modified_gmt":"2024-04-18T07:13:21","slug":"2001434-plataforma-mobil","status":"publish","type":"product","link":"https:\/\/www.esla.eu\/ca\/productes\/solucions-especials\/plataformes-mobils\/2001434-plataforma-mobil\/","title":{"rendered":"2001434 &#8211; Plataforma m\u00f2bil"},"content":{"rendered":"<p>Plataforma m\u00f2bil en alumini per manteniment d&#8217;helic\u00f2pters<\/p>\n<p>&#8211; Peus nivelladors<\/p>\n<p>&#8211; Volad\u00eds lateral<\/p>\n","protected":false},"excerpt":{"rendered":"<p>Plataforma m\u00f2bil en alumini per manteniment d&#8217;helic\u00f2pters &#8211; Peus nivelladors &#8211; Volad\u00eds lateral<\/p>\n","protected":false},"featured_media":3461,"template":"","meta":{"inline_featured_image":false},"product_brand":[],"product_cat":[77],"product_tag":[],"class_list":{"0":"post-6315","1":"product","2":"type-product","3":"status-publish","4":"has-post-thumbnail","6":"product_cat-plataformes-mobils","8":"first","9":"instock","10":"shipping-taxable","11":"product-type-simple"},"_links":{"self":[{"href":"https:\/\/www.esla.eu\/ca\/wp-json\/wp\/v2\/product\/6315","targetHints":{"allow":["GET"]}}],"collection":[{"href":"https:\/\/www.esla.eu\/ca\/wp-json\/wp\/v2\/product"}],"about":[{"href":"https:\/\/www.esla.eu\/ca\/wp-json\/wp\/v2\/types\/product"}],"wp:featuredmedia":[{"embeddable":true,"href":"https:\/\/www.esla.eu\/ca\/wp-json\/wp\/v2\/media\/3461"}],"wp:attachment":[{"href":"https:\/\/www.esla.eu\/ca\/wp-json\/wp\/v2\/media?parent=6315"}],"wp:term":[{"taxonomy":"product_brand","embeddable":true,"href":"https:\/\/www.esla.eu\/ca\/wp-json\/wp\/v2\/product_brand?post=6315"},{"taxonomy":"product_cat","embeddable":true,"href":"https:\/\/www.esla.eu\/ca\/wp-json\/wp\/v2\/product_cat?post=6315"},{"taxonomy":"product_tag","embeddable":true,"href":"https:\/\/www.esla.eu\/ca\/wp-json\/wp\/v2\/product_tag?post=6315"}],"curies":[{"name":"wp","href":"https:\/\/api.w.org\/{rel}","templated":true}]}}