{"id":6322,"date":"2024-03-18T11:15:57","date_gmt":"2024-03-18T10:15:57","guid":{"rendered":"https:\/\/esla.crealogica.eu\/productos\/sense%20categoria\/2010975-plataforma-mobil\/"},"modified":"2024-04-18T09:18:53","modified_gmt":"2024-04-18T07:18:53","slug":"2010975-plataforma-mobil","status":"publish","type":"product","link":"https:\/\/www.esla.eu\/ca\/productes\/solucions-especials\/plataformes-mobils\/2010975-plataforma-mobil\/","title":{"rendered":"2010975 &#8211; Plataforma m\u00f2bil"},"content":{"rendered":"<p>Plataforma m\u00f2bil en alumini per manteniment<\/p>\n<p>&#8211; Sortida lateral amb porta autom\u00e0tica<\/p>\n<p>&#8211; Volad\u00eds lateral<\/p>\n","protected":false},"excerpt":{"rendered":"<p>Plataforma m\u00f2bil en alumini per manteniment &#8211; Sortida lateral amb porta autom\u00e0tica &#8211; Volad\u00eds lateral<\/p>\n","protected":false},"featured_media":3477,"template":"","meta":{"inline_featured_image":false},"product_brand":[],"product_cat":[77],"product_tag":[],"class_list":{"0":"post-6322","1":"product","2":"type-product","3":"status-publish","4":"has-post-thumbnail","6":"product_cat-plataformes-mobils","8":"first","9":"instock","10":"shipping-taxable","11":"product-type-simple"},"_links":{"self":[{"href":"https:\/\/www.esla.eu\/ca\/wp-json\/wp\/v2\/product\/6322","targetHints":{"allow":["GET"]}}],"collection":[{"href":"https:\/\/www.esla.eu\/ca\/wp-json\/wp\/v2\/product"}],"about":[{"href":"https:\/\/www.esla.eu\/ca\/wp-json\/wp\/v2\/types\/product"}],"wp:featuredmedia":[{"embeddable":true,"href":"https:\/\/www.esla.eu\/ca\/wp-json\/wp\/v2\/media\/3477"}],"wp:attachment":[{"href":"https:\/\/www.esla.eu\/ca\/wp-json\/wp\/v2\/media?parent=6322"}],"wp:term":[{"taxonomy":"product_brand","embeddable":true,"href":"https:\/\/www.esla.eu\/ca\/wp-json\/wp\/v2\/product_brand?post=6322"},{"taxonomy":"product_cat","embeddable":true,"href":"https:\/\/www.esla.eu\/ca\/wp-json\/wp\/v2\/product_cat?post=6322"},{"taxonomy":"product_tag","embeddable":true,"href":"https:\/\/www.esla.eu\/ca\/wp-json\/wp\/v2\/product_tag?post=6322"}],"curies":[{"name":"wp","href":"https:\/\/api.w.org\/{rel}","templated":true}]}}