{"id":6353,"date":"2024-03-18T10:48:08","date_gmt":"2024-03-18T09:48:08","guid":{"rendered":"https:\/\/esla.crealogica.eu\/productos\/sense%20categoria\/2011319-plataforma-mobil-per-magatzem\/"},"modified":"2024-04-18T09:29:19","modified_gmt":"2024-04-18T07:29:19","slug":"2011319-plataforma-mobil-per-magatzem","status":"publish","type":"product","link":"https:\/\/www.esla.eu\/ca\/productes\/solucions-especials\/plataformes-mobils\/2011319-plataforma-mobil-per-magatzem\/","title":{"rendered":"2011319 &#8211; Plataforma m\u00f2bil per magatzem"},"content":{"rendered":"<p>&#8211; Escala de 60\u00b0<\/p>\n<p>&#8211; Baranes de protecci\u00f3<\/p>\n<p>&#8211; Volad\u00eds de 1600 mm<\/p>\n<p>&#8211; Estructura inferior avan\u00e7ada<\/p>\n<p>&#8211; Estructura inferior amb ferro 6 rodes per facilitar la mobilitat<\/p>\n","protected":false},"excerpt":{"rendered":"<p>&#8211; Escala de 60\u00b0 &#8211; Baranes de protecci\u00f3 &#8211; Volad\u00eds de 1600 mm &#8211; Estructura inferior avan\u00e7ada &#8211; Estructura inferior amb ferro 6 rodes per facilitar la mobilitat<\/p>\n","protected":false},"featured_media":3342,"template":"","meta":{"inline_featured_image":false},"product_brand":[],"product_cat":[77],"product_tag":[],"class_list":{"0":"post-6353","1":"product","2":"type-product","3":"status-publish","4":"has-post-thumbnail","6":"product_cat-plataformes-mobils","8":"first","9":"instock","10":"shipping-taxable","11":"product-type-simple"},"_links":{"self":[{"href":"https:\/\/www.esla.eu\/ca\/wp-json\/wp\/v2\/product\/6353","targetHints":{"allow":["GET"]}}],"collection":[{"href":"https:\/\/www.esla.eu\/ca\/wp-json\/wp\/v2\/product"}],"about":[{"href":"https:\/\/www.esla.eu\/ca\/wp-json\/wp\/v2\/types\/product"}],"wp:featuredmedia":[{"embeddable":true,"href":"https:\/\/www.esla.eu\/ca\/wp-json\/wp\/v2\/media\/3342"}],"wp:attachment":[{"href":"https:\/\/www.esla.eu\/ca\/wp-json\/wp\/v2\/media?parent=6353"}],"wp:term":[{"taxonomy":"product_brand","embeddable":true,"href":"https:\/\/www.esla.eu\/ca\/wp-json\/wp\/v2\/product_brand?post=6353"},{"taxonomy":"product_cat","embeddable":true,"href":"https:\/\/www.esla.eu\/ca\/wp-json\/wp\/v2\/product_cat?post=6353"},{"taxonomy":"product_tag","embeddable":true,"href":"https:\/\/www.esla.eu\/ca\/wp-json\/wp\/v2\/product_tag?post=6353"}],"curies":[{"name":"wp","href":"https:\/\/api.w.org\/{rel}","templated":true}]}}