{"id":6359,"date":"2024-03-18T11:42:40","date_gmt":"2024-03-18T10:42:40","guid":{"rendered":"https:\/\/esla.crealogica.eu\/productos\/sense%20categoria\/2001537-2001538-conjunt-de-plataformes-per-manteniment-de-maquina-de-la-industria-alimentaria\/"},"modified":"2024-04-18T09:31:44","modified_gmt":"2024-04-18T07:31:44","slug":"2001537-2001538-conjunt-de-plataformes-per-manteniment-de-maquina-de-la-industria-alimentaria","status":"publish","type":"product","link":"https:\/\/www.esla.eu\/ca\/productes\/solucions-especials\/plataformes-fixes-i-passarelles\/2001537-2001538-conjunt-de-plataformes-per-manteniment-de-maquina-de-la-industria-alimentaria\/","title":{"rendered":"2001537-2001538 &#8211; Conjunt de plataformes per manteniment de m\u00e0quina de la ind\u00fastria aliment\u00e0ria"},"content":{"rendered":"<p>&#8211; Dues plataformes fixes de 6,38 metres d&#8217;altura<\/p>\n<p>&#8211; Acc\u00e9s amb escala vertical<\/p>\n<p>&#8211; Estructura a diferents nivells<\/p>\n<p>&#8211; Baranes de protecci\u00f3 a tot el voltant<\/p>\n<p>&#8211; S&#8217;utilitza per fer manteniment de maquin\u00e0ria<\/p>\n","protected":false},"excerpt":{"rendered":"<p>&#8211; Dues plataformes fixes de 6,38 metres d&#8217;altura &#8211; Acc\u00e9s amb escala vertical &#8211; Estructura a diferents nivells &#8211; Baranes de protecci\u00f3 a tot el voltant &#8211; S&#8217;utilitza per fer manteniment de maquin\u00e0ria<\/p>\n","protected":false},"featured_media":3720,"template":"","meta":{"inline_featured_image":false},"product_brand":[],"product_cat":[76],"product_tag":[],"class_list":{"0":"post-6359","1":"product","2":"type-product","3":"status-publish","4":"has-post-thumbnail","6":"product_cat-plataformes-fixes-i-passarelles","8":"first","9":"instock","10":"shipping-taxable","11":"product-type-simple"},"_links":{"self":[{"href":"https:\/\/www.esla.eu\/ca\/wp-json\/wp\/v2\/product\/6359","targetHints":{"allow":["GET"]}}],"collection":[{"href":"https:\/\/www.esla.eu\/ca\/wp-json\/wp\/v2\/product"}],"about":[{"href":"https:\/\/www.esla.eu\/ca\/wp-json\/wp\/v2\/types\/product"}],"wp:featuredmedia":[{"embeddable":true,"href":"https:\/\/www.esla.eu\/ca\/wp-json\/wp\/v2\/media\/3720"}],"wp:attachment":[{"href":"https:\/\/www.esla.eu\/ca\/wp-json\/wp\/v2\/media?parent=6359"}],"wp:term":[{"taxonomy":"product_brand","embeddable":true,"href":"https:\/\/www.esla.eu\/ca\/wp-json\/wp\/v2\/product_brand?post=6359"},{"taxonomy":"product_cat","embeddable":true,"href":"https:\/\/www.esla.eu\/ca\/wp-json\/wp\/v2\/product_cat?post=6359"},{"taxonomy":"product_tag","embeddable":true,"href":"https:\/\/www.esla.eu\/ca\/wp-json\/wp\/v2\/product_tag?post=6359"}],"curies":[{"name":"wp","href":"https:\/\/api.w.org\/{rel}","templated":true}]}}