{"id":6383,"date":"2024-03-18T11:11:28","date_gmt":"2024-03-18T10:11:28","guid":{"rendered":"https:\/\/esla.crealogica.eu\/productos\/sense%20categoria\/2010932-plataforma-mobil\/"},"modified":"2024-04-18T09:39:53","modified_gmt":"2024-04-18T07:39:53","slug":"2010932-plataforma-mobil","status":"publish","type":"product","link":"https:\/\/www.esla.eu\/ca\/productes\/solucions-especials\/plataformes-mobils\/2010932-plataforma-mobil\/","title":{"rendered":"2010932 &#8211; Plataforma m\u00f2bil"},"content":{"rendered":"<p>Plataforma m\u00f2bil en alumini per manteniment industrial<\/p>\n<p>&#8211; Escala d&#8217;acc\u00e9s doble<\/p>\n<p>&#8211; Plataforma superior ajustada al contorn de la m\u00e0quina<\/p>\n<p>&#8211; Bastidor inferior en acer pintat<\/p>\n","protected":false},"excerpt":{"rendered":"<p>Plataforma m\u00f2bil en alumini per manteniment industrial &#8211; Escala d&#8217;acc\u00e9s doble &#8211; Plataforma superior ajustada al contorn de la m\u00e0quina &#8211; Bastidor inferior en acer pintat<\/p>\n","protected":false},"featured_media":3445,"template":"","meta":{"inline_featured_image":false},"product_brand":[],"product_cat":[77],"product_tag":[],"class_list":{"0":"post-6383","1":"product","2":"type-product","3":"status-publish","4":"has-post-thumbnail","6":"product_cat-plataformes-mobils","8":"first","9":"instock","10":"shipping-taxable","11":"product-type-simple"},"_links":{"self":[{"href":"https:\/\/www.esla.eu\/ca\/wp-json\/wp\/v2\/product\/6383","targetHints":{"allow":["GET"]}}],"collection":[{"href":"https:\/\/www.esla.eu\/ca\/wp-json\/wp\/v2\/product"}],"about":[{"href":"https:\/\/www.esla.eu\/ca\/wp-json\/wp\/v2\/types\/product"}],"wp:featuredmedia":[{"embeddable":true,"href":"https:\/\/www.esla.eu\/ca\/wp-json\/wp\/v2\/media\/3445"}],"wp:attachment":[{"href":"https:\/\/www.esla.eu\/ca\/wp-json\/wp\/v2\/media?parent=6383"}],"wp:term":[{"taxonomy":"product_brand","embeddable":true,"href":"https:\/\/www.esla.eu\/ca\/wp-json\/wp\/v2\/product_brand?post=6383"},{"taxonomy":"product_cat","embeddable":true,"href":"https:\/\/www.esla.eu\/ca\/wp-json\/wp\/v2\/product_cat?post=6383"},{"taxonomy":"product_tag","embeddable":true,"href":"https:\/\/www.esla.eu\/ca\/wp-json\/wp\/v2\/product_tag?post=6383"}],"curies":[{"name":"wp","href":"https:\/\/api.w.org\/{rel}","templated":true}]}}