{"id":6402,"date":"2024-03-18T11:20:13","date_gmt":"2024-03-18T10:20:13","guid":{"rendered":"https:\/\/esla.crealogica.eu\/productos\/sense%20categoria\/2011018-plataforma-mobil-dacces\/"},"modified":"2024-04-18T09:56:11","modified_gmt":"2024-04-18T07:56:11","slug":"2011018-plataforma-mobil-dacces","status":"publish","type":"product","link":"https:\/\/www.esla.eu\/ca\/productes\/solucions-especials\/plataformes-mobils\/2011018-plataforma-mobil-dacces\/","title":{"rendered":"2011018 &#8211; Plataforma m\u00f2bil d&#8217;acc\u00e9s"},"content":{"rendered":"<p>Plataforma m\u00f2bil en alumini per acc\u00e9s a tren<\/p>\n<p>&#8211; Rodes triples<\/p>\n<p>&#8211; Peus nivelladors<\/p>\n<p>&#8211; Proteccions<\/p>\n","protected":false},"excerpt":{"rendered":"<p>Plataforma m\u00f2bil en alumini per acc\u00e9s a tren &#8211; Rodes triples &#8211; Peus nivelladors &#8211; Proteccions<\/p>\n","protected":false},"featured_media":3509,"template":"","meta":{"inline_featured_image":false},"product_brand":[],"product_cat":[77],"product_tag":[],"class_list":{"0":"post-6402","1":"product","2":"type-product","3":"status-publish","4":"has-post-thumbnail","6":"product_cat-plataformes-mobils","8":"first","9":"instock","10":"shipping-taxable","11":"product-type-simple"},"_links":{"self":[{"href":"https:\/\/www.esla.eu\/ca\/wp-json\/wp\/v2\/product\/6402","targetHints":{"allow":["GET"]}}],"collection":[{"href":"https:\/\/www.esla.eu\/ca\/wp-json\/wp\/v2\/product"}],"about":[{"href":"https:\/\/www.esla.eu\/ca\/wp-json\/wp\/v2\/types\/product"}],"wp:featuredmedia":[{"embeddable":true,"href":"https:\/\/www.esla.eu\/ca\/wp-json\/wp\/v2\/media\/3509"}],"wp:attachment":[{"href":"https:\/\/www.esla.eu\/ca\/wp-json\/wp\/v2\/media?parent=6402"}],"wp:term":[{"taxonomy":"product_brand","embeddable":true,"href":"https:\/\/www.esla.eu\/ca\/wp-json\/wp\/v2\/product_brand?post=6402"},{"taxonomy":"product_cat","embeddable":true,"href":"https:\/\/www.esla.eu\/ca\/wp-json\/wp\/v2\/product_cat?post=6402"},{"taxonomy":"product_tag","embeddable":true,"href":"https:\/\/www.esla.eu\/ca\/wp-json\/wp\/v2\/product_tag?post=6402"}],"curies":[{"name":"wp","href":"https:\/\/api.w.org\/{rel}","templated":true}]}}