{"id":6415,"date":"2024-03-18T11:26:39","date_gmt":"2024-03-18T10:26:39","guid":{"rendered":"https:\/\/esla.crealogica.eu\/productos\/sense%20categoria\/2030166-pont-mobil-de-doble-acces\/"},"modified":"2024-04-18T10:01:00","modified_gmt":"2024-04-18T08:01:00","slug":"2030166-pont-mobil-de-doble-acces","status":"publish","type":"product","link":"https:\/\/www.esla.eu\/ca\/productes\/solucions-especials\/ponts\/2030166-pont-mobil-de-doble-acces\/","title":{"rendered":"2030166 &#8211; Pont m\u00f2bil de doble acc\u00e9s"},"content":{"rendered":"<p>Pont m\u00f2bil en alumini<\/p>\n<p>&#8211; Doble acc\u00e9s<\/p>\n<p>&#8211; Longitud 3.000 mm x al\u00e7ada 4.000 m<\/p>\n<p>&#8211; Baranes pintades en groc<\/p>\n","protected":false},"excerpt":{"rendered":"<p>Pont m\u00f2bil en alumini &#8211; Doble acc\u00e9s &#8211; Longitud 3.000 mm x al\u00e7ada 4.000 m &#8211; Baranes pintades en groc<\/p>\n","protected":false},"featured_media":3563,"template":"","meta":{"inline_featured_image":false},"product_brand":[],"product_cat":[79],"product_tag":[],"class_list":{"0":"post-6415","1":"product","2":"type-product","3":"status-publish","4":"has-post-thumbnail","6":"product_cat-ponts","8":"first","9":"instock","10":"shipping-taxable","11":"product-type-simple"},"_links":{"self":[{"href":"https:\/\/www.esla.eu\/ca\/wp-json\/wp\/v2\/product\/6415","targetHints":{"allow":["GET"]}}],"collection":[{"href":"https:\/\/www.esla.eu\/ca\/wp-json\/wp\/v2\/product"}],"about":[{"href":"https:\/\/www.esla.eu\/ca\/wp-json\/wp\/v2\/types\/product"}],"wp:featuredmedia":[{"embeddable":true,"href":"https:\/\/www.esla.eu\/ca\/wp-json\/wp\/v2\/media\/3563"}],"wp:attachment":[{"href":"https:\/\/www.esla.eu\/ca\/wp-json\/wp\/v2\/media?parent=6415"}],"wp:term":[{"taxonomy":"product_brand","embeddable":true,"href":"https:\/\/www.esla.eu\/ca\/wp-json\/wp\/v2\/product_brand?post=6415"},{"taxonomy":"product_cat","embeddable":true,"href":"https:\/\/www.esla.eu\/ca\/wp-json\/wp\/v2\/product_cat?post=6415"},{"taxonomy":"product_tag","embeddable":true,"href":"https:\/\/www.esla.eu\/ca\/wp-json\/wp\/v2\/product_tag?post=6415"}],"curies":[{"name":"wp","href":"https:\/\/api.w.org\/{rel}","templated":true}]}}