{"id":6421,"date":"2024-03-18T11:33:01","date_gmt":"2024-03-18T10:33:01","guid":{"rendered":"https:\/\/esla.crealogica.eu\/productos\/sense%20categoria\/2001386-passarella-fixe-per-manteniment-maquina\/"},"modified":"2024-04-18T10:03:23","modified_gmt":"2024-04-18T08:03:23","slug":"2001386-passarella-fixe-per-manteniment-maquina","status":"publish","type":"product","link":"https:\/\/www.esla.eu\/ca\/productes\/solucions-especials\/plataformes-fixes-i-passarelles\/2001386-passarella-fixe-per-manteniment-maquina\/","title":{"rendered":"2001386 &#8211; Passarel\u00b7la fixe per manteniment m\u00e0quina"},"content":{"rendered":"<p>&#8211; Escales d&#8217;acc\u00e9s a 45<\/p>\n<p>&#8211; Baranes de protecci\u00f3 en tot el per\u00edmetre<\/p>\n","protected":false},"excerpt":{"rendered":"<p>&#8211; Escales d&#8217;acc\u00e9s a 45 &#8211; Baranes de protecci\u00f3 en tot el per\u00edmetre<\/p>\n","protected":false},"featured_media":3607,"template":"","meta":{"inline_featured_image":false},"product_brand":[],"product_cat":[76],"product_tag":[],"class_list":{"0":"post-6421","1":"product","2":"type-product","3":"status-publish","4":"has-post-thumbnail","6":"product_cat-plataformes-fixes-i-passarelles","8":"first","9":"instock","10":"shipping-taxable","11":"product-type-simple"},"_links":{"self":[{"href":"https:\/\/www.esla.eu\/ca\/wp-json\/wp\/v2\/product\/6421","targetHints":{"allow":["GET"]}}],"collection":[{"href":"https:\/\/www.esla.eu\/ca\/wp-json\/wp\/v2\/product"}],"about":[{"href":"https:\/\/www.esla.eu\/ca\/wp-json\/wp\/v2\/types\/product"}],"wp:featuredmedia":[{"embeddable":true,"href":"https:\/\/www.esla.eu\/ca\/wp-json\/wp\/v2\/media\/3607"}],"wp:attachment":[{"href":"https:\/\/www.esla.eu\/ca\/wp-json\/wp\/v2\/media?parent=6421"}],"wp:term":[{"taxonomy":"product_brand","embeddable":true,"href":"https:\/\/www.esla.eu\/ca\/wp-json\/wp\/v2\/product_brand?post=6421"},{"taxonomy":"product_cat","embeddable":true,"href":"https:\/\/www.esla.eu\/ca\/wp-json\/wp\/v2\/product_cat?post=6421"},{"taxonomy":"product_tag","embeddable":true,"href":"https:\/\/www.esla.eu\/ca\/wp-json\/wp\/v2\/product_tag?post=6421"}],"curies":[{"name":"wp","href":"https:\/\/api.w.org\/{rel}","templated":true}]}}