{"id":6433,"date":"2024-03-18T11:25:04","date_gmt":"2024-03-18T10:25:04","guid":{"rendered":"https:\/\/esla.crealogica.eu\/productos\/sense%20categoria\/2030152-pont-mobil\/"},"modified":"2024-04-18T10:06:54","modified_gmt":"2024-04-18T08:06:54","slug":"2030152-pont-mobil","status":"publish","type":"product","link":"https:\/\/www.esla.eu\/ca\/productes\/solucions-especials\/ponts\/2030152-pont-mobil\/","title":{"rendered":"2030152 &#8211; Pont m\u00f2bil"},"content":{"rendered":"<p>Pont m\u00f2bil en alumini per manteniment linea en un centre log\u00edstic<\/p>\n<p>&#8211; Acc\u00e9s amb escala articulada<\/p>\n<p>&#8211; Longitud 5.500 mm x al\u00e7ada 4.000 mm<\/p>\n","protected":false},"excerpt":{"rendered":"<p>Pont m\u00f2bil en alumini per manteniment linea en un centre log\u00edstic &#8211; Acc\u00e9s amb escala articulada &#8211; Longitud 5.500 mm x al\u00e7ada 4.000 mm<\/p>\n","protected":false},"featured_media":3526,"template":"","meta":{"inline_featured_image":false},"product_brand":[],"product_cat":[79],"product_tag":[],"class_list":{"0":"post-6433","1":"product","2":"type-product","3":"status-publish","4":"has-post-thumbnail","6":"product_cat-ponts","8":"first","9":"instock","10":"shipping-taxable","11":"product-type-simple"},"_links":{"self":[{"href":"https:\/\/www.esla.eu\/ca\/wp-json\/wp\/v2\/product\/6433","targetHints":{"allow":["GET"]}}],"collection":[{"href":"https:\/\/www.esla.eu\/ca\/wp-json\/wp\/v2\/product"}],"about":[{"href":"https:\/\/www.esla.eu\/ca\/wp-json\/wp\/v2\/types\/product"}],"wp:featuredmedia":[{"embeddable":true,"href":"https:\/\/www.esla.eu\/ca\/wp-json\/wp\/v2\/media\/3526"}],"wp:attachment":[{"href":"https:\/\/www.esla.eu\/ca\/wp-json\/wp\/v2\/media?parent=6433"}],"wp:term":[{"taxonomy":"product_brand","embeddable":true,"href":"https:\/\/www.esla.eu\/ca\/wp-json\/wp\/v2\/product_brand?post=6433"},{"taxonomy":"product_cat","embeddable":true,"href":"https:\/\/www.esla.eu\/ca\/wp-json\/wp\/v2\/product_cat?post=6433"},{"taxonomy":"product_tag","embeddable":true,"href":"https:\/\/www.esla.eu\/ca\/wp-json\/wp\/v2\/product_tag?post=6433"}],"curies":[{"name":"wp","href":"https:\/\/api.w.org\/{rel}","templated":true}]}}