{"id":6439,"date":"2024-03-18T11:54:40","date_gmt":"2024-03-18T10:54:40","guid":{"rendered":"https:\/\/esla.crealogica.eu\/productos\/sense%20categoria\/2001471-passarella-amb-escala-vertical-dacces\/"},"modified":"2024-04-18T10:08:39","modified_gmt":"2024-04-18T08:08:39","slug":"2001471-passarella-amb-escala-vertical-dacces","status":"publish","type":"product","link":"https:\/\/www.esla.eu\/ca\/productes\/solucions-especials\/plataformes-fixes-i-passarelles\/2001471-passarella-amb-escala-vertical-dacces\/","title":{"rendered":"2001471 &#8211; Passarel\u00b7la amb escala vertical d&#8217;acc\u00e9s"},"content":{"rendered":"<p>Passarel.la per manteniment<\/p>\n<p>&#8211; Acc\u00e9s amb escala vertical<\/p>\n<p>&#8211; La passarel.la est\u00e0 fixada a la estructura del magatzem<\/p>\n<p>&#8211; Instal.laci\u00f3 realitzada pels nostres muntadors<\/p>\n","protected":false},"excerpt":{"rendered":"<p>Passarel.la per manteniment &#8211; Acc\u00e9s amb escala vertical &#8211; La passarel.la est\u00e0 fixada a la estructura del magatzem &#8211; Instal.laci\u00f3 realitzada pels nostres muntadors<\/p>\n","protected":false},"featured_media":3785,"template":"","meta":{"inline_featured_image":false},"product_brand":[],"product_cat":[76],"product_tag":[],"class_list":{"0":"post-6439","1":"product","2":"type-product","3":"status-publish","4":"has-post-thumbnail","6":"product_cat-plataformes-fixes-i-passarelles","8":"first","9":"instock","10":"shipping-taxable","11":"product-type-simple"},"_links":{"self":[{"href":"https:\/\/www.esla.eu\/ca\/wp-json\/wp\/v2\/product\/6439","targetHints":{"allow":["GET"]}}],"collection":[{"href":"https:\/\/www.esla.eu\/ca\/wp-json\/wp\/v2\/product"}],"about":[{"href":"https:\/\/www.esla.eu\/ca\/wp-json\/wp\/v2\/types\/product"}],"wp:featuredmedia":[{"embeddable":true,"href":"https:\/\/www.esla.eu\/ca\/wp-json\/wp\/v2\/media\/3785"}],"wp:attachment":[{"href":"https:\/\/www.esla.eu\/ca\/wp-json\/wp\/v2\/media?parent=6439"}],"wp:term":[{"taxonomy":"product_brand","embeddable":true,"href":"https:\/\/www.esla.eu\/ca\/wp-json\/wp\/v2\/product_brand?post=6439"},{"taxonomy":"product_cat","embeddable":true,"href":"https:\/\/www.esla.eu\/ca\/wp-json\/wp\/v2\/product_cat?post=6439"},{"taxonomy":"product_tag","embeddable":true,"href":"https:\/\/www.esla.eu\/ca\/wp-json\/wp\/v2\/product_tag?post=6439"}],"curies":[{"name":"wp","href":"https:\/\/api.w.org\/{rel}","templated":true}]}}