{"id":6445,"date":"2024-03-18T11:49:57","date_gmt":"2024-03-18T10:49:57","guid":{"rendered":"https:\/\/esla.crealogica.eu\/productos\/sense%20categoria\/2001472-passarel-la-amb-doble-escala-dacces\/"},"modified":"2024-04-18T10:10:20","modified_gmt":"2024-04-18T08:10:20","slug":"2001472-passarel-la-amb-doble-escala-dacces","status":"publish","type":"product","link":"https:\/\/www.esla.eu\/ca\/productes\/solucions-especials\/plataformes-fixes-i-passarelles\/2001472-passarel-la-amb-doble-escala-dacces\/","title":{"rendered":"2001472 &#8211; Passarel.la amb doble escala d&#8217;acc\u00e9s"},"content":{"rendered":"<p>Passarel.la en alumini per manteniment<\/p>\n<p>&#8211; Acc\u00e9s amb doble escala 60\u00b0<\/p>\n<p>&#8211; La passarel.la est\u00e0 fixada als dip\u00f2sits<\/p>\n<p>&#8211; Instal.laci\u00f3 realitzada pels nostres muntadors<\/p>\n","protected":false},"excerpt":{"rendered":"<p>Passarel.la en alumini per manteniment &#8211; Acc\u00e9s amb doble escala 60\u00b0 &#8211; La passarel.la est\u00e0 fixada als dip\u00f2sits &#8211; Instal.laci\u00f3 realitzada pels nostres muntadors<\/p>\n","protected":false},"featured_media":3773,"template":"","meta":{"inline_featured_image":false},"product_brand":[],"product_cat":[76],"product_tag":[],"class_list":{"0":"post-6445","1":"product","2":"type-product","3":"status-publish","4":"has-post-thumbnail","6":"product_cat-plataformes-fixes-i-passarelles","8":"first","9":"instock","10":"shipping-taxable","11":"product-type-simple"},"_links":{"self":[{"href":"https:\/\/www.esla.eu\/ca\/wp-json\/wp\/v2\/product\/6445","targetHints":{"allow":["GET"]}}],"collection":[{"href":"https:\/\/www.esla.eu\/ca\/wp-json\/wp\/v2\/product"}],"about":[{"href":"https:\/\/www.esla.eu\/ca\/wp-json\/wp\/v2\/types\/product"}],"wp:featuredmedia":[{"embeddable":true,"href":"https:\/\/www.esla.eu\/ca\/wp-json\/wp\/v2\/media\/3773"}],"wp:attachment":[{"href":"https:\/\/www.esla.eu\/ca\/wp-json\/wp\/v2\/media?parent=6445"}],"wp:term":[{"taxonomy":"product_brand","embeddable":true,"href":"https:\/\/www.esla.eu\/ca\/wp-json\/wp\/v2\/product_brand?post=6445"},{"taxonomy":"product_cat","embeddable":true,"href":"https:\/\/www.esla.eu\/ca\/wp-json\/wp\/v2\/product_cat?post=6445"},{"taxonomy":"product_tag","embeddable":true,"href":"https:\/\/www.esla.eu\/ca\/wp-json\/wp\/v2\/product_tag?post=6445"}],"curies":[{"name":"wp","href":"https:\/\/api.w.org\/{rel}","templated":true}]}}