{"id":6451,"date":"2024-03-18T11:57:50","date_gmt":"2024-03-18T10:57:50","guid":{"rendered":"https:\/\/esla.crealogica.eu\/productos\/sense%20categoria\/2001422-plataforma-fixe-amb-escala-vertical-dacces\/"},"modified":"2024-04-18T10:11:55","modified_gmt":"2024-04-18T08:11:55","slug":"2001422-plataforma-fixe-amb-escala-vertical-dacces","status":"publish","type":"product","link":"https:\/\/www.esla.eu\/ca\/productes\/solucions-especials\/plataformes-fixes-i-passarelles\/2001422-plataforma-fixe-amb-escala-vertical-dacces\/","title":{"rendered":"2001422 &#8211; Plataforma fixe amb escala vertical d&#8217;acc\u00e9s"},"content":{"rendered":"<p>Plataforma fixe amb acc\u00e9s vertical<\/p>\n<p>&#8211; \u00c0mplia plataforma 1830 x 2995 mm<\/p>\n<p>&#8211; Al\u00e7ada 3119 mm<\/p>\n<p>&#8211; La superf\u00edcie de la plataforma \u00e9s de fusta<\/p>\n<p>&#8211; Baranes amb diferents mides per adaptar-se a la zona de treball, i rodapeus en tot el per\u00edmetre<\/p>\n<p>&#8211; Escala d&#8217;acc\u00e9s amb aros de protecci\u00f3<\/p>\n<p>&#8211; Instal.laci\u00f3 realitzada pels nostres muntadors<\/p>\n","protected":false},"excerpt":{"rendered":"<p>Plataforma fixe amb acc\u00e9s vertical &#8211; \u00c0mplia plataforma 1830 x 2995 mm &#8211; Al\u00e7ada 3119 mm &#8211; La superf\u00edcie de la plataforma \u00e9s de fusta &#8211; Baranes amb diferents mides per adaptar-se a la zona de treball, i rodapeus en tot el per\u00edmetre &#8211; Escala d&#8217;acc\u00e9s amb aros de protecci\u00f3 &#8211; Instal.laci\u00f3 realitzada pels nostres [&hellip;]<\/p>\n","protected":false},"featured_media":3853,"template":"","meta":{"inline_featured_image":false},"product_brand":[],"product_cat":[76],"product_tag":[],"class_list":{"0":"post-6451","1":"product","2":"type-product","3":"status-publish","4":"has-post-thumbnail","6":"product_cat-plataformes-fixes-i-passarelles","8":"first","9":"instock","10":"shipping-taxable","11":"product-type-simple"},"_links":{"self":[{"href":"https:\/\/www.esla.eu\/ca\/wp-json\/wp\/v2\/product\/6451","targetHints":{"allow":["GET"]}}],"collection":[{"href":"https:\/\/www.esla.eu\/ca\/wp-json\/wp\/v2\/product"}],"about":[{"href":"https:\/\/www.esla.eu\/ca\/wp-json\/wp\/v2\/types\/product"}],"wp:featuredmedia":[{"embeddable":true,"href":"https:\/\/www.esla.eu\/ca\/wp-json\/wp\/v2\/media\/3853"}],"wp:attachment":[{"href":"https:\/\/www.esla.eu\/ca\/wp-json\/wp\/v2\/media?parent=6451"}],"wp:term":[{"taxonomy":"product_brand","embeddable":true,"href":"https:\/\/www.esla.eu\/ca\/wp-json\/wp\/v2\/product_brand?post=6451"},{"taxonomy":"product_cat","embeddable":true,"href":"https:\/\/www.esla.eu\/ca\/wp-json\/wp\/v2\/product_cat?post=6451"},{"taxonomy":"product_tag","embeddable":true,"href":"https:\/\/www.esla.eu\/ca\/wp-json\/wp\/v2\/product_tag?post=6451"}],"curies":[{"name":"wp","href":"https:\/\/api.w.org\/{rel}","templated":true}]}}