{"id":6457,"date":"2024-03-18T12:25:43","date_gmt":"2024-03-18T11:25:43","guid":{"rendered":"https:\/\/esla.crealogica.eu\/productos\/sense%20categoria\/2010877-plataforma-en-alumini-movil-regulable-en-alcada\/"},"modified":"2024-04-18T10:14:08","modified_gmt":"2024-04-18T08:14:08","slug":"2010877-plataforma-en-alumini-movil-regulable-en-alcada","status":"publish","type":"product","link":"https:\/\/www.esla.eu\/ca\/productes\/solucions-especials\/plataformes-regulables-i-remolcables\/2010877-plataforma-en-alumini-movil-regulable-en-alcada\/","title":{"rendered":"2010877 &#8211; Plataforma en alumini m\u00f2vil regulable en al\u00e7ada"},"content":{"rendered":"<p>&#8211; Dissenyada per treballar al sostre del cami\u00f3 per realitzar tasques de manteniment.<\/p>\n<p>&#8211; Cubreix una regulaci\u00f3 d&#8217;entre 2660 a 4100 mm. S&#8217;acciona de manera manual mitjant\u00e7ant una manivela i una cremallera.<\/p>\n<p>&#8211; Conjunt superior de baranes que delimita un espai de 2,100 x 2,200 mm per poder treballar de forma segura. Als extrems hi trobem uns suports extensibles que permeten ajustar-lo al sostre del cami\u00f3.<\/p>\n<p>&#8211; Equipada amb 4 rodes girat\u00f2ries per maniobrar sense problemes en espais redu\u00efts, i peus nivelladors per millorar l&#8217;estabilitat en la posici\u00f3 de treball<\/p>\n<p>&#8211; Plataforma superior per facilitar el desembarcament. En el seu extrem t\u00e9 proteccions de goma per evitar colpejar el veh\u00edcle.<\/p>\n","protected":false},"excerpt":{"rendered":"<p>&#8211; Dissenyada per treballar al sostre del cami\u00f3 per realitzar tasques de manteniment. &#8211; Cubreix una regulaci\u00f3 d&#8217;entre 2660 a 4100 mm. S&#8217;acciona de manera manual mitjant\u00e7ant una manivela i una cremallera. &#8211; Conjunt superior de baranes que delimita un espai de 2,100 x 2,200 mm per poder treballar de forma segura. Als extrems hi [&hellip;]<\/p>\n","protected":false},"featured_media":4060,"template":"","meta":{"inline_featured_image":false},"product_brand":[],"product_cat":[78],"product_tag":[],"class_list":{"0":"post-6457","1":"product","2":"type-product","3":"status-publish","4":"has-post-thumbnail","6":"product_cat-plataformes-regulables-i-remolcables","8":"first","9":"instock","10":"shipping-taxable","11":"product-type-simple"},"_links":{"self":[{"href":"https:\/\/www.esla.eu\/ca\/wp-json\/wp\/v2\/product\/6457","targetHints":{"allow":["GET"]}}],"collection":[{"href":"https:\/\/www.esla.eu\/ca\/wp-json\/wp\/v2\/product"}],"about":[{"href":"https:\/\/www.esla.eu\/ca\/wp-json\/wp\/v2\/types\/product"}],"wp:featuredmedia":[{"embeddable":true,"href":"https:\/\/www.esla.eu\/ca\/wp-json\/wp\/v2\/media\/4060"}],"wp:attachment":[{"href":"https:\/\/www.esla.eu\/ca\/wp-json\/wp\/v2\/media?parent=6457"}],"wp:term":[{"taxonomy":"product_brand","embeddable":true,"href":"https:\/\/www.esla.eu\/ca\/wp-json\/wp\/v2\/product_brand?post=6457"},{"taxonomy":"product_cat","embeddable":true,"href":"https:\/\/www.esla.eu\/ca\/wp-json\/wp\/v2\/product_cat?post=6457"},{"taxonomy":"product_tag","embeddable":true,"href":"https:\/\/www.esla.eu\/ca\/wp-json\/wp\/v2\/product_tag?post=6457"}],"curies":[{"name":"wp","href":"https:\/\/api.w.org\/{rel}","templated":true}]}}