{"id":6479,"date":"2024-03-13T07:48:35","date_gmt":"2024-03-13T06:48:35","guid":{"rendered":"https:\/\/esla.crealogica.eu\/productos\/sense%20categoria\/10103-10105-10100-plataforma-de-treball-mobil-35-45-60-en131-7\/"},"modified":"2025-05-29T16:05:59","modified_gmt":"2025-05-29T14:05:59","slug":"10103-10105-10100-plataforma-de-treball-mobil-35-45-60-en131-7","status":"publish","type":"product","link":"https:\/\/www.esla.eu\/ca\/productes\/escales-amb-plataforma\/plataformes-de-treball\/10103-10105-10100-plataforma-de-treball-mobil-35-45-60-en131-7\/","title":{"rendered":"10103\/10105\/10100 &#8211; Plataforma de treball m\u00f2bil 35\u00b0\/45\u00b0\/60\u00b0 EN131-7"},"content":{"rendered":"<p style=\"font-weight: 400;\"><b><strong>Caracter\u00edstiques a destacar<\/strong><\/b><\/p>\n<p style=\"font-weight: 400;\">ELS ESTABILITZADORS ES PODEN RECORTAR COL\u00b7LOCANT CONTRAPESSOS. Demanar pressupost<\/p>\n<p style=\"font-weight: 400;\">LES PLATAFORMES ESTAN DISSENYADES PER A \u00daS INTERIOR, EN CAS D&#8217;\u00daS EXTERIOR CONSULTAR<\/p>\n<p style=\"font-weight: 400;\"><b><strong>Altres detalls<\/strong><\/b><\/p>\n<p style=\"font-weight: 400;\">Perfileria extrusionada.<\/p>\n<p style=\"font-weight: 400;\">Fixa amb rodes.<\/p>\n<p style=\"font-weight: 400;\">Resist\u00e8ncia horitzontal a la bolcada 30 quilos.<\/p>\n<p style=\"font-weight: 400;\">Rodes posteriors 150 mm (a partir de 7 esglaons 200 mm) amb fre de palanca.<\/p>\n<p style=\"font-weight: 400;\">Nanses davanteres per agafar.<\/p>\n<p style=\"font-weight: 400;\">La plataforma porta incorporades 2 baranes.<\/p>\n","protected":false},"excerpt":{"rendered":"<p>Caracter\u00edstiques a destacar ELS ESTABILITZADORS ES PODEN RECORTAR COL\u00b7LOCANT CONTRAPESSOS. Demanar pressupost LES PLATAFORMES ESTAN DISSENYADES PER A \u00daS INTERIOR, EN CAS D&#8217;\u00daS EXTERIOR CONSULTAR Altres detalls Perfileria extrusionada. Fixa amb rodes. Resist\u00e8ncia horitzontal a la bolcada 30 quilos. Rodes posteriors 150 mm (a partir de 7 esglaons 200 mm) amb fre de palanca. Nanses [&hellip;]<\/p>\n","protected":false},"featured_media":4481,"template":"","meta":{"inline_featured_image":false},"product_brand":[],"product_cat":[70],"product_tag":[],"class_list":{"0":"post-6479","1":"product","2":"type-product","3":"status-publish","4":"has-post-thumbnail","6":"product_cat-plataformes-de-treball","8":"first","9":"instock","10":"shipping-taxable","11":"purchasable","12":"product-type-variable"},"_links":{"self":[{"href":"https:\/\/www.esla.eu\/ca\/wp-json\/wp\/v2\/product\/6479","targetHints":{"allow":["GET"]}}],"collection":[{"href":"https:\/\/www.esla.eu\/ca\/wp-json\/wp\/v2\/product"}],"about":[{"href":"https:\/\/www.esla.eu\/ca\/wp-json\/wp\/v2\/types\/product"}],"wp:featuredmedia":[{"embeddable":true,"href":"https:\/\/www.esla.eu\/ca\/wp-json\/wp\/v2\/media\/4481"}],"wp:attachment":[{"href":"https:\/\/www.esla.eu\/ca\/wp-json\/wp\/v2\/media?parent=6479"}],"wp:term":[{"taxonomy":"product_brand","embeddable":true,"href":"https:\/\/www.esla.eu\/ca\/wp-json\/wp\/v2\/product_brand?post=6479"},{"taxonomy":"product_cat","embeddable":true,"href":"https:\/\/www.esla.eu\/ca\/wp-json\/wp\/v2\/product_cat?post=6479"},{"taxonomy":"product_tag","embeddable":true,"href":"https:\/\/www.esla.eu\/ca\/wp-json\/wp\/v2\/product_tag?post=6479"}],"curies":[{"name":"wp","href":"https:\/\/api.w.org\/{rel}","templated":true}]}}