{"id":6520,"date":"2024-03-14T12:03:50","date_gmt":"2024-03-14T11:03:50","guid":{"rendered":"https:\/\/esla.crealogica.eu\/productos\/sense%20categoria\/10102-plataforma-de-treball-mobil-plegable-60-en131-7\/"},"modified":"2025-05-29T16:05:51","modified_gmt":"2025-05-29T14:05:51","slug":"10102-plataforma-de-treball-mobil-plegable-60-en131-7","status":"publish","type":"product","link":"https:\/\/www.esla.eu\/ca\/productes\/escales-amb-plataforma\/plataformes-de-treball\/10102-plataforma-de-treball-mobil-plegable-60-en131-7\/","title":{"rendered":"10102 &#8211; Plataforma de treball m\u00f2bil plegable 60\u00b0 EN131-7"},"content":{"rendered":"<p style=\"font-weight: 400;\"><b><strong>Caracter\u00edstiques a destacar<\/strong><\/b><\/p>\n<p style=\"font-weight: 400;\">LES PLATAFORMES ESTAN DISSENYADES PER A \u00daS INTERIOR, EN CAS D&#8217;\u00daS EXTERIOR CONSULTAR<\/p>\n<p style=\"font-weight: 400;\">Al\u00e7ada m\u00e0xima de treball aproximada (mts): 5<\/p>\n<p style=\"font-weight: 400;\">Inclinaci\u00f3 \u00b0: 60<\/p>\n<p style=\"font-weight: 400;\">Esgla\u00f3 (mm): 200<\/p>\n<p style=\"font-weight: 400;\">Separaci\u00f3 esglaons (mm): 250<\/p>\n<p style=\"font-weight: 400;\"><b><strong>Altres detalls<\/strong><\/b><\/p>\n<p style=\"font-weight: 400;\">Perfileria extrusionada.<\/p>\n<p style=\"font-weight: 400;\">Plegable amb rodes.<\/p>\n<p style=\"font-weight: 400;\">Plataforma 600 x 600.<\/p>\n<p style=\"font-weight: 400;\">Resist\u00e8ncia horitzontal a la bolcada 30 quilos.<\/p>\n<p style=\"font-weight: 400;\">Rodes posteriors 150 mm amb fre de palanca.<\/p>\n<p style=\"font-weight: 400;\">Nanses davanteres per agafar.<\/p>\n","protected":false},"excerpt":{"rendered":"<p>Caracter\u00edstiques a destacar LES PLATAFORMES ESTAN DISSENYADES PER A \u00daS INTERIOR, EN CAS D&#8217;\u00daS EXTERIOR CONSULTAR Al\u00e7ada m\u00e0xima de treball aproximada (mts): 5 Inclinaci\u00f3 \u00b0: 60 Esgla\u00f3 (mm): 200 Separaci\u00f3 esglaons (mm): 250 Altres detalls Perfileria extrusionada. Plegable amb rodes. Plataforma 600 x 600. Resist\u00e8ncia horitzontal a la bolcada 30 quilos. Rodes posteriors 150 mm [&hellip;]<\/p>\n","protected":false},"featured_media":2547,"template":"","meta":{"inline_featured_image":false},"product_brand":[],"product_cat":[70],"product_tag":[],"class_list":{"0":"post-6520","1":"product","2":"type-product","3":"status-publish","4":"has-post-thumbnail","6":"product_cat-plataformes-de-treball","8":"first","9":"instock","10":"shipping-taxable","11":"product-type-simple"},"_links":{"self":[{"href":"https:\/\/www.esla.eu\/ca\/wp-json\/wp\/v2\/product\/6520","targetHints":{"allow":["GET"]}}],"collection":[{"href":"https:\/\/www.esla.eu\/ca\/wp-json\/wp\/v2\/product"}],"about":[{"href":"https:\/\/www.esla.eu\/ca\/wp-json\/wp\/v2\/types\/product"}],"wp:featuredmedia":[{"embeddable":true,"href":"https:\/\/www.esla.eu\/ca\/wp-json\/wp\/v2\/media\/2547"}],"wp:attachment":[{"href":"https:\/\/www.esla.eu\/ca\/wp-json\/wp\/v2\/media?parent=6520"}],"wp:term":[{"taxonomy":"product_brand","embeddable":true,"href":"https:\/\/www.esla.eu\/ca\/wp-json\/wp\/v2\/product_brand?post=6520"},{"taxonomy":"product_cat","embeddable":true,"href":"https:\/\/www.esla.eu\/ca\/wp-json\/wp\/v2\/product_cat?post=6520"},{"taxonomy":"product_tag","embeddable":true,"href":"https:\/\/www.esla.eu\/ca\/wp-json\/wp\/v2\/product_tag?post=6520"}],"curies":[{"name":"wp","href":"https:\/\/api.w.org\/{rel}","templated":true}]}}