{"id":6522,"date":"2024-03-14T12:05:47","date_gmt":"2024-03-14T11:05:47","guid":{"rendered":"https:\/\/esla.crealogica.eu\/productos\/sense%20categoria\/10180-plataforma-mobil-per-a-cementiris-60-en131-7\/"},"modified":"2025-05-29T16:05:51","modified_gmt":"2025-05-29T14:05:51","slug":"10180-plataforma-mobil-per-a-cementiris-60-en131-7","status":"publish","type":"product","link":"https:\/\/www.esla.eu\/ca\/productes\/escales-amb-plataforma\/plataformes-de-treball\/10180-plataforma-mobil-per-a-cementiris-60-en131-7\/","title":{"rendered":"10180 &#8211; Plataforma m\u00f2bil per a cementiris 60\u00b0 EN131-7"},"content":{"rendered":"<p style=\"font-weight: 400;\"><b><strong>Caracter\u00edstiques generals del model:<\/strong><\/b><\/p>\n<p style=\"font-weight: 400;\">Doble baranes a l&#8217;ascens ia la plataforma.<\/p>\n<p style=\"font-weight: 400;\">Resist\u00e8ncia a la bolcada: 45 Kg (definit en UNEIX EN 131-7 en \u00fas en exterior per a al\u00e7ades superiors a 2500 mm). Model assajat a laboratoris propis.<\/p>\n<p style=\"font-weight: 400;\">Sistema de fabricaci\u00f3: escala fabricada amb perfleria d&#8217;alumini cargolada. Amb possibilitat de recanvi de totes les parts. Bastidor inferior de ferro soldat i pintat.<\/p>\n<p style=\"font-weight: 400;\">Mobilitat de l&#8217;escala:<\/p>\n<p style=\"font-weight: 400;\">Bastidor de ferro pintat amb 4 rodes girat\u00f2ries 200 m Bikle model L-POTH 200K-CS11 amb dos frens direccionals (model RI-05.03)per fer fixes les rodes posteriors, amb possibilitat de desbloquejar-les, i sistema de frenada amb una \u00fanica palanca que bloqueja els dos girs possibles de les 4 rodes. El sistema de fre \u00e9s independent del bastidor i \u00e9s substitu\u00efble si es fa malb\u00e9 per algun cop o mal \u00fas.<\/p>\n<p style=\"font-weight: 400;\">Amb la palanca del sistema de fre en posici\u00f3 desfrenada el tram d&#8217;ascens queda bloquejat per impedir l&#8217;ascens de l&#8217;escala amb les rodes sense frenar, i es pot veure un cartell d&#8217;av\u00eds per frenar l&#8217;escala.<\/p>\n<p style=\"font-weight: 400;\">Manetes de transport integrades amb la barana, sense cap sortint, perqu\u00e8 els usuaris no puguin utilitzar-les com a suport per pujar-se. Peces d&#8217;alumini de f\u00e0cil substituci\u00f3.<\/p>\n<p style=\"font-weight: 400;\">Cartell senyalitzaci\u00f3: recordatori detalls importants i instruccions per a l&#8217;usuari.<\/p>\n","protected":false},"excerpt":{"rendered":"<p>Caracter\u00edstiques generals del model: Doble baranes a l&#8217;ascens ia la plataforma. Resist\u00e8ncia a la bolcada: 45 Kg (definit en UNEIX EN 131-7 en \u00fas en exterior per a al\u00e7ades superiors a 2500 mm). Model assajat a laboratoris propis. Sistema de fabricaci\u00f3: escala fabricada amb perfleria d&#8217;alumini cargolada. Amb possibilitat de recanvi de totes les parts. [&hellip;]<\/p>\n","protected":false},"featured_media":2568,"template":"","meta":{"inline_featured_image":false},"product_brand":[],"product_cat":[70],"product_tag":[],"class_list":{"0":"post-6522","1":"product","2":"type-product","3":"status-publish","4":"has-post-thumbnail","6":"product_cat-plataformes-de-treball","8":"first","9":"instock","10":"shipping-taxable","11":"product-type-simple"},"_links":{"self":[{"href":"https:\/\/www.esla.eu\/ca\/wp-json\/wp\/v2\/product\/6522","targetHints":{"allow":["GET"]}}],"collection":[{"href":"https:\/\/www.esla.eu\/ca\/wp-json\/wp\/v2\/product"}],"about":[{"href":"https:\/\/www.esla.eu\/ca\/wp-json\/wp\/v2\/types\/product"}],"wp:featuredmedia":[{"embeddable":true,"href":"https:\/\/www.esla.eu\/ca\/wp-json\/wp\/v2\/media\/2568"}],"wp:attachment":[{"href":"https:\/\/www.esla.eu\/ca\/wp-json\/wp\/v2\/media?parent=6522"}],"wp:term":[{"taxonomy":"product_brand","embeddable":true,"href":"https:\/\/www.esla.eu\/ca\/wp-json\/wp\/v2\/product_brand?post=6522"},{"taxonomy":"product_cat","embeddable":true,"href":"https:\/\/www.esla.eu\/ca\/wp-json\/wp\/v2\/product_cat?post=6522"},{"taxonomy":"product_tag","embeddable":true,"href":"https:\/\/www.esla.eu\/ca\/wp-json\/wp\/v2\/product_tag?post=6522"}],"curies":[{"name":"wp","href":"https:\/\/api.w.org\/{rel}","templated":true}]}}