{"id":6524,"date":"2024-03-14T12:08:18","date_gmt":"2024-03-14T11:08:18","guid":{"rendered":"https:\/\/esla.crealogica.eu\/productos\/sense%20categoria\/10170-plataforma-mobil-per-a-cementiris-60-en131-7\/"},"modified":"2025-05-29T16:05:51","modified_gmt":"2025-05-29T14:05:51","slug":"10170-plataforma-mobil-per-a-cementiris-60-en131-7","status":"publish","type":"product","link":"https:\/\/www.esla.eu\/ca\/productes\/escales-amb-plataforma\/plataformes-de-treball\/10170-plataforma-mobil-per-a-cementiris-60-en131-7\/","title":{"rendered":"10170 &#8211; Plataforma m\u00f2bil per a cementiris 60\u00b0 EN131-7"},"content":{"rendered":"<p style=\"font-weight: 400;\"><b><strong>Caracter\u00edstiques generals del model:<\/strong><\/b><\/p>\n<p style=\"font-weight: 400;\">Doble baranes a l&#8217;ascens ia la plataforma.<\/p>\n<p style=\"font-weight: 400;\">Resist\u00e8ncia a la bolcada: 45 Kg (definit en UNEIX EN 131-7 en \u00fas en exterior per a al\u00e7ades superiors a 2500 mm). Model assajat a laboratoris propis.<\/p>\n<p style=\"font-weight: 400;\">Sistema de fabricaci\u00f3: escala fabricada amb perfleria d&#8217;alumini cargolada. Amb possibilitat de recanvi de totes les parts. Estabilitzadors <span class=\"NormalTextRun SpellingErrorV2Themed SCXW12287957 BCX0\">senyalitzats<\/span><span class=\"NormalTextRun SCXW12287957 BCX0\"> en <\/span><span class=\"NormalTextRun SpellingErrorV2Themed SCXW12287957 BCX0\">vermell<\/span>.<\/p>\n<p><span class=\"TextRun SCXW29150729 BCX0\" lang=\"ES-ES\" xml:lang=\"ES-ES\" data-contrast=\"none\"><span class=\"NormalTextRun SpellingErrorV2Themed SpellingErrorHighlight SCXW29150729 BCX0\">Estabilitzadors<\/span> <span class=\"NormalTextRun SpellingErrorV2Themed SCXW29150729 BCX0\">ajustats<\/span><span class=\"NormalTextRun SCXW29150729 BCX0\"> en mida per <\/span><span class=\"NormalTextRun SpellingErrorV2Themed SCXW29150729 BCX0\">tenir<\/span><span class=\"NormalTextRun SCXW29150729 BCX0\"> la <\/span><span class=\"NormalTextRun SpellingErrorV2Themed SCXW29150729 BCX0\">dist\u00e0ncia<\/span><span class=\"NormalTextRun SCXW29150729 BCX0\"> adecuada <\/span><span class=\"NormalTextRun SCXW29150729 BCX0\">que <\/span><span class=\"NormalTextRun SpellingErrorV2Themed SCXW29150729 BCX0\">permeti<\/span> <span class=\"NormalTextRun SpellingErrorV2Themed SCXW29150729 BCX0\">treballar<\/span> <span class=\"NormalTextRun SpellingErrorV2Themed SCXW29150729 BCX0\">amb<\/span> <span class=\"NormalTextRun SpellingErrorV2Themed SCXW29150729 BCX0\">els<\/span> <span class=\"NormalTextRun SpellingErrorV2Themed SCXW29150729 BCX0\">n\u00ednxols<\/span><\/span><span class=\"EOP SCXW29150729 BCX0\" data-ccp-props=\"{}\">\u00a0<\/span><\/p>\n<p style=\"font-weight: 400;\">Mobilitat de l&#8217;escala:<\/p>\n<p style=\"font-weight: 400;\">&#8211; 6-8-10 esglaons porten unes manetes per poder aixecar m\u00e9s c\u00f2modament la plataforma.<\/p>\n<p style=\"font-weight: 400;\">&#8211; 12-14 esglaons porten doble estabilitzador amb rodes girat\u00f2ries.<\/p>\n<p style=\"font-weight: 400;\">Cartell senyalitzaci\u00f3: recordatori detalls importants i instruccions per a l&#8217;usuari.<\/p>\n","protected":false},"excerpt":{"rendered":"<p>Caracter\u00edstiques generals del model: Doble baranes a l&#8217;ascens ia la plataforma. Resist\u00e8ncia a la bolcada: 45 Kg (definit en UNEIX EN 131-7 en \u00fas en exterior per a al\u00e7ades superiors a 2500 mm). Model assajat a laboratoris propis. Sistema de fabricaci\u00f3: escala fabricada amb perfleria d&#8217;alumini cargolada. Amb possibilitat de recanvi de totes les parts. [&hellip;]<\/p>\n","protected":false},"featured_media":2574,"template":"","meta":{"inline_featured_image":false},"product_brand":[],"product_cat":[70],"product_tag":[],"class_list":{"0":"post-6524","1":"product","2":"type-product","3":"status-publish","4":"has-post-thumbnail","6":"product_cat-plataformes-de-treball","8":"first","9":"instock","10":"shipping-taxable","11":"product-type-simple"},"_links":{"self":[{"href":"https:\/\/www.esla.eu\/ca\/wp-json\/wp\/v2\/product\/6524","targetHints":{"allow":["GET"]}}],"collection":[{"href":"https:\/\/www.esla.eu\/ca\/wp-json\/wp\/v2\/product"}],"about":[{"href":"https:\/\/www.esla.eu\/ca\/wp-json\/wp\/v2\/types\/product"}],"wp:featuredmedia":[{"embeddable":true,"href":"https:\/\/www.esla.eu\/ca\/wp-json\/wp\/v2\/media\/2574"}],"wp:attachment":[{"href":"https:\/\/www.esla.eu\/ca\/wp-json\/wp\/v2\/media?parent=6524"}],"wp:term":[{"taxonomy":"product_brand","embeddable":true,"href":"https:\/\/www.esla.eu\/ca\/wp-json\/wp\/v2\/product_brand?post=6524"},{"taxonomy":"product_cat","embeddable":true,"href":"https:\/\/www.esla.eu\/ca\/wp-json\/wp\/v2\/product_cat?post=6524"},{"taxonomy":"product_tag","embeddable":true,"href":"https:\/\/www.esla.eu\/ca\/wp-json\/wp\/v2\/product_tag?post=6524"}],"curies":[{"name":"wp","href":"https:\/\/api.w.org\/{rel}","templated":true}]}}