{"id":6567,"date":"2024-03-18T07:42:27","date_gmt":"2024-03-18T06:42:27","guid":{"rendered":"https:\/\/esla.crealogica.eu\/productos\/sense%20categoria\/11002-tamboret-lleuger-dalumini-51-en14183\/"},"modified":"2025-05-29T16:05:49","modified_gmt":"2025-05-29T14:05:49","slug":"11002-tamboret-lleuger-dalumini-51-en14183","status":"publish","type":"product","link":"https:\/\/www.esla.eu\/ca\/productes\/escales-amb-plataforma\/tamborets-lleugers\/11002-tamboret-lleuger-dalumini-51-en14183\/","title":{"rendered":"11002 &#8211; Tamboret lleuger d&#8217;alumini 51\u00b0 EN14183"},"content":{"rendered":"<p><strong>Caracter\u00edstiques a destacar<\/strong><\/p>\n<p>Al\u00e7ada m\u00e0xima de treball aproximada (mts): 3<\/p>\n<p>Inclinaci\u00f3 \u00b0: 51<\/p>\n<p>Esgla\u00f3 (mm): 200 \/ \u00faltim 300<\/p>\n<p>Separaci\u00f3 esglaons (mm): 250<\/p>\n<p><strong>Altres detalls<\/strong><\/p>\n<p>Perfileria extrusionada.<\/p>\n<p>Muntants laterals rectangulars.<\/p>\n<p>Totalment soldada.<\/p>\n<p>L&#8217;estructura lateral est\u00e0 refor\u00e7ada individualment a cadascun dels esglaons.<\/p>\n<p>Aquesta s\u00e8rie busca ocupar el m\u00ednim espai possible.<\/p>\n","protected":false},"excerpt":{"rendered":"<p>Caracter\u00edstiques a destacar Al\u00e7ada m\u00e0xima de treball aproximada (mts): 3 Inclinaci\u00f3 \u00b0: 51 Esgla\u00f3 (mm): 200 \/ \u00faltim 300 Separaci\u00f3 esglaons (mm): 250 Altres detalls Perfileria extrusionada. Muntants laterals rectangulars. Totalment soldada. L&#8217;estructura lateral est\u00e0 refor\u00e7ada individualment a cadascun dels esglaons. Aquesta s\u00e8rie busca ocupar el m\u00ednim espai possible.<\/p>\n","protected":false},"featured_media":2758,"template":"","meta":{"inline_featured_image":false},"product_brand":[],"product_cat":[73],"product_tag":[],"class_list":{"0":"post-6567","1":"product","2":"type-product","3":"status-publish","4":"has-post-thumbnail","6":"product_cat-tamborets-lleugers","8":"first","9":"instock","10":"shipping-taxable","11":"product-type-simple"},"_links":{"self":[{"href":"https:\/\/www.esla.eu\/ca\/wp-json\/wp\/v2\/product\/6567","targetHints":{"allow":["GET"]}}],"collection":[{"href":"https:\/\/www.esla.eu\/ca\/wp-json\/wp\/v2\/product"}],"about":[{"href":"https:\/\/www.esla.eu\/ca\/wp-json\/wp\/v2\/types\/product"}],"wp:featuredmedia":[{"embeddable":true,"href":"https:\/\/www.esla.eu\/ca\/wp-json\/wp\/v2\/media\/2758"}],"wp:attachment":[{"href":"https:\/\/www.esla.eu\/ca\/wp-json\/wp\/v2\/media?parent=6567"}],"wp:term":[{"taxonomy":"product_brand","embeddable":true,"href":"https:\/\/www.esla.eu\/ca\/wp-json\/wp\/v2\/product_brand?post=6567"},{"taxonomy":"product_cat","embeddable":true,"href":"https:\/\/www.esla.eu\/ca\/wp-json\/wp\/v2\/product_cat?post=6567"},{"taxonomy":"product_tag","embeddable":true,"href":"https:\/\/www.esla.eu\/ca\/wp-json\/wp\/v2\/product_tag?post=6567"}],"curies":[{"name":"wp","href":"https:\/\/api.w.org\/{rel}","templated":true}]}}