{"id":7408,"date":"2024-04-02T11:43:39","date_gmt":"2024-04-02T09:43:39","guid":{"rendered":"https:\/\/esla.crealogica.eu\/productos\/sense categoria\/a19000500-cadena-proteccio-sortida-frontal-series-10100-10105-10103-10200-10205\/"},"modified":"2024-04-02T11:43:39","modified_gmt":"2024-04-02T09:43:39","slug":"a19000500-cadena-proteccio-sortida-frontal-series-10100-10105-10103-10200-10205","status":"publish","type":"product","link":"https:\/\/www.esla.eu\/ca\/productes\/accessoris\/portes-sortides\/a19000500-cadena-proteccio-sortida-frontal-series-10100-10105-10103-10200-10205\/","title":{"rendered":"A19000500 &#8211; Cadena protecci\u00f3 sortida frontal &#8211; S\u00e8ries 10100 10105 10103 10200 10205"},"content":{"rendered":"<p>Cadena protecci\u00f3 sortida frontal.<\/p>\n<p>Quan s&#8217;utilitza la plataforma per accedir a algun lloc cal substituir la barana frontal per un element que senyalitzi el risc de caiguda. Les cadenes de protecci\u00f3 s\u00f3n un accessori senzill i eficient.<\/p>\n<p>S\u00e8ries 10100-10103-10105-10200-10205<\/p>\n","protected":false},"excerpt":{"rendered":"<p>Cadena protecci\u00f3 sortida frontal. Quan s&#8217;utilitza la plataforma per accedir a algun lloc cal substituir la barana frontal per un element que senyalitzi el risc de caiguda. Les cadenes de protecci\u00f3 s\u00f3n un accessori senzill i eficient. S\u00e8ries 10100-10103-10105-10200-10205<\/p>\n","protected":false},"featured_media":5501,"template":"","meta":{"inline_featured_image":false},"product_brand":[],"product_cat":[212],"product_tag":[],"class_list":{"0":"post-7408","1":"product","2":"type-product","3":"status-publish","4":"has-post-thumbnail","6":"product_cat-portes-sortides","8":"first","9":"instock","10":"shipping-taxable","11":"product-type-simple"},"_links":{"self":[{"href":"https:\/\/www.esla.eu\/ca\/wp-json\/wp\/v2\/product\/7408","targetHints":{"allow":["GET"]}}],"collection":[{"href":"https:\/\/www.esla.eu\/ca\/wp-json\/wp\/v2\/product"}],"about":[{"href":"https:\/\/www.esla.eu\/ca\/wp-json\/wp\/v2\/types\/product"}],"wp:featuredmedia":[{"embeddable":true,"href":"https:\/\/www.esla.eu\/ca\/wp-json\/wp\/v2\/media\/5501"}],"wp:attachment":[{"href":"https:\/\/www.esla.eu\/ca\/wp-json\/wp\/v2\/media?parent=7408"}],"wp:term":[{"taxonomy":"product_brand","embeddable":true,"href":"https:\/\/www.esla.eu\/ca\/wp-json\/wp\/v2\/product_brand?post=7408"},{"taxonomy":"product_cat","embeddable":true,"href":"https:\/\/www.esla.eu\/ca\/wp-json\/wp\/v2\/product_cat?post=7408"},{"taxonomy":"product_tag","embeddable":true,"href":"https:\/\/www.esla.eu\/ca\/wp-json\/wp\/v2\/product_tag?post=7408"}],"curies":[{"name":"wp","href":"https:\/\/api.w.org\/{rel}","templated":true}]}}