{"id":8933,"date":"2024-04-02T11:39:46","date_gmt":"2024-04-02T09:39:46","guid":{"rendered":"https:\/\/esla.crealogica.eu\/productos\/sense categoria\/a08100600-esglao-tramex-ferro-galvanitzat-600-mm-series-10100-10105-10200-10205-10300-10305-10400-10405\/"},"modified":"2024-04-02T11:39:46","modified_gmt":"2024-04-02T09:39:46","slug":"a08100600-esglao-tramex-ferro-galvanitzat-600-mm-series-10100-10105-10200-10205-10300-10305-10400-10405","status":"publish","type":"product","link":"https:\/\/www.esla.eu\/ca\/productes\/accessoris\/tipus-graons\/a08100600-esglao-tramex-ferro-galvanitzat-600-mm-series-10100-10105-10200-10205-10300-10305-10400-10405\/","title":{"rendered":"A08100600 &#8211; Esgla\u00f3 tramex ferro galvanitzat 600 mm &#8211; S\u00e8ries 10100 10105 10200 10205 10300 10305 10400 10405"},"content":{"rendered":"<p>Esgla\u00f3 tramex en ferro galvanitzat 600 mm.<\/p>\n<p>S&#8217;utilitza b\u00e0sicament per 2 motius<\/p>\n<p>1. Quan es treballa a l&#8217;exterior permet que l&#8217;aigua caigui i, per tant, redueix el risc de relliscar<\/p>\n<p>2. En entorns on hi ha subst\u00e0ncies lliscants com a olis.<\/p>\n<p>Per a plataformes m\u00f2bils, l&#8217;inconvenient principal \u00e9s que s&#8217;incrementa molt el pes.<\/p>\n<p>S&#8217;han de demanar tantes unitats com esglaons t\u00e9 l&#8217;escala.<\/p>\n<p>S\u00e8ries 10100 a 10105 \/ 10200-10205 \/ 10300-10305 \/ 10400-10405<\/p>\n","protected":false},"excerpt":{"rendered":"<p>Esgla\u00f3 tramex en ferro galvanitzat 600 mm. S&#8217;utilitza b\u00e0sicament per 2 motius 1. Quan es treballa a l&#8217;exterior permet que l&#8217;aigua caigui i, per tant, redueix el risc de relliscar 2. En entorns on hi ha subst\u00e0ncies lliscants com a olis. Per a plataformes m\u00f2bils, l&#8217;inconvenient principal \u00e9s que s&#8217;incrementa molt el pes. S&#8217;han de [&hellip;]<\/p>\n","protected":false},"featured_media":5489,"template":"","meta":{"inline_featured_image":false},"product_brand":[],"product_cat":[179],"product_tag":[],"class_list":{"0":"post-8933","1":"product","2":"type-product","3":"status-publish","4":"has-post-thumbnail","6":"product_cat-tipus-graons","8":"first","9":"instock","10":"shipping-taxable","11":"product-type-simple"},"_links":{"self":[{"href":"https:\/\/www.esla.eu\/ca\/wp-json\/wp\/v2\/product\/8933","targetHints":{"allow":["GET"]}}],"collection":[{"href":"https:\/\/www.esla.eu\/ca\/wp-json\/wp\/v2\/product"}],"about":[{"href":"https:\/\/www.esla.eu\/ca\/wp-json\/wp\/v2\/types\/product"}],"wp:featuredmedia":[{"embeddable":true,"href":"https:\/\/www.esla.eu\/ca\/wp-json\/wp\/v2\/media\/5489"}],"wp:attachment":[{"href":"https:\/\/www.esla.eu\/ca\/wp-json\/wp\/v2\/media?parent=8933"}],"wp:term":[{"taxonomy":"product_brand","embeddable":true,"href":"https:\/\/www.esla.eu\/ca\/wp-json\/wp\/v2\/product_brand?post=8933"},{"taxonomy":"product_cat","embeddable":true,"href":"https:\/\/www.esla.eu\/ca\/wp-json\/wp\/v2\/product_cat?post=8933"},{"taxonomy":"product_tag","embeddable":true,"href":"https:\/\/www.esla.eu\/ca\/wp-json\/wp\/v2\/product_tag?post=8933"}],"curies":[{"name":"wp","href":"https:\/\/api.w.org\/{rel}","templated":true}]}}