{"id":12913,"date":"2024-02-28T08:50:23","date_gmt":"2024-02-28T07:50:23","guid":{"rendered":"https:\/\/www.esla.eu\/legal-advice\/"},"modified":"2026-01-26T20:35:26","modified_gmt":"2026-01-26T19:35:26","slug":"rechtsberatung","status":"publish","type":"page","link":"https:\/\/www.esla.eu\/de\/rechtsberatung\/","title":{"rendered":"Rechtsberatung"},"content":{"rendered":"\n<p>1. Die Website unter der URL www.esla.eu (im Folgenden die Website) geh\u00f6rt der European Special<br \/>Ladders SA, die alle Rechte, als Eigent\u00fcmer oder Lizenznehmer, an ihrem Inhalt, Design und Quellcode hat.<\/p>\n\n\n<p>2. Die Nutzung der Website ist kostenlos und erfolgt auf eigene Verantwortung des Nutzers, wobei die European Special Ladders S.A. sich das Recht vorbeh\u00e4lt, die Pr\u00e4sentation, Konfiguration und den Inhalt der Website sowie die Zugangsbedingungen ohne vorherige Ank\u00fcndigung zu \u00e4ndern. Webnutzer werden nichts tun, was das Image oder die Rechte des Autors sch\u00e4digen k\u00f6nnte.<\/p>\n\n\n<p>3. Daten des Eigent\u00fcmers der Website<\/p>\n\n\n<ul class=\"wp-block-list\">\n<li><strong>European Special Ladders S.A.<\/strong><\/li>\n\n\n<li>Camino del Cementerio 23, Pol\u00edgon Industrial Can Ribot<\/li>\n\n\n<li>08319 Dosrius<\/li>\n\n\n<li>NIF: A62220801<\/li>\n\n\n<li>Kontakt : info@esla.eu<\/li>\n\n\n<li>Telefon:<a href=\"tel:+34937533357\">+34.937.533.357<\/a><\/li>\n\n\n<li>Das Unternehmen ist im Handelsregister von Barcelona unter Volumen 30439 Buch 142 Nummer <strong>B-176.750.<\/strong> eingetragen.<\/li>\n<\/ul>\n\n\n<p>Geistiges Eigentum<br \/>Alle Inhalte des Portals, einschlie\u00dflich aber nicht beschr\u00e4nkt auf Texte, Fotografien, Grafiken, Bilder, Icons,<br \/>Technologie, Software, Links und andere Inhalte sowie das Grafikdesign und die Quellcodes sind<br \/>das geistige Eigentum unseres Unternehmens und Dritter, ohne dass Nutzungsrechte \u00fcber das<br \/>hinaus \u00fcbertragen werden, was f\u00fcr die ordnungsgem\u00e4\u00dfe Nutzung des Portals erforderlich ist.<br \/>Diese Rechte sind im Register f\u00fcr geistiges Eigentum eingetragen.<br \/>Alle Rechte vorbehalten.<br \/>Sonstiges<br \/>ESLA ist nicht verantwortlich f\u00fcr Websites Dritter, die \u00fcber Links zu oder von der<br \/>Website aufgerufen werden.<br \/>Bez\u00fcglich der Links oder Hyperlinks lehnen wir jede Verantwortung f\u00fcr solche ab, die auf unsere Website verweisen und,<br \/>im Falle der auf unserer Seite erscheinenden, wird der Link nur zu Informationszwecken hergestellt<br \/>und muss unsere Genehmigung haben.<\/p>\n\n\n<p>4. European Special Ladders S.A. trifft Sicherheitsma\u00dfnahmen, die in angemessenem Ma\u00dfe den M\u00f6glichkeiten und dem Stand der Technik entsprechen, um die Funktionalit\u00e4t der Website und die Sicherheit ihrer Nutzer zu gew\u00e4hrleisten. Allerdings sind Sicherheitsma\u00dfnahmen im Internet nicht v\u00f6llig zuverl\u00e4ssig und k\u00f6nnen Viren oder andere Elemente enthalten, die Computersysteme (Logik und Material) oder Nutzerdokumente ohne Garantie ver\u00e4ndern.<\/p>\n\n\n<p>6. Der Inhalt der Website ist rein informativ. \u00c9chelles Sp\u00e9ciales Europ\u00e9ennes S.A. garantiert nicht die N\u00fctzlichkeit, Richtigkeit oder Aktualit\u00e4t der Inhalte der Website.<\/p>\n\n\n<p>7. Der Besuch der Website erfordert keine Registrierung von Personal.<\/p>\n\n\n<p>8. Der Zugriff und die Navigation auf der Website sind \u00f6ffentlich, sicher in den eingeschr\u00e4nkten Zugangszonen, die nur mit einem Viermonats-Pass von European Special Ladders S.A. zug\u00e4nglich sind. Das Passwort ist pers\u00f6nlich und nicht \u00fcbertragbar, und der Nutzer ist verpflichtet, es mit Sorgfalt und Vertraulichkeit zu verwenden und dessen Nutzung nicht an Dritte weiterzugeben, die nicht von European Special Ladders S.A. autorisiert sind. Der Nutzer muss European Special Ladders S.A. sofort \u00fcber jede Situation informieren, die eine unangemessene Nutzung des Passworts zur Zugriffssteuerung auf die regulierten Bereiche erm\u00f6glicht, damit European Special Ladders S.A. die Stornierung vornehmen kann.<\/p>\n\n\n<p>9. Die Einrichtung eines Links von der Website zu anderen Websites Dritter und\/oder von anderen Websites auf die Website impliziert nicht, dass eine Beziehung zwischen European Special Ladders S.A. und der verantwortlichen Person der anderen Website besteht, noch sollte dieser Link als Zustimmung von European Special Ladders S.A. zu den Inhalten und Aktivit\u00e4ten der anderen Website interpretiert werden.<\/p>\n\n\n<p>10. Die Website unterliegt dem spanischen Recht und alle Streitigkeiten, die entstehen, werden von den Gerichten der Stadt Barcelona entschieden.<\/p>\n\n\n\u00a0\n\n<p>&nbsp;<\/p>","protected":false},"excerpt":{"rendered":"<p>1. Die Website unter der URL www.esla.eu (im Folgenden die Website) geh\u00f6rt der European SpecialLadders SA, die alle Rechte, als Eigent\u00fcmer oder Lizenznehmer, an ihrem Inhalt, Design und Quellcode hat. 2. Die Nutzung der Website ist kostenlos und erfolgt auf eigene Verantwortung des Nutzers, wobei die European Special Ladders S.A. sich das Recht vorbeh\u00e4lt, die [&hellip;]<\/p>\n","protected":false},"author":1,"featured_media":0,"parent":0,"menu_order":0,"comment_status":"closed","ping_status":"closed","template":"","meta":{"inline_featured_image":false,"footnotes":""},"class_list":["post-12913","page","type-page","status-publish","hentry"],"rttpg_featured_image_url":null,"rttpg_author":{"display_name":"crealogica","author_link":"https:\/\/www.esla.eu\/de\/author\/crealogica\/"},"rttpg_comment":0,"rttpg_category":" <a href=\"https:\/\/www.esla.eu\/de\/?taxonomy=translation_priority&#038;term=opcional\" rel=\"tag\">Opcional<\/a>","rttpg_excerpt":"1. Die Website unter der URL www.esla.eu (im Folgenden die Website) geh\u00f6rt der European SpecialLadders SA, die alle Rechte, als Eigent\u00fcmer oder Lizenznehmer, an ihrem Inhalt, Design und Quellcode hat. 2. Die Nutzung der Website ist kostenlos und erfolgt auf eigene Verantwortung des Nutzers, wobei die European Special Ladders S.A. sich das Recht vorbeh\u00e4lt, die&hellip;","_links":{"self":[{"href":"https:\/\/www.esla.eu\/de\/wp-json\/wp\/v2\/pages\/12913","targetHints":{"allow":["GET"]}}],"collection":[{"href":"https:\/\/www.esla.eu\/de\/wp-json\/wp\/v2\/pages"}],"about":[{"href":"https:\/\/www.esla.eu\/de\/wp-json\/wp\/v2\/types\/page"}],"author":[{"embeddable":true,"href":"https:\/\/www.esla.eu\/de\/wp-json\/wp\/v2\/users\/1"}],"replies":[{"embeddable":true,"href":"https:\/\/www.esla.eu\/de\/wp-json\/wp\/v2\/comments?post=12913"}],"version-history":[{"count":7,"href":"https:\/\/www.esla.eu\/de\/wp-json\/wp\/v2\/pages\/12913\/revisions"}],"predecessor-version":[{"id":13214,"href":"https:\/\/www.esla.eu\/de\/wp-json\/wp\/v2\/pages\/12913\/revisions\/13214"}],"wp:attachment":[{"href":"https:\/\/www.esla.eu\/de\/wp-json\/wp\/v2\/media?parent=12913"}],"curies":[{"name":"wp","href":"https:\/\/api.w.org\/{rel}","templated":true}]}}