{"id":12960,"date":"2024-02-29T11:42:50","date_gmt":"2024-02-29T10:42:50","guid":{"rendered":"https:\/\/www.esla.eu\/sectors\/"},"modified":"2026-01-26T20:36:43","modified_gmt":"2026-01-26T19:36:43","slug":"sektoren","status":"publish","type":"page","link":"https:\/\/www.esla.eu\/de\/sektoren\/","title":{"rendered":"Sektoren"},"content":{"rendered":"\t\t<div data-elementor-type=\"wp-page\" data-elementor-id=\"12960\" class=\"elementor elementor-12960 elementor-321\" data-elementor-post-type=\"page\">\n\t\t\t\t\t\t<section class=\"elementor-section elementor-top-section elementor-element elementor-element-fda82a3 elementor-section-full_width elementor-section-height-min-height elementor-section-stretched elementor-section-content-middle elementor-section-items-top elementor-section-height-default elementor-invisible\" data-id=\"fda82a3\" data-element_type=\"section\" data-e-type=\"section\" data-settings=\"{&quot;stretch_section&quot;:&quot;section-stretched&quot;,&quot;background_background&quot;:&quot;classic&quot;,&quot;animation&quot;:&quot;fadeIn&quot;,&quot;animation_mobile&quot;:&quot;none&quot;}\">\n\t\t\t\t\t\t\t<div class=\"elementor-background-overlay\"><\/div>\n\t\t\t\t\t\t\t<div class=\"elementor-container elementor-column-gap-no\">\n\t\t\t\t\t<div class=\"elementor-column elementor-col-100 elementor-top-column elementor-element elementor-element-acf6fce\" data-id=\"acf6fce\" data-element_type=\"column\" data-e-type=\"column\">\n\t\t\t<div class=\"elementor-widget-wrap elementor-element-populated\">\n\t\t\t\t\t\t<section class=\"elementor-section elementor-inner-section elementor-element elementor-element-2a098cf elementor-section-content-middle elementor-section-boxed elementor-section-height-default elementor-section-height-default\" data-id=\"2a098cf\" data-element_type=\"section\" data-e-type=\"section\">\n\t\t\t\t\t\t<div class=\"elementor-container elementor-column-gap-default\">\n\t\t\t\t\t<div class=\"elementor-column elementor-col-100 elementor-inner-column elementor-element elementor-element-29d1115\" data-id=\"29d1115\" data-element_type=\"column\" data-e-type=\"column\">\n\t\t\t<div class=\"elementor-widget-wrap elementor-element-populated\">\n\t\t\t\t\t\t<div class=\"elementor-element elementor-element-a346bd4 elementor-widget elementor-widget-shortcode\" data-id=\"a346bd4\" data-element_type=\"widget\" data-e-type=\"widget\" data-widget_type=\"shortcode.default\">\n\t\t\t\t<div class=\"elementor-widget-container\">\n\t\t\t\t\t\t\t<div class=\"elementor-shortcode\"><nav aria-label=\"breadcrumbs\">\n            <div class=\"breadcrumb-container theme1\">\n                <ol>\n                                    <\/ol>\n            <\/div>\n        <\/nav>    <script type=\"application\/ld+json\">\n        {\n            \"@context\": \"http:\/\/schema.org\",\n            \"@type\": \"BreadcrumbList\",\n            \"itemListElement\": [\n                            ]\n        }\n    <\/script>\n   \n    <script>\n            <\/script>\n<\/div>\n\t\t\t\t\t\t<\/div>\n\t\t\t\t<\/div>\n\t\t\t\t\t<\/div>\n\t\t<\/div>\n\t\t\t\t\t<\/div>\n\t\t<\/section>\n\t\t\t\t<section class=\"elementor-section elementor-inner-section elementor-element elementor-element-f61262f elementor-section-content-middle elementor-section-boxed elementor-section-height-default elementor-section-height-default\" data-id=\"f61262f\" data-element_type=\"section\" data-e-type=\"section\">\n\t\t\t\t\t\t<div class=\"elementor-container elementor-column-gap-default\">\n\t\t\t\t\t<div class=\"elementor-column elementor-col-66 elementor-inner-column elementor-element elementor-element-5156d80\" data-id=\"5156d80\" data-element_type=\"column\" data-e-type=\"column\">\n\t\t\t<div class=\"elementor-widget-wrap elementor-element-populated\">\n\t\t\t\t\t\t<div class=\"elementor-element elementor-element-30d9052 elementor-widget elementor-widget-heading\" data-id=\"30d9052\" data-element_type=\"widget\" data-e-type=\"widget\" data-widget_type=\"heading.default\">\n\t\t\t\t<div class=\"elementor-widget-container\">\n\t\t\t\t\t<h1 class=\"elementor-heading-title elementor-size-default\">Wirtschaftssektoren<\/h1>\t\t\t\t<\/div>\n\t\t\t\t<\/div>\n\t\t\t\t<div class=\"elementor-element elementor-element-fd09373 elementor-widget elementor-widget-heading\" data-id=\"fd09373\" data-element_type=\"widget\" data-e-type=\"widget\" data-widget_type=\"heading.default\">\n\t\t\t\t<div class=\"elementor-widget-container\">\n\t\t\t\t\t<h2 class=\"elementor-heading-title elementor-size-default\">Bei ESLA entwickeln wir ma\u00dfgeschneiderte Projekte f\u00fcr alle Arten von Industriezweigen.<\/h2>\t\t\t\t<\/div>\n\t\t\t\t<\/div>\n\t\t\t\t\t<\/div>\n\t\t<\/div>\n\t\t\t\t<div class=\"elementor-column elementor-col-33 elementor-inner-column elementor-element elementor-element-abd434c\" data-id=\"abd434c\" data-element_type=\"column\" data-e-type=\"column\">\n\t\t\t<div class=\"elementor-widget-wrap\">\n\t\t\t\t\t\t\t<\/div>\n\t\t<\/div>\n\t\t\t\t\t<\/div>\n\t\t<\/section>\n\t\t\t\t\t<\/div>\n\t\t<\/div>\n\t\t\t\t\t<\/div>\n\t\t<\/section>\n\t\t\t\t<section class=\"elementor-section elementor-top-section elementor-element elementor-element-c1d8fb4 elementor-section-boxed elementor-section-height-default elementor-section-height-default elementor-invisible\" data-id=\"c1d8fb4\" data-element_type=\"section\" data-e-type=\"section\" data-settings=\"{&quot;animation&quot;:&quot;fadeIn&quot;,&quot;animation_mobile&quot;:&quot;none&quot;}\">\n\t\t\t\t\t\t<div class=\"elementor-container elementor-column-gap-no\">\n\t\t\t\t\t<div class=\"elementor-column elementor-col-100 elementor-top-column elementor-element elementor-element-1d88e50\" data-id=\"1d88e50\" data-element_type=\"column\" data-e-type=\"column\">\n\t\t\t<div class=\"elementor-widget-wrap elementor-element-populated\">\n\t\t\t\t\t\t<section class=\"elementor-section elementor-inner-section elementor-element elementor-element-a39b3af elementor-reverse-mobile elementor-reverse-tablet elementor-section-boxed elementor-section-height-default elementor-section-height-default\" data-id=\"a39b3af\" data-element_type=\"section\" data-e-type=\"section\">\n\t\t\t\t\t\t<div class=\"elementor-container elementor-column-gap-default\">\n\t\t\t\t\t<div class=\"elementor-column elementor-col-100 elementor-inner-column elementor-element elementor-element-ef21b87 elementor-invisible\" data-id=\"ef21b87\" data-element_type=\"column\" data-e-type=\"column\" data-settings=\"{&quot;animation&quot;:&quot;fadeInRight&quot;,&quot;animation_mobile&quot;:&quot;none&quot;}\">\n\t\t\t<div class=\"elementor-widget-wrap elementor-element-populated\">\n\t\t\t\t\t\t<div class=\"elementor-element elementor-element-c4bb5bb elementor-widget elementor-widget-heading\" data-id=\"c4bb5bb\" data-element_type=\"widget\" data-e-type=\"widget\" data-widget_type=\"heading.default\">\n\t\t\t\t<div class=\"elementor-widget-container\">\n\t\t\t\t\t<h3 class=\"elementor-heading-title elementor-size-default\">ESLA wurde im Jahr 2000 mit einem klaren Ziel gegr\u00fcndet: ma\u00dfgefertigte Treppen und Plattformen.<\/h3>\t\t\t\t<\/div>\n\t\t\t\t<\/div>\n\t\t\t\t\t<\/div>\n\t\t<\/div>\n\t\t\t\t\t<\/div>\n\t\t<\/section>\n\t\t\t\t<section class=\"elementor-section elementor-inner-section elementor-element elementor-element-a547211 elementor-reverse-mobile elementor-reverse-tablet elementor-section-boxed elementor-section-height-default elementor-section-height-default\" data-id=\"a547211\" data-element_type=\"section\" data-e-type=\"section\">\n\t\t\t\t\t\t<div class=\"elementor-container elementor-column-gap-default\">\n\t\t\t\t\t<div class=\"elementor-column elementor-col-100 elementor-inner-column elementor-element elementor-element-27925c8 elementor-invisible\" data-id=\"27925c8\" data-element_type=\"column\" data-e-type=\"column\" data-settings=\"{&quot;animation&quot;:&quot;fadeInUp&quot;,&quot;animation_mobile&quot;:&quot;none&quot;}\">\n\t\t\t<div class=\"elementor-widget-wrap elementor-element-populated\">\n\t\t\t\t\t\t<div class=\"elementor-element elementor-element-99ca0a3 elementor-invisible elementor-widget elementor-widget-text-editor\" data-id=\"99ca0a3\" data-element_type=\"widget\" data-e-type=\"widget\" data-settings=\"{&quot;_animation&quot;:&quot;fadeInUp&quot;,&quot;_animation_mobile&quot;:&quot;none&quot;}\" data-widget_type=\"text-editor.default\">\n\t\t\t\t<div class=\"elementor-widget-container\">\n\t\t\t\t\t\t\t\t\t<p>Eine Abteilung f\u00fcr Ingenieurwesen ist f\u00fcr die Bearbeitung eingehender Anfragen zust\u00e4ndig. Innerhalb von etwa 7 Werktagen erstellen wir ein wirtschaftliches Angebot mit einem Plan, der die Konstruktion zeigt. In der Entwicklungsphase konstruieren wir nicht nur, sondern standardisieren das Produkt auch gem\u00e4\u00df allen geltenden Vorschriften. Mit der Fertigung des Produkts wird ein Konformit\u00e4tszertifikat ausgestellt.<\/p>\t\t\t\t\t\t\t\t<\/div>\n\t\t\t\t<\/div>\n\t\t\t\t\t<\/div>\n\t\t<\/div>\n\t\t\t\t\t<\/div>\n\t\t<\/section>\n\t\t\t\t\t<\/div>\n\t\t<\/div>\n\t\t\t\t\t<\/div>\n\t\t<\/section>\n\t\t\t\t<section class=\"elementor-section elementor-top-section elementor-element elementor-element-ecbd252 elementor-section-boxed elementor-section-height-default elementor-section-height-default\" data-id=\"ecbd252\" data-element_type=\"section\" data-e-type=\"section\">\n\t\t\t\t\t\t<div class=\"elementor-container elementor-column-gap-default\">\n\t\t\t\t\t<div class=\"elementor-column elementor-col-100 elementor-top-column elementor-element elementor-element-8997cf9\" data-id=\"8997cf9\" data-element_type=\"column\" data-e-type=\"column\">\n\t\t\t<div class=\"elementor-widget-wrap elementor-element-populated\">\n\t\t\t\t\t\t<div class=\"elementor-element elementor-element-1eb776b title_hover_border_enable title-two-line img_hover_animation_img_zoom_in title-alignment-center title_position_default grid-hover-overlay-type-always tpg-el-box-border-enable tpg-border-bottom-disable elementor-widget elementor-widget-tpg-grid-layout\" data-id=\"1eb776b\" data-element_type=\"widget\" data-e-type=\"widget\" data-widget_type=\"tpg-grid-layout.default\">\n\t\t\t\t<div class=\"elementor-widget-container\">\n\t\t\t\t\t\t\t<div class=\"rt-container-fluid rt-tpg-container tpg-el-main-wrapper clearfix grid-layout1-main \"\n\t\t\t id=\"rt-tpg-container-656444641\"\n\t\t\t data-layout=\"grid-layout1\"\n\t\t\t data-grid-style=\"tpg-full-height\"\n\t\t\t data-sc-id=\"elementor\"\n\t\t\t data-el-settings=''\n\t\t\t data-el-query=''\n\t\t\t data-el-path=''\n\t\t>\n\t\t\t\t\t\t\t<div id=\"bottom-script-loader\" class=\"bottom-script-loader\">\n\t\t\t\t\t<div class=\"rt-ball-clip-rotate\">\n\t\t\t\t\t\t<div><\/div>\n\t\t\t\t\t<\/div>\n\t\t\t\t<\/div>\n\t\t\t\t\t\t\t<div class='tpg-header-wrapper '>\n\t\t\t\t\t\t\t<\/div>\n\n\t\t\t<div data-title=\"Loading ...\" class=\"rt-row rt-content-loader grid-layout1 grid-behaviour tpg-full-height grid_layout_wrapper\">\n\t\t\t\t<div class=\"rt-col-md-4 rt-col-sm-6 rt-col-xs-12 img_zoom_in rt-grid-item post-12970 page type-page status-publish has-post-thumbnail hentry\"        data-id=\"12970\">\n    <div class=\"rt-holder tpg-post-holder \">\n        <div class=\"rt-detail rt-el-content-wrapper\">\n\t\t\t                <div class=\"rt-img-holder tpg-el-image-wrap has-thumbnail\">\n\t\t\t\t\t<a data-id=\"12970\" href=\"https:\/\/www.esla.eu\/de\/sektoren\/allgemeine-industrie\/\" class=\"tpg-post-link\" target=\"_self\">                        <img fetchpriority=\"high\" decoding=\"async\" src=\"https:\/\/www.esla.eu\/wp-content\/uploads\/2024\/03\/IMG_1223.png\"\n                             class=\"rt-img-responsive\"\n                             width=\"1080\"\n                             height=\"1080\"\n                             alt=\"Allgemeine Industrie\">\n                        \n                            \n        <\/a>\n                <div class=\"overlay grid-hover-content\"><\/div>\n                        <\/div>\n\t\t\t\n\t\t\t<div class=\"entry-title-wrapper\"><h3 class=\"entry-title\"><a data-id=\"12970\" href=\"https:\/\/www.esla.eu\/de\/sektoren\/allgemeine-industrie\/\" class=\"tpg-post-link\" target=\"_self\">Allgemeine Industrie<\/a><\/h3><\/div>\n\t\t\t\n\n\t\t\t\n\t\t\t        <\/div>\n    <\/div>\n<\/div>\n<div class=\"rt-col-md-4 rt-col-sm-6 rt-col-xs-12 img_zoom_in rt-grid-item post-13006 page type-page status-publish has-post-thumbnail hentry\"        data-id=\"13006\">\n    <div class=\"rt-holder tpg-post-holder \">\n        <div class=\"rt-detail rt-el-content-wrapper\">\n\t\t\t                <div class=\"rt-img-holder tpg-el-image-wrap has-thumbnail\">\n\t\t\t\t\t<a data-id=\"13006\" href=\"https:\/\/www.esla.eu\/de\/sektoren\/logistiksektor\/\" class=\"tpg-post-link\" target=\"_self\">                        <img decoding=\"async\" src=\"https:\/\/www.esla.eu\/wp-content\/uploads\/2024\/03\/DestLogistic.png\"\n                             class=\"rt-img-responsive\"\n                             width=\"784\"\n                             height=\"784\"\n                             alt=\"Logistiksektor\">\n                        \n                            \n        <\/a>\n                <div class=\"overlay grid-hover-content\"><\/div>\n                        <\/div>\n\t\t\t\n\t\t\t<div class=\"entry-title-wrapper\"><h3 class=\"entry-title\"><a data-id=\"13006\" href=\"https:\/\/www.esla.eu\/de\/sektoren\/logistiksektor\/\" class=\"tpg-post-link\" target=\"_self\">Logistiksektor<\/a><\/h3><\/div>\n\t\t\t\n\n\t\t\t\n\t\t\t        <\/div>\n    <\/div>\n<\/div>\n<div class=\"rt-col-md-4 rt-col-sm-6 rt-col-xs-12 img_zoom_in rt-grid-item post-12965 page type-page status-publish has-post-thumbnail hentry\"        data-id=\"12965\">\n    <div class=\"rt-holder tpg-post-holder \">\n        <div class=\"rt-detail rt-el-content-wrapper\">\n\t\t\t                <div class=\"rt-img-holder tpg-el-image-wrap has-thumbnail\">\n\t\t\t\t\t<a data-id=\"12965\" href=\"https:\/\/www.esla.eu\/de\/sektoren\/luftfahrtsektor\/\" class=\"tpg-post-link\" target=\"_self\">                        <img decoding=\"async\" src=\"https:\/\/www.esla.eu\/wp-content\/uploads\/2024\/03\/desrtAeronautic.png\"\n                             class=\"rt-img-responsive\"\n                             width=\"768\"\n                             height=\"768\"\n                             alt=\"Luftfahrtsektor\">\n                        \n                            \n        <\/a>\n                <div class=\"overlay grid-hover-content\"><\/div>\n                        <\/div>\n\t\t\t\n\t\t\t<div class=\"entry-title-wrapper\"><h3 class=\"entry-title\"><a data-id=\"12965\" href=\"https:\/\/www.esla.eu\/de\/sektoren\/luftfahrtsektor\/\" class=\"tpg-post-link\" target=\"_self\">Luftfahrtsektor<\/a><\/h3><\/div>\n\t\t\t\n\n\t\t\t\n\t\t\t        <\/div>\n    <\/div>\n<\/div>\n<div class=\"rt-col-md-4 rt-col-sm-6 rt-col-xs-12 img_zoom_in rt-grid-item post-13080 page type-page status-publish has-post-thumbnail hentry\"        data-id=\"13080\">\n    <div class=\"rt-holder tpg-post-holder \">\n        <div class=\"rt-detail rt-el-content-wrapper\">\n\t\t\t                <div class=\"rt-img-holder tpg-el-image-wrap has-thumbnail\">\n\t\t\t\t\t<a data-id=\"13080\" href=\"https:\/\/www.esla.eu\/de\/sektoren\/railway-sector\/\" class=\"tpg-post-link\" target=\"_self\">                        <img loading=\"lazy\" decoding=\"async\" src=\"https:\/\/www.esla.eu\/wp-content\/uploads\/2026\/02\/0-2001374.webp\"\n                             class=\"rt-img-responsive\"\n                             width=\"920\"\n                             height=\"920\"\n                             alt=\"Railway Sector\">\n                        \n                            \n        <\/a>\n                <div class=\"overlay grid-hover-content\"><\/div>\n                        <\/div>\n\t\t\t\n\t\t\t<div class=\"entry-title-wrapper\"><h3 class=\"entry-title\"><a data-id=\"13080\" href=\"https:\/\/www.esla.eu\/de\/sektoren\/railway-sector\/\" class=\"tpg-post-link\" target=\"_self\">Railway Sector<\/a><\/h3><\/div>\n\t\t\t\n\n\t\t\t\n\t\t\t        <\/div>\n    <\/div>\n<\/div>\n<div class=\"rt-col-md-4 rt-col-sm-6 rt-col-xs-12 img_zoom_in rt-grid-item post-13045 page type-page status-publish has-post-thumbnail hentry\"        data-id=\"13045\">\n    <div class=\"rt-holder tpg-post-holder \">\n        <div class=\"rt-detail rt-el-content-wrapper\">\n\t\t\t                <div class=\"rt-img-holder tpg-el-image-wrap has-thumbnail\">\n\t\t\t\t\t<a data-id=\"13045\" href=\"https:\/\/www.esla.eu\/de\/sektoren\/sektor-der-maschinenbauer\/\" class=\"tpg-post-link\" target=\"_self\">                        <img loading=\"lazy\" decoding=\"async\" src=\"https:\/\/www.esla.eu\/wp-content\/uploads\/2024\/03\/destFabricant-Maquinaria.png\"\n                             class=\"rt-img-responsive\"\n                             width=\"509\"\n                             height=\"509\"\n                             alt=\"Sektor der Maschinenbauer\">\n                        \n                            \n        <\/a>\n                <div class=\"overlay grid-hover-content\"><\/div>\n                        <\/div>\n\t\t\t\n\t\t\t<div class=\"entry-title-wrapper\"><h3 class=\"entry-title\"><a data-id=\"13045\" href=\"https:\/\/www.esla.eu\/de\/sektoren\/sektor-der-maschinenbauer\/\" class=\"tpg-post-link\" target=\"_self\">Sektor der Maschinenbauer<\/a><\/h3><\/div>\n\t\t\t\n\n\t\t\t\n\t\t\t        <\/div>\n    <\/div>\n<\/div>\n<div class=\"rt-col-md-4 rt-col-sm-6 rt-col-xs-12 img_zoom_in rt-grid-item post-13107 page type-page status-publish has-post-thumbnail hentry\"        data-id=\"13107\">\n    <div class=\"rt-holder tpg-post-holder \">\n        <div class=\"rt-detail rt-el-content-wrapper\">\n\t\t\t                <div class=\"rt-img-holder tpg-el-image-wrap has-thumbnail\">\n\t\t\t\t\t<a data-id=\"13107\" href=\"https:\/\/www.esla.eu\/de\/sektoren\/transportsektor\/\" class=\"tpg-post-link\" target=\"_self\">                        <img loading=\"lazy\" decoding=\"async\" src=\"https:\/\/www.esla.eu\/wp-content\/uploads\/2024\/03\/destTRansport.png\"\n                             class=\"rt-img-responsive\"\n                             width=\"1080\"\n                             height=\"1080\"\n                             alt=\"Transportsektor\">\n                        \n                            \n        <\/a>\n                <div class=\"overlay grid-hover-content\"><\/div>\n                        <\/div>\n\t\t\t\n\t\t\t<div class=\"entry-title-wrapper\"><h3 class=\"entry-title\"><a data-id=\"13107\" href=\"https:\/\/www.esla.eu\/de\/sektoren\/transportsektor\/\" class=\"tpg-post-link\" target=\"_self\">Transportsektor<\/a><\/h3><\/div>\n\t\t\t\n\n\t\t\t\n\t\t\t        <\/div>\n    <\/div>\n<\/div>\n\t\t\t<\/div>\n\t\t\t\n\t\t<\/div>\n\t\t\t\t\t\t<\/div>\n\t\t\t\t<\/div>\n\t\t\t\t\t<\/div>\n\t\t<\/div>\n\t\t\t\t\t<\/div>\n\t\t<\/section>\n\t\t\t\t<\/div>\n\t\t","protected":false},"excerpt":{"rendered":"<p>Wirtschaftssektoren Bei ESLA entwickeln wir ma\u00dfgeschneiderte Projekte f\u00fcr alle Arten von Industriezweigen. ESLA wurde im Jahr 2000 mit einem klaren Ziel gegr\u00fcndet: ma\u00dfgefertigte Treppen und Plattformen. Eine Abteilung f\u00fcr Ingenieurwesen ist f\u00fcr die Bearbeitung eingehender Anfragen zust\u00e4ndig. Innerhalb von etwa 7 Werktagen erstellen wir ein wirtschaftliches Angebot mit einem Plan, der die Konstruktion zeigt. In [&hellip;]<\/p>\n","protected":false},"author":1,"featured_media":0,"parent":0,"menu_order":0,"comment_status":"closed","ping_status":"closed","template":"page-templates\/pagebuilder.php","meta":{"inline_featured_image":false,"footnotes":""},"class_list":["post-12960","page","type-page","status-publish","hentry"],"rttpg_featured_image_url":null,"rttpg_author":{"display_name":"crealogica","author_link":"https:\/\/www.esla.eu\/de\/author\/crealogica\/"},"rttpg_comment":0,"rttpg_category":" <a href=\"https:\/\/www.esla.eu\/de\/?taxonomy=translation_priority&#038;term=opcional\" rel=\"tag\">Opcional<\/a>","rttpg_excerpt":"Wirtschaftssektoren Bei ESLA entwickeln wir ma\u00dfgeschneiderte Projekte f\u00fcr alle Arten von Industriezweigen. ESLA wurde im Jahr 2000 mit einem klaren Ziel gegr\u00fcndet: ma\u00dfgefertigte Treppen und Plattformen. Eine Abteilung f\u00fcr Ingenieurwesen ist f\u00fcr die Bearbeitung eingehender Anfragen zust\u00e4ndig. Innerhalb von etwa 7 Werktagen erstellen wir ein wirtschaftliches Angebot mit einem Plan, der die Konstruktion zeigt. In&hellip;","_links":{"self":[{"href":"https:\/\/www.esla.eu\/de\/wp-json\/wp\/v2\/pages\/12960","targetHints":{"allow":["GET"]}}],"collection":[{"href":"https:\/\/www.esla.eu\/de\/wp-json\/wp\/v2\/pages"}],"about":[{"href":"https:\/\/www.esla.eu\/de\/wp-json\/wp\/v2\/types\/page"}],"author":[{"embeddable":true,"href":"https:\/\/www.esla.eu\/de\/wp-json\/wp\/v2\/users\/1"}],"replies":[{"embeddable":true,"href":"https:\/\/www.esla.eu\/de\/wp-json\/wp\/v2\/comments?post=12960"}],"version-history":[{"count":4,"href":"https:\/\/www.esla.eu\/de\/wp-json\/wp\/v2\/pages\/12960\/revisions"}],"predecessor-version":[{"id":13220,"href":"https:\/\/www.esla.eu\/de\/wp-json\/wp\/v2\/pages\/12960\/revisions\/13220"}],"wp:attachment":[{"href":"https:\/\/www.esla.eu\/de\/wp-json\/wp\/v2\/media?parent=12960"}],"curies":[{"name":"wp","href":"https:\/\/api.w.org\/{rel}","templated":true}]}}