{"id":13159,"date":"2021-04-04T08:45:47","date_gmt":"2021-04-04T06:45:47","guid":{"rendered":"https:\/\/www.esla.eu\/services\/ite-esla-technical-inspections\/"},"modified":"2026-01-26T20:34:46","modified_gmt":"2026-01-26T19:34:46","slug":"ite-esla-technische-inspektionen","status":"publish","type":"page","link":"https:\/\/www.esla.eu\/de\/services\/ite-esla-technische-inspektionen\/","title":{"rendered":"ITE (ESLA Technische Inspektionen)"},"content":{"rendered":"\t\t<div data-elementor-type=\"wp-page\" data-elementor-id=\"13159\" class=\"elementor elementor-13159 elementor-5616\" data-elementor-post-type=\"page\">\n\t\t\t\t\t\t<section class=\"elementor-section elementor-top-section elementor-element elementor-element-1a8b3558 elementor-section-stretched elementor-section-full_width elementor-section-content-top elementor-section-height-default elementor-section-height-default elementor-invisible\" data-id=\"1a8b3558\" data-element_type=\"section\" data-e-type=\"section\" data-settings=\"{&quot;animation&quot;:&quot;fadeIn&quot;,&quot;animation_mobile&quot;:&quot;none&quot;,&quot;stretch_section&quot;:&quot;section-stretched&quot;,&quot;background_background&quot;:&quot;classic&quot;}\">\n\t\t\t\t\t\t<div class=\"elementor-container elementor-column-gap-default\">\n\t\t\t\t\t<div class=\"elementor-column elementor-col-100 elementor-top-column elementor-element elementor-element-1c676e33\" data-id=\"1c676e33\" data-element_type=\"column\" data-e-type=\"column\">\n\t\t\t<div class=\"elementor-widget-wrap elementor-element-populated\">\n\t\t\t\t\t\t<section class=\"elementor-section elementor-inner-section elementor-element elementor-element-2fa805d9 elementor-reverse-mobile elementor-reverse-tablet elementor-section-boxed elementor-section-height-default elementor-section-height-default\" data-id=\"2fa805d9\" data-element_type=\"section\" data-e-type=\"section\">\n\t\t\t\t\t\t<div class=\"elementor-container elementor-column-gap-no\">\n\t\t\t\t\t<div class=\"elementor-column elementor-col-100 elementor-inner-column elementor-element elementor-element-6c491686 elementor-invisible\" data-id=\"6c491686\" data-element_type=\"column\" data-e-type=\"column\" data-settings=\"{&quot;animation&quot;:&quot;fadeIn&quot;,&quot;animation_mobile&quot;:&quot;none&quot;}\">\n\t\t\t<div class=\"elementor-widget-wrap elementor-element-populated\">\n\t\t\t\t\t\t<section class=\"elementor-section elementor-inner-section elementor-element elementor-element-ca9dc4b elementor-section-content-middle elementor-section-boxed elementor-section-height-default elementor-section-height-default\" data-id=\"ca9dc4b\" data-element_type=\"section\" data-e-type=\"section\">\n\t\t\t\t\t\t<div class=\"elementor-container elementor-column-gap-default\">\n\t\t\t\t\t<div class=\"elementor-column elementor-col-100 elementor-inner-column elementor-element elementor-element-62fcf292\" data-id=\"62fcf292\" data-element_type=\"column\" data-e-type=\"column\">\n\t\t\t<div class=\"elementor-widget-wrap elementor-element-populated\">\n\t\t\t\t\t\t<div class=\"elementor-element elementor-element-6f568358 elementor-widget elementor-widget-shortcode\" data-id=\"6f568358\" data-element_type=\"widget\" data-e-type=\"widget\" data-widget_type=\"shortcode.default\">\n\t\t\t\t<div class=\"elementor-widget-container\">\n\t\t\t\t\t\t\t<div class=\"elementor-shortcode\"><nav aria-label=\"breadcrumbs\">\n            <div class=\"breadcrumb-container theme1\">\n                <ol>\n                                    <\/ol>\n            <\/div>\n        <\/nav>    <script type=\"application\/ld+json\">\n        {\n            \"@context\": \"http:\/\/schema.org\",\n            \"@type\": \"BreadcrumbList\",\n            \"itemListElement\": [\n                            ]\n        }\n    <\/script>\n   \n    <script>\n            <\/script>\n<\/div>\n\t\t\t\t\t\t<\/div>\n\t\t\t\t<\/div>\n\t\t\t\t\t<\/div>\n\t\t<\/div>\n\t\t\t\t\t<\/div>\n\t\t<\/section>\n\t\t\t\t<div class=\"elementor-element elementor-element-5acae076 elementor-widget elementor-widget-heading\" data-id=\"5acae076\" data-element_type=\"widget\" data-e-type=\"widget\" data-widget_type=\"heading.default\">\n\t\t\t\t<div class=\"elementor-widget-container\">\n\t\t\t\t\t<h1 class=\"elementor-heading-title elementor-size-default\">ESLA-technische Inspektionen<\/h1>\t\t\t\t<\/div>\n\t\t\t\t<\/div>\n\t\t\t\t<div class=\"elementor-element elementor-element-553da060 elementor-widget elementor-widget-text-editor\" data-id=\"553da060\" data-element_type=\"widget\" data-e-type=\"widget\" data-widget_type=\"text-editor.default\">\n\t\t\t\t<div class=\"elementor-widget-container\">\n\t\t\t\t\t\t\t\t\t<p>Wir bei ESLA wissen, wie wichtig Sicherheit und Effizienz in Ihren Anlagen sind. Deshalb freuen wir uns, Ihnen unseren spezialisierten Service f\u00fcr technische Inspektionen von ESLA anbieten zu k\u00f6nnen.<\/p>\t\t\t\t\t\t\t\t<\/div>\n\t\t\t\t<\/div>\n\t\t\t\t\t<\/div>\n\t\t<\/div>\n\t\t\t\t\t<\/div>\n\t\t<\/section>\n\t\t\t\t\t<\/div>\n\t\t<\/div>\n\t\t\t\t\t<\/div>\n\t\t<\/section>\n\t\t\t\t<section class=\"elementor-section elementor-top-section elementor-element elementor-element-1ca43ce4 elementor-section-stretched elementor-section-boxed elementor-section-height-default elementor-section-height-default\" data-id=\"1ca43ce4\" data-element_type=\"section\" data-e-type=\"section\" data-settings=\"{&quot;animation&quot;:&quot;none&quot;,&quot;animation_mobile&quot;:&quot;none&quot;,&quot;stretch_section&quot;:&quot;section-stretched&quot;}\">\n\t\t\t\t\t\t<div class=\"elementor-container elementor-column-gap-no\">\n\t\t\t\t\t<div class=\"elementor-column elementor-col-100 elementor-top-column elementor-element elementor-element-64209da3\" data-id=\"64209da3\" data-element_type=\"column\" data-e-type=\"column\">\n\t\t\t<div class=\"elementor-widget-wrap elementor-element-populated\">\n\t\t\t\t\t\t<section class=\"elementor-section elementor-inner-section elementor-element elementor-element-61e9fa2e elementor-reverse-mobile elementor-reverse-tablet elementor-section-boxed elementor-section-height-default elementor-section-height-default\" data-id=\"61e9fa2e\" data-element_type=\"section\" data-e-type=\"section\">\n\t\t\t\t\t\t<div class=\"elementor-container elementor-column-gap-default\">\n\t\t\t\t\t<div class=\"elementor-column elementor-col-33 elementor-inner-column elementor-element elementor-element-6f07a0e8 elementor-invisible\" data-id=\"6f07a0e8\" data-element_type=\"column\" data-e-type=\"column\" data-settings=\"{&quot;animation&quot;:&quot;fadeIn&quot;,&quot;animation_mobile&quot;:&quot;none&quot;}\">\n\t\t\t<div class=\"elementor-widget-wrap elementor-element-populated\">\n\t\t\t\t\t\t<div class=\"elementor-element elementor-element-4f441ae0 elementor-widget elementor-widget-heading\" data-id=\"4f441ae0\" data-element_type=\"widget\" data-e-type=\"widget\" data-widget_type=\"heading.default\">\n\t\t\t\t<div class=\"elementor-widget-container\">\n\t\t\t\t\t<h2 class=\"elementor-heading-title elementor-size-default\">Woraus besteht es?<\/h2>\t\t\t\t<\/div>\n\t\t\t\t<\/div>\n\t\t\t\t<div class=\"elementor-element elementor-element-1ecef799 elementor-widget elementor-widget-text-editor\" data-id=\"1ecef799\" data-element_type=\"widget\" data-e-type=\"widget\" data-widget_type=\"text-editor.default\">\n\t\t\t\t<div class=\"elementor-widget-container\">\n\t\t\t\t\t\t\t\t\t<p>Unser hochqualifiziertes Team besucht Ihre Anlage, um eine gr\u00fcndliche Inspektion all Ihrer ESLA-Treppen und -Plattformen durchzuf\u00fchren. Im Rahmen dieser Pr\u00fcfung untersuchen wir jedes Bauteil und jede Konstruktion auf Anzeichen von Verschlei\u00df, Besch\u00e4digungen oder Funktionsst\u00f6rungen.<\/p>\t\t\t\t\t\t\t\t<\/div>\n\t\t\t\t<\/div>\n\t\t\t\t\t<\/div>\n\t\t<\/div>\n\t\t\t\t<div class=\"elementor-column elementor-col-33 elementor-inner-column elementor-element elementor-element-97955d5 animated-slow elementor-invisible\" data-id=\"97955d5\" data-element_type=\"column\" data-e-type=\"column\" data-settings=\"{&quot;animation&quot;:&quot;fadeIn&quot;,&quot;animation_mobile&quot;:&quot;none&quot;}\">\n\t\t\t<div class=\"elementor-widget-wrap elementor-element-populated\">\n\t\t\t\t\t\t<div class=\"elementor-element elementor-element-d98ea84 elementor-widget elementor-widget-heading\" data-id=\"d98ea84\" data-element_type=\"widget\" data-e-type=\"widget\" data-widget_type=\"heading.default\">\n\t\t\t\t<div class=\"elementor-widget-container\">\n\t\t\t\t\t<h2 class=\"elementor-heading-title elementor-size-default\">Vorteile unseres ITE-Services:<\/h2>\t\t\t\t<\/div>\n\t\t\t\t<\/div>\n\t\t\t\t<div class=\"elementor-element elementor-element-c80b1b0 elementor-widget elementor-widget-text-editor\" data-id=\"c80b1b0\" data-element_type=\"widget\" data-e-type=\"widget\" data-widget_type=\"text-editor.default\">\n\t\t\t\t<div class=\"elementor-widget-container\">\n\t\t\t\t\t\t\t\t\t<ul>\n<li><strong>Sicherheit hat oberste Priorit\u00e4t:<\/strong> Die Sicherheit Ihrer Anlagen und Betriebsabl\u00e4ufe ist f\u00fcr uns von h\u00f6chster Bedeutung. Unsere gr\u00fcndliche Inspektion stellt sicher, dass sich alle Ihre Treppen in optimalem Zustand befinden und h\u00f6chsten Sicherheitsstandards entsprechen.<\/li>\n\n<li><strong>Vorbeugende Wartung:<\/strong> Wir erkennen und beheben potenzielle Probleme, bevor sie zu einem echten Risiko werden, und helfen so, Unf\u00e4lle und kostspielige Ausfallzeiten zu vermeiden.<\/li>\n\n<li><strong>Leistungsoptimierung:<\/strong> Indem wir sicherstellen, dass Ihre Treppen in gutem Zustand sind und einwandfrei funktionieren, tragen wir dazu bei, ihre Effizienz und Langlebigkeit zu maximieren.<\/li>\n\n<\/ul>\t\t\t\t\t\t\t\t<\/div>\n\t\t\t\t<\/div>\n\t\t\t\t\t<\/div>\n\t\t<\/div>\n\t\t\t\t<div class=\"elementor-column elementor-col-33 elementor-inner-column elementor-element elementor-element-55f58363 animated-fast elementor-invisible\" data-id=\"55f58363\" data-element_type=\"column\" data-e-type=\"column\" data-settings=\"{&quot;animation&quot;:&quot;fadeIn&quot;,&quot;animation_mobile&quot;:&quot;none&quot;}\">\n\t\t\t<div class=\"elementor-widget-wrap elementor-element-populated\">\n\t\t\t\t\t\t<div class=\"elementor-element elementor-element-1e4a28e7 elementor-widget elementor-widget-heading\" data-id=\"1e4a28e7\" data-element_type=\"widget\" data-e-type=\"widget\" data-widget_type=\"heading.default\">\n\t\t\t\t<div class=\"elementor-widget-container\">\n\t\t\t\t\t<h3 class=\"elementor-heading-title elementor-size-default\">Weil es so ist?<\/h3>\t\t\t\t<\/div>\n\t\t\t\t<\/div>\n\t\t\t\t<div class=\"elementor-element elementor-element-69f7d2b6 elementor-widget elementor-widget-text-editor\" data-id=\"69f7d2b6\" data-element_type=\"widget\" data-e-type=\"widget\" data-widget_type=\"text-editor.default\">\n\t\t\t\t<div class=\"elementor-widget-container\">\n\t\t\t\t\t\t\t\t\t<ul>\n<li><strong>Erfahrung und Professionalit\u00e4t<\/strong>: Dank jahrelanger Branchenerfahrung verf\u00fcgt unser Team \u00fcber das n\u00f6tige Wissen und die Erfahrung, um gr\u00fcndliche Inspektionen\nvon h\u00f6chster Qualit\u00e4t durchzuf\u00fchren.<\/li>\n\n<li><strong>Individuelle Anpassung:<\/strong> Wir passen unsere Dienstleistungen an Ihre spezifischen Bed\u00fcrfnisse an und gew\u00e4hrleisten pr\u00e4zise und vollst\u00e4ndige Ergebnisse.<\/li>\n\n<li><strong>Komfort:<\/strong> Wir richten uns nach Ihrem Zeitplan und minimieren St\u00f6rungen Ihres Betriebs w\u00e4hrend der Inspektion.<\/li>\n<\/ul>\t\t\t\t\t\t\t\t<\/div>\n\t\t\t\t<\/div>\n\t\t\t\t\t<\/div>\n\t\t<\/div>\n\t\t\t\t\t<\/div>\n\t\t<\/section>\n\t\t\t\t<section class=\"elementor-section elementor-inner-section elementor-element elementor-element-9532539 elementor-reverse-mobile elementor-reverse-tablet elementor-section-boxed elementor-section-height-default elementor-section-height-default\" data-id=\"9532539\" data-element_type=\"section\" data-e-type=\"section\">\n\t\t\t\t\t\t<div class=\"elementor-container elementor-column-gap-default\">\n\t\t\t\t\t<div class=\"elementor-column elementor-col-100 elementor-inner-column elementor-element elementor-element-7cf1bf2 elementor-invisible\" data-id=\"7cf1bf2\" data-element_type=\"column\" data-e-type=\"column\" data-settings=\"{&quot;animation&quot;:&quot;fadeIn&quot;,&quot;animation_mobile&quot;:&quot;none&quot;}\">\n\t\t\t<div class=\"elementor-widget-wrap elementor-element-populated\">\n\t\t\t\t\t\t<div class=\"elementor-element elementor-element-969edef elementor-invisible elementor-widget elementor-widget-heading\" data-id=\"969edef\" data-element_type=\"widget\" data-e-type=\"widget\" data-settings=\"{&quot;_animation&quot;:&quot;fadeIn&quot;}\" data-widget_type=\"heading.default\">\n\t\t\t\t<div class=\"elementor-widget-container\">\n\t\t\t\t\t<h3 class=\"elementor-heading-title elementor-size-default\">Sorgen Sie mit ESLA f\u00fcr sichere und effiziente Anlagen!<\/h3>\t\t\t\t<\/div>\n\t\t\t\t<\/div>\n\t\t\t\t\t<\/div>\n\t\t<\/div>\n\t\t\t\t\t<\/div>\n\t\t<\/section>\n\t\t\t\t\t<\/div>\n\t\t<\/div>\n\t\t\t\t\t<\/div>\n\t\t<\/section>\n\t\t\t\t<\/div>\n\t\t","protected":false},"excerpt":{"rendered":"<p>ESLA-technische Inspektionen Wir bei ESLA wissen, wie wichtig Sicherheit und Effizienz in Ihren Anlagen sind. Deshalb freuen wir uns, Ihnen unseren spezialisierten Service f\u00fcr technische Inspektionen von ESLA anbieten zu k\u00f6nnen. Woraus besteht es? Unser hochqualifiziertes Team besucht Ihre Anlage, um eine gr\u00fcndliche Inspektion all Ihrer ESLA-Treppen und -Plattformen durchzuf\u00fchren. Im Rahmen dieser Pr\u00fcfung untersuchen [&hellip;]<\/p>\n","protected":false},"author":1,"featured_media":13161,"parent":13131,"menu_order":0,"comment_status":"closed","ping_status":"closed","template":"page-templates\/pagebuilder.php","meta":{"inline_featured_image":false,"footnotes":""},"class_list":["post-13159","page","type-page","status-publish","has-post-thumbnail","hentry"],"rttpg_featured_image_url":{"full":["https:\/\/www.esla.eu\/wp-content\/uploads\/2025\/02\/IMG_0329.png",2048,1431,false],"landscape":["https:\/\/www.esla.eu\/wp-content\/uploads\/2025\/02\/IMG_0329.png",2048,1431,false],"portraits":["https:\/\/www.esla.eu\/wp-content\/uploads\/2025\/02\/IMG_0329.png",2048,1431,false],"thumbnail":["https:\/\/www.esla.eu\/wp-content\/uploads\/2025\/02\/IMG_0329-150x150.png",150,150,true],"medium":["https:\/\/www.esla.eu\/wp-content\/uploads\/2025\/02\/IMG_0329-300x210.png",300,210,true],"large":["https:\/\/www.esla.eu\/wp-content\/uploads\/2025\/02\/IMG_0329-1024x715.png",812,567,true],"1536x1536":["https:\/\/www.esla.eu\/wp-content\/uploads\/2025\/02\/IMG_0329-1536x1073.png",1536,1073,true],"2048x2048":["https:\/\/www.esla.eu\/wp-content\/uploads\/2025\/02\/IMG_0329-2048x1431.png",2048,1431,true],"woocommerce_thumbnail":["https:\/\/www.esla.eu\/wp-content\/uploads\/2025\/02\/IMG_0329-300x210.png",300,210,true],"woocommerce_single":["https:\/\/www.esla.eu\/wp-content\/uploads\/2025\/02\/IMG_0329-600x419.png",600,419,true],"woocommerce_gallery_thumbnail":["https:\/\/www.esla.eu\/wp-content\/uploads\/2025\/02\/IMG_0329-100x70.png",100,70,true]},"rttpg_author":{"display_name":"crealogica","author_link":"https:\/\/www.esla.eu\/de\/author\/crealogica\/"},"rttpg_comment":0,"rttpg_category":" <a href=\"https:\/\/www.esla.eu\/de\/?taxonomy=translation_priority&#038;term=opcional\" rel=\"tag\">Opcional<\/a>","rttpg_excerpt":"ESLA-technische Inspektionen Wir bei ESLA wissen, wie wichtig Sicherheit und Effizienz in Ihren Anlagen sind. Deshalb freuen wir uns, Ihnen unseren spezialisierten Service f\u00fcr technische Inspektionen von ESLA anbieten zu k\u00f6nnen. Woraus besteht es? Unser hochqualifiziertes Team besucht Ihre Anlage, um eine gr\u00fcndliche Inspektion all Ihrer ESLA-Treppen und -Plattformen durchzuf\u00fchren. Im Rahmen dieser Pr\u00fcfung untersuchen&hellip;","_links":{"self":[{"href":"https:\/\/www.esla.eu\/de\/wp-json\/wp\/v2\/pages\/13159","targetHints":{"allow":["GET"]}}],"collection":[{"href":"https:\/\/www.esla.eu\/de\/wp-json\/wp\/v2\/pages"}],"about":[{"href":"https:\/\/www.esla.eu\/de\/wp-json\/wp\/v2\/types\/page"}],"author":[{"embeddable":true,"href":"https:\/\/www.esla.eu\/de\/wp-json\/wp\/v2\/users\/1"}],"replies":[{"embeddable":true,"href":"https:\/\/www.esla.eu\/de\/wp-json\/wp\/v2\/comments?post=13159"}],"version-history":[{"count":4,"href":"https:\/\/www.esla.eu\/de\/wp-json\/wp\/v2\/pages\/13159\/revisions"}],"predecessor-version":[{"id":13209,"href":"https:\/\/www.esla.eu\/de\/wp-json\/wp\/v2\/pages\/13159\/revisions\/13209"}],"up":[{"embeddable":true,"href":"https:\/\/www.esla.eu\/de\/wp-json\/wp\/v2\/pages\/13131"}],"wp:featuredmedia":[{"embeddable":true,"href":"https:\/\/www.esla.eu\/de\/wp-json\/wp\/v2\/media\/13161"}],"wp:attachment":[{"href":"https:\/\/www.esla.eu\/de\/wp-json\/wp\/v2\/media?parent=13159"}],"curies":[{"name":"wp","href":"https:\/\/api.w.org\/{rel}","templated":true}]}}