{"id":13403,"date":"2025-02-14T11:20:00","date_gmt":"2025-02-14T10:20:00","guid":{"rendered":"https:\/\/www.esla.eu\/productos\/unkategorisiert\/2001579-hoehenverstellbare-mobile-plattform\/"},"modified":"2025-02-14T11:20:00","modified_gmt":"2025-02-14T10:20:00","slug":"2001579-hoehenverstellbare-mobile-plattform","status":"publish","type":"product","link":"https:\/\/www.esla.eu\/de\/productos\/hohenverstellbare-wartungsplattformen\/2001579-hoehenverstellbare-mobile-plattform\/","title":{"rendered":"2001579 &#8211; H\u00f6henverstellbare mobile Plattform"},"content":{"rendered":"<div class=\"elementor-column elementor-col-50 elementor-inner-column elementor-element elementor-element-d2cda06 animated fadeInLeft\" data-id=\"d2cda06\" data-element_type=\"column\" data-settings=\"{\"animation\":\"fadeInLeft\",\"animation_mobile\":\"none\"}\">\n<div class=\"elementor-widget-wrap elementor-element-populated\">\n<div class=\"elementor-element elementor-element-a6d3ac0 elementor-widget elementor-widget-text-editor\" data-id=\"a6d3ac0\" data-element_type=\"widget\" data-widget_type=\"text-editor.default\">\n<div class=\"elementor-widget-container\">\n<p>Die Plattform ist so konzipiert, dass sie um den Lkw herum eingesetzt werden kann und eine vielseitige und sichere L\u00f6sung f\u00fcr eine Vielzahl von Wartungs- und Servicearbeiten bietet. Mit ihrem ergonomischen Design und ihrer<br \/>\nrobusten Konstruktion bietet unsere Plattform einen bequemen Zugang zu verschiedenen Bereichen des Lkw und erleichtert so Inspektions-, Reparatur- und Reinigungsarbeiten. <\/p>\n<p>Ausgestattet mit umfassenden Sicherheitsmerkmalen garantieren wir eine gesch\u00fctzte Arbeitsumgebung f\u00fcr die Bediener.<\/p>\n<\/div>\n<\/div>\n<\/div>\n<\/div>\n<div class=\"elementor-column elementor-col-50 elementor-inner-column elementor-element elementor-element-e2ede26 animated fadeInRight\" data-id=\"e2ede26\" data-element_type=\"column\" data-settings=\"{\"animation\":\"fadeInRight\",\"animation_mobile\":\"none\"}\">\n<div class=\"elementor-widget-wrap elementor-element-populated\">\n<div class=\"elementor-element elementor-element-f44fd01 elementor-widget elementor-widget-text-editor\" data-id=\"f44fd01\" data-element_type=\"widget\" data-widget_type=\"text-editor.default\">\n<div class=\"elementor-widget-container\">\n<ul>\n<li>Sie deckt eine Regulierung zwischen 1800 und 2200 mm ab. Die Bedienung erfolgt manuell \u00fcber eine Kurbel und eine Zahnstange. <\/li>\n<li>Die Zugangsleiter zur Plattform ist ein Parallelogramm, das seine Neigung an die einstellbare H\u00f6he anpasst.<\/li>\n<li>Bremssystem mit Hebel, der die R\u00e4der gleichzeitig blockiert.<\/li>\n<li>Die Plattform ist mit einem Gummiprofil ausgestattet, um Kontakt zu vermeiden, und hat einen kleinen \u00dcberhang von ca. 200 mm, um n\u00e4her an das Fahrzeug heranzukommen.<\/li>\n<li>Ausgestattet mit Handl\u00e4ufen und automatischer T\u00fcr, um die Sicherheit der Arbeiter zu gew\u00e4hrleisten.<\/li>\n<li>Vorbereitet f\u00fcr die gleichzeitige Arbeit von 2 Personen.<\/li>\n<\/ul>\n<\/div>\n<\/div>\n<\/div>\n<\/div>\n","protected":false},"excerpt":{"rendered":"<p>Die Plattform ist so konzipiert, dass sie um den Lkw herum eingesetzt werden kann und eine vielseitige und sichere L\u00f6sung f\u00fcr eine Vielzahl von Wartungs- und Servicearbeiten bietet. Mit ihrem ergonomischen Design und ihrer robusten Konstruktion bietet unsere Plattform einen bequemen Zugang zu verschiedenen Bereichen des Lkw und erleichtert so Inspektions-, Reparatur- und Reinigungsarbeiten. Ausgestattet [&hellip;]<\/p>\n","protected":false},"featured_media":13404,"template":"","meta":{"inline_featured_image":false},"product_brand":[],"product_cat":[431],"product_tag":[],"class_list":{"0":"post-13403","1":"product","2":"type-product","3":"status-publish","4":"has-post-thumbnail","6":"product_cat-hohenverstellbare-wartungsplattformen","8":"first","9":"instock","10":"shipping-taxable","11":"product-type-simple"},"_links":{"self":[{"href":"https:\/\/www.esla.eu\/de\/wp-json\/wp\/v2\/product\/13403","targetHints":{"allow":["GET"]}}],"collection":[{"href":"https:\/\/www.esla.eu\/de\/wp-json\/wp\/v2\/product"}],"about":[{"href":"https:\/\/www.esla.eu\/de\/wp-json\/wp\/v2\/types\/product"}],"wp:featuredmedia":[{"embeddable":true,"href":"https:\/\/www.esla.eu\/de\/wp-json\/wp\/v2\/media\/13404"}],"wp:attachment":[{"href":"https:\/\/www.esla.eu\/de\/wp-json\/wp\/v2\/media?parent=13403"}],"wp:term":[{"taxonomy":"product_brand","embeddable":true,"href":"https:\/\/www.esla.eu\/de\/wp-json\/wp\/v2\/product_brand?post=13403"},{"taxonomy":"product_cat","embeddable":true,"href":"https:\/\/www.esla.eu\/de\/wp-json\/wp\/v2\/product_cat?post=13403"},{"taxonomy":"product_tag","embeddable":true,"href":"https:\/\/www.esla.eu\/de\/wp-json\/wp\/v2\/product_tag?post=13403"}],"curies":[{"name":"wp","href":"https:\/\/api.w.org\/{rel}","templated":true}]}}