{"id":13412,"date":"2024-04-02T11:38:37","date_gmt":"2024-04-02T09:38:37","guid":{"rendered":"https:\/\/www.esla.eu\/productos\/unkategorisiert\/a34000800-aufgeweitete-aluminiumstufe-800-mm-serie-10103-10403\/"},"modified":"2024-04-02T11:38:37","modified_gmt":"2024-04-02T09:38:37","slug":"a34000800-aufgeweitete-aluminiumstufe-800-mm-serie-10103-10403","status":"publish","type":"product","link":"https:\/\/www.esla.eu\/de\/productos\/zubehoer\/stufentyp\/a34000800-aufgeweitete-aluminiumstufe-800-mm-serie-10103-10403\/","title":{"rendered":"A34000800 \u2013 Aufgeweitete Aluminiumstufe 800 mm \u2013 Serie 10103 10403"},"content":{"rendered":"<p>800 mm aufgeweitete Aluminiumstufe<\/p>\n<p>Sie wird haupts\u00e4chlich in Umgebungen eingesetzt, in denen es rutschige Substanzen wie \u00d6le gibt.<\/p>\n<p>Es m\u00fcssen so viele Einheiten bestellt werden, wie in der Datentabelle angegeben sind + 2<\/p>\n<p>Serie 10103-10403<\/p>\n","protected":false},"excerpt":{"rendered":"<p>800 mm aufgeweitete Aluminiumstufe Sie wird haupts\u00e4chlich in Umgebungen eingesetzt, in denen es rutschige Substanzen wie \u00d6le gibt. Es m\u00fcssen so viele Einheiten bestellt werden, wie in der Datentabelle angegeben sind + 2 Serie 10103-10403<\/p>\n","protected":false},"featured_media":5484,"template":"","meta":{"inline_featured_image":false},"product_brand":[],"product_cat":[433],"product_tag":[],"class_list":{"0":"post-13412","1":"product","2":"type-product","3":"status-publish","4":"has-post-thumbnail","6":"product_cat-stufentyp","8":"first","9":"instock","10":"shipping-taxable","11":"product-type-simple"},"_links":{"self":[{"href":"https:\/\/www.esla.eu\/de\/wp-json\/wp\/v2\/product\/13412","targetHints":{"allow":["GET"]}}],"collection":[{"href":"https:\/\/www.esla.eu\/de\/wp-json\/wp\/v2\/product"}],"about":[{"href":"https:\/\/www.esla.eu\/de\/wp-json\/wp\/v2\/types\/product"}],"wp:featuredmedia":[{"embeddable":true,"href":"https:\/\/www.esla.eu\/de\/wp-json\/wp\/v2\/media\/5484"}],"wp:attachment":[{"href":"https:\/\/www.esla.eu\/de\/wp-json\/wp\/v2\/media?parent=13412"}],"wp:term":[{"taxonomy":"product_brand","embeddable":true,"href":"https:\/\/www.esla.eu\/de\/wp-json\/wp\/v2\/product_brand?post=13412"},{"taxonomy":"product_cat","embeddable":true,"href":"https:\/\/www.esla.eu\/de\/wp-json\/wp\/v2\/product_cat?post=13412"},{"taxonomy":"product_tag","embeddable":true,"href":"https:\/\/www.esla.eu\/de\/wp-json\/wp\/v2\/product_tag?post=13412"}],"curies":[{"name":"wp","href":"https:\/\/api.w.org\/{rel}","templated":true}]}}