{"id":13414,"date":"2024-04-02T11:39:46","date_gmt":"2024-04-02T09:39:46","guid":{"rendered":"https:\/\/www.esla.eu\/productos\/unkategorisiert\/a08100600-tramex-stufe-aus-verzinktem-eisen-600-mm-serie-10100-10105-10200-10205-10300-10305-10400-10405\/"},"modified":"2024-04-02T11:39:46","modified_gmt":"2024-04-02T09:39:46","slug":"a08100600-tramex-stufe-aus-verzinktem-eisen-600-mm-serie-10100-10105-10200-10205-10300-10305-10400-10405","status":"publish","type":"product","link":"https:\/\/www.esla.eu\/de\/productos\/zubehoer\/stufentyp\/a08100600-tramex-stufe-aus-verzinktem-eisen-600-mm-serie-10100-10105-10200-10205-10300-10305-10400-10405\/","title":{"rendered":"A08100600 \u2013 Tramex-Stufe aus verzinktem Eisen, 600 mm \u2013 Serie 10100 10105 10200 10205 10300 10305 10400 10405"},"content":{"rendered":"<p>Tramex-Stufe aus verzinktem Eisen, 600 mm.<\/p>\n<p>Sie wird haupts\u00e4chlich aus 2 Gr\u00fcnden verwendet:<\/p>\n<p>1. Bei Arbeiten im Freien kann Wasser abflie\u00dfen, wodurch die Rutschgefahr verringert wird.<\/p>\n<p>2. In Umgebungen, in denen es rutschige Substanzen wie \u00d6le gibt.<\/p>\n<p>F\u00fcr mobile Plattformen ist der Hauptnachteil, dass das Gewicht stark zunimmt.<\/p>\n<p>Es m\u00fcssen so viele Einheiten bestellt werden, wie Stufen in der Treppe vorhanden sind.<\/p>\n<p>Serien 10100 bis 10105 \/ 10200-10205 \/ 10300-10305 \/ 10400-10405<\/p>\n","protected":false},"excerpt":{"rendered":"<p>Tramex-Stufe aus verzinktem Eisen, 600 mm. Sie wird haupts\u00e4chlich aus 2 Gr\u00fcnden verwendet: 1. Bei Arbeiten im Freien kann Wasser abflie\u00dfen, wodurch die Rutschgefahr verringert wird. 2. In Umgebungen, in denen es rutschige Substanzen wie \u00d6le gibt. F\u00fcr mobile Plattformen ist der Hauptnachteil, dass das Gewicht stark zunimmt. Es m\u00fcssen so viele Einheiten bestellt werden, [&hellip;]<\/p>\n","protected":false},"featured_media":5490,"template":"","meta":{"inline_featured_image":false},"product_brand":[],"product_cat":[433],"product_tag":[],"class_list":{"0":"post-13414","1":"product","2":"type-product","3":"status-publish","4":"has-post-thumbnail","6":"product_cat-stufentyp","8":"first","9":"instock","10":"shipping-taxable","11":"product-type-simple"},"_links":{"self":[{"href":"https:\/\/www.esla.eu\/de\/wp-json\/wp\/v2\/product\/13414","targetHints":{"allow":["GET"]}}],"collection":[{"href":"https:\/\/www.esla.eu\/de\/wp-json\/wp\/v2\/product"}],"about":[{"href":"https:\/\/www.esla.eu\/de\/wp-json\/wp\/v2\/types\/product"}],"wp:featuredmedia":[{"embeddable":true,"href":"https:\/\/www.esla.eu\/de\/wp-json\/wp\/v2\/media\/5490"}],"wp:attachment":[{"href":"https:\/\/www.esla.eu\/de\/wp-json\/wp\/v2\/media?parent=13414"}],"wp:term":[{"taxonomy":"product_brand","embeddable":true,"href":"https:\/\/www.esla.eu\/de\/wp-json\/wp\/v2\/product_brand?post=13414"},{"taxonomy":"product_cat","embeddable":true,"href":"https:\/\/www.esla.eu\/de\/wp-json\/wp\/v2\/product_cat?post=13414"},{"taxonomy":"product_tag","embeddable":true,"href":"https:\/\/www.esla.eu\/de\/wp-json\/wp\/v2\/product_tag?post=13414"}],"curies":[{"name":"wp","href":"https:\/\/api.w.org\/{rel}","templated":true}]}}