{"id":13416,"date":"2024-04-02T11:41:13","date_gmt":"2024-04-02T09:41:13","guid":{"rendered":"https:\/\/www.esla.eu\/productos\/unkategorisiert\/a08100800-tramex-stufe-aus-verzinktem-eisen-800-mm-serie-10103-10403\/"},"modified":"2024-04-02T11:41:13","modified_gmt":"2024-04-02T09:41:13","slug":"a08100800-tramex-stufe-aus-verzinktem-eisen-800-mm-serie-10103-10403","status":"publish","type":"product","link":"https:\/\/www.esla.eu\/de\/productos\/zubehoer\/stufentyp\/a08100800-tramex-stufe-aus-verzinktem-eisen-800-mm-serie-10103-10403\/","title":{"rendered":"A08100800 \u2013 Tramex-Stufe aus verzinktem Eisen, 800 mm \u2013 Serie 10103 10403"},"content":{"rendered":"<p>Tramex-Stufe aus verzinktem Eisen, 800 mm.<\/p>\n<p>Sie wird haupts\u00e4chlich aus 2 Gr\u00fcnden verwendet:<\/p>\n<p>1. Bei Arbeiten im Freien kann Wasser abflie\u00dfen, wodurch die Rutschgefahr verringert wird.<\/p>\n<p>2. In Umgebungen, in denen es rutschige Substanzen wie \u00d6le gibt.<\/p>\n<p>F\u00fcr mobile Plattformen ist der Hauptnachteil, dass das Gewicht stark zunimmt.<\/p>\n<p>Es m\u00fcssen so viele Einheiten bestellt werden, wie Stufen in der Treppe vorhanden sind.<\/p>\n<p>Serie 10103\/10403<\/p>\n","protected":false},"excerpt":{"rendered":"<p>Tramex-Stufe aus verzinktem Eisen, 800 mm. Sie wird haupts\u00e4chlich aus 2 Gr\u00fcnden verwendet: 1. Bei Arbeiten im Freien kann Wasser abflie\u00dfen, wodurch die Rutschgefahr verringert wird. 2. In Umgebungen, in denen es rutschige Substanzen wie \u00d6le gibt. F\u00fcr mobile Plattformen ist der Hauptnachteil, dass das Gewicht stark zunimmt. Es m\u00fcssen so viele Einheiten bestellt werden, [&hellip;]<\/p>\n","protected":false},"featured_media":5496,"template":"","meta":{"inline_featured_image":false},"product_brand":[],"product_cat":[433],"product_tag":[],"class_list":{"0":"post-13416","1":"product","2":"type-product","3":"status-publish","4":"has-post-thumbnail","6":"product_cat-stufentyp","8":"first","9":"instock","10":"shipping-taxable","11":"product-type-simple"},"_links":{"self":[{"href":"https:\/\/www.esla.eu\/de\/wp-json\/wp\/v2\/product\/13416","targetHints":{"allow":["GET"]}}],"collection":[{"href":"https:\/\/www.esla.eu\/de\/wp-json\/wp\/v2\/product"}],"about":[{"href":"https:\/\/www.esla.eu\/de\/wp-json\/wp\/v2\/types\/product"}],"wp:featuredmedia":[{"embeddable":true,"href":"https:\/\/www.esla.eu\/de\/wp-json\/wp\/v2\/media\/5496"}],"wp:attachment":[{"href":"https:\/\/www.esla.eu\/de\/wp-json\/wp\/v2\/media?parent=13416"}],"wp:term":[{"taxonomy":"product_brand","embeddable":true,"href":"https:\/\/www.esla.eu\/de\/wp-json\/wp\/v2\/product_brand?post=13416"},{"taxonomy":"product_cat","embeddable":true,"href":"https:\/\/www.esla.eu\/de\/wp-json\/wp\/v2\/product_cat?post=13416"},{"taxonomy":"product_tag","embeddable":true,"href":"https:\/\/www.esla.eu\/de\/wp-json\/wp\/v2\/product_tag?post=13416"}],"curies":[{"name":"wp","href":"https:\/\/api.w.org\/{rel}","templated":true}]}}