{"id":13418,"date":"2024-04-02T11:36:58","date_gmt":"2024-04-02T09:36:58","guid":{"rendered":"https:\/\/www.esla.eu\/productos\/unkategorisiert\/a34000600-geboerdelte-aluminiumstufe-600-mm-serie-10100-10105-10200-10205-10300-10305-10400-10405\/"},"modified":"2024-04-02T11:36:58","modified_gmt":"2024-04-02T09:36:58","slug":"a34000600-geboerdelte-aluminiumstufe-600-mm-serie-10100-10105-10200-10205-10300-10305-10400-10405","status":"publish","type":"product","link":"https:\/\/www.esla.eu\/de\/productos\/zubehoer\/stufentyp\/a34000600-geboerdelte-aluminiumstufe-600-mm-serie-10100-10105-10200-10205-10300-10305-10400-10405\/","title":{"rendered":"A34000600 \u2013 Geb\u00f6rdelte Aluminiumstufe 600 mm \u2013 Serie 10100 10105 10200 10205 10300 10305 10400 10405"},"content":{"rendered":"<p>Geb\u00f6rdelte Aluminiumstufe 600 mm<\/p>\n<p>Sie wird haupts\u00e4chlich in Umgebungen eingesetzt, in denen es rutschige Substanzen wie \u00d6le gibt.<\/p>\n<p>Es m\u00fcssen so viele Einheiten bestellt werden, wie in der Datentabelle angegeben sind + 2<\/p>\n<p>Serien 10100 bis 10105 \/ 10200-10205 \/ 10300-10305 \/ 10400-10405<\/p>\n","protected":false},"excerpt":{"rendered":"<p>Geb\u00f6rdelte Aluminiumstufe 600 mm Sie wird haupts\u00e4chlich in Umgebungen eingesetzt, in denen es rutschige Substanzen wie \u00d6le gibt. Es m\u00fcssen so viele Einheiten bestellt werden, wie in der Datentabelle angegeben sind + 2 Serien 10100 bis 10105 \/ 10200-10205 \/ 10300-10305 \/ 10400-10405<\/p>\n","protected":false},"featured_media":5478,"template":"","meta":{"inline_featured_image":false},"product_brand":[],"product_cat":[433],"product_tag":[],"class_list":{"0":"post-13418","1":"product","2":"type-product","3":"status-publish","4":"has-post-thumbnail","6":"product_cat-stufentyp","8":"first","9":"instock","10":"shipping-taxable","11":"product-type-simple"},"_links":{"self":[{"href":"https:\/\/www.esla.eu\/de\/wp-json\/wp\/v2\/product\/13418","targetHints":{"allow":["GET"]}}],"collection":[{"href":"https:\/\/www.esla.eu\/de\/wp-json\/wp\/v2\/product"}],"about":[{"href":"https:\/\/www.esla.eu\/de\/wp-json\/wp\/v2\/types\/product"}],"wp:featuredmedia":[{"embeddable":true,"href":"https:\/\/www.esla.eu\/de\/wp-json\/wp\/v2\/media\/5478"}],"wp:attachment":[{"href":"https:\/\/www.esla.eu\/de\/wp-json\/wp\/v2\/media?parent=13418"}],"wp:term":[{"taxonomy":"product_brand","embeddable":true,"href":"https:\/\/www.esla.eu\/de\/wp-json\/wp\/v2\/product_brand?post=13418"},{"taxonomy":"product_cat","embeddable":true,"href":"https:\/\/www.esla.eu\/de\/wp-json\/wp\/v2\/product_cat?post=13418"},{"taxonomy":"product_tag","embeddable":true,"href":"https:\/\/www.esla.eu\/de\/wp-json\/wp\/v2\/product_tag?post=13418"}],"curies":[{"name":"wp","href":"https:\/\/api.w.org\/{rel}","templated":true}]}}