{"id":13420,"date":"2024-04-02T11:43:39","date_gmt":"2024-04-02T09:43:39","guid":{"rendered":"https:\/\/www.esla.eu\/productos\/unkategorisiert\/a19000500-frontausgangs-schutzkette-serie-10100-10105-10103-10200-10205\/"},"modified":"2024-04-02T11:43:39","modified_gmt":"2024-04-02T09:43:39","slug":"a19000500-frontausgangs-schutzkette-serie-10100-10105-10103-10200-10205","status":"publish","type":"product","link":"https:\/\/www.esla.eu\/de\/productos\/zubehoer\/turen-vorhanden\/a19000500-frontausgangs-schutzkette-serie-10100-10105-10103-10200-10205\/","title":{"rendered":"A19000500 \u2013 Frontausgangs-Schutzkette \u2013 Serie 10100 10105 10103 10200 10205"},"content":{"rendered":"<p>Schutzkette f\u00fcr den vorderen Ausgang.<\/p>\n<p>Wenn die Plattform f\u00fcr den Zugang zu einem Ort verwendet wird, ist es notwendig, das vordere Gel\u00e4nder durch ein Element zu ersetzen, das auf die Sturzgefahr hinweist. Schutzketten sind ein einfaches und effizientes Zubeh\u00f6r. <\/p>\n<p>Serie 10100-10103-10105-10200-10205<\/p>\n","protected":false},"excerpt":{"rendered":"<p>Schutzkette f\u00fcr den vorderen Ausgang. Wenn die Plattform f\u00fcr den Zugang zu einem Ort verwendet wird, ist es notwendig, das vordere Gel\u00e4nder durch ein Element zu ersetzen, das auf die Sturzgefahr hinweist. Schutzketten sind ein einfaches und effizientes Zubeh\u00f6r. Serie 10100-10103-10105-10200-10205<\/p>\n","protected":false},"featured_media":5502,"template":"","meta":{"inline_featured_image":false},"product_brand":[],"product_cat":[430],"product_tag":[],"class_list":{"0":"post-13420","1":"product","2":"type-product","3":"status-publish","4":"has-post-thumbnail","6":"product_cat-turen-vorhanden","8":"first","9":"instock","10":"shipping-taxable","11":"product-type-simple"},"_links":{"self":[{"href":"https:\/\/www.esla.eu\/de\/wp-json\/wp\/v2\/product\/13420","targetHints":{"allow":["GET"]}}],"collection":[{"href":"https:\/\/www.esla.eu\/de\/wp-json\/wp\/v2\/product"}],"about":[{"href":"https:\/\/www.esla.eu\/de\/wp-json\/wp\/v2\/types\/product"}],"wp:featuredmedia":[{"embeddable":true,"href":"https:\/\/www.esla.eu\/de\/wp-json\/wp\/v2\/media\/5502"}],"wp:attachment":[{"href":"https:\/\/www.esla.eu\/de\/wp-json\/wp\/v2\/media?parent=13420"}],"wp:term":[{"taxonomy":"product_brand","embeddable":true,"href":"https:\/\/www.esla.eu\/de\/wp-json\/wp\/v2\/product_brand?post=13420"},{"taxonomy":"product_cat","embeddable":true,"href":"https:\/\/www.esla.eu\/de\/wp-json\/wp\/v2\/product_cat?post=13420"},{"taxonomy":"product_tag","embeddable":true,"href":"https:\/\/www.esla.eu\/de\/wp-json\/wp\/v2\/product_tag?post=13420"}],"curies":[{"name":"wp","href":"https:\/\/api.w.org\/{rel}","templated":true}]}}