{"id":13422,"date":"2024-04-02T10:52:06","date_gmt":"2024-04-02T08:52:06","guid":{"rendered":"https:\/\/www.esla.eu\/productos\/unkategorisiert\/e0310-handlauf-serie-10400\/"},"modified":"2026-01-29T20:12:43","modified_gmt":"2026-01-29T19:12:43","slug":"e0310-handlauf-serie-10400","status":"publish","type":"product","link":"https:\/\/www.esla.eu\/de\/productos\/zubehoer\/gelander\/e0310-handlauf-serie-10400\/","title":{"rendered":"E0310 \u2013 Handlauf \u2013 Serie 10400"},"content":{"rendered":"<p>Vordere und seitliche Plattformhandl\u00e4ufe sind f\u00fcr alle Modelle geeignet.<\/p>\n<p>F\u00fcr die Montage des vorderen Handlaufs der Plattform sind die 2 Seiten erforderlich.<\/p>\n<p>Zugangshandl\u00e4ufe nur ab 1040503<\/p>\n","protected":false},"excerpt":{"rendered":"<p>Vordere und seitliche Plattformhandl\u00e4ufe sind f\u00fcr alle Modelle geeignet. F\u00fcr die Montage des vorderen Handlaufs der Plattform sind die 2 Seiten erforderlich. Zugangshandl\u00e4ufe nur ab 1040503<\/p>\n","protected":false},"featured_media":13423,"template":"","meta":{"inline_featured_image":false},"product_brand":[],"product_cat":[432],"product_tag":[],"class_list":{"0":"post-13422","1":"product","2":"type-product","3":"status-publish","4":"has-post-thumbnail","6":"product_cat-gelander","8":"first","9":"instock","10":"shipping-taxable","11":"product-type-simple"},"_links":{"self":[{"href":"https:\/\/www.esla.eu\/de\/wp-json\/wp\/v2\/product\/13422","targetHints":{"allow":["GET"]}}],"collection":[{"href":"https:\/\/www.esla.eu\/de\/wp-json\/wp\/v2\/product"}],"about":[{"href":"https:\/\/www.esla.eu\/de\/wp-json\/wp\/v2\/types\/product"}],"wp:featuredmedia":[{"embeddable":true,"href":"https:\/\/www.esla.eu\/de\/wp-json\/wp\/v2\/media\/13423"}],"wp:attachment":[{"href":"https:\/\/www.esla.eu\/de\/wp-json\/wp\/v2\/media?parent=13422"}],"wp:term":[{"taxonomy":"product_brand","embeddable":true,"href":"https:\/\/www.esla.eu\/de\/wp-json\/wp\/v2\/product_brand?post=13422"},{"taxonomy":"product_cat","embeddable":true,"href":"https:\/\/www.esla.eu\/de\/wp-json\/wp\/v2\/product_cat?post=13422"},{"taxonomy":"product_tag","embeddable":true,"href":"https:\/\/www.esla.eu\/de\/wp-json\/wp\/v2\/product_tag?post=13422"}],"curies":[{"name":"wp","href":"https:\/\/api.w.org\/{rel}","templated":true}]}}