{"id":13434,"date":"2024-04-02T10:40:40","date_gmt":"2024-04-02T08:40:40","guid":{"rendered":"https:\/\/www.esla.eu\/productos\/unkategorisiert\/e4200-sekundaeres-schutzgelaender-serie-10305-45\/"},"modified":"2026-01-29T20:16:23","modified_gmt":"2026-01-29T19:16:23","slug":"e4200-sekundaeres-schutzgelaender-serie-10305-45","status":"publish","type":"product","link":"https:\/\/www.esla.eu\/de\/productos\/zubehoer\/gelander\/e4200-sekundaeres-schutzgelaender-serie-10305-45\/","title":{"rendered":"E4200 \u2013 Sekund\u00e4res Schutzgel\u00e4nder \u2013 Serie 10305 45 \u00b0"},"content":{"rendered":"<p>Zus\u00e4tzliche Gel\u00e4nder f\u00fcr Modell 10305<\/p>\n","protected":false},"excerpt":{"rendered":"<p>Zus\u00e4tzliche Gel\u00e4nder f\u00fcr Modell 10305<\/p>\n","protected":false},"featured_media":13435,"template":"","meta":{"inline_featured_image":false},"product_brand":[],"product_cat":[432],"product_tag":[],"class_list":{"0":"post-13434","1":"product","2":"type-product","3":"status-publish","4":"has-post-thumbnail","6":"product_cat-gelander","8":"first","9":"instock","10":"shipping-taxable","11":"purchasable","12":"product-type-variable"},"_links":{"self":[{"href":"https:\/\/www.esla.eu\/de\/wp-json\/wp\/v2\/product\/13434","targetHints":{"allow":["GET"]}}],"collection":[{"href":"https:\/\/www.esla.eu\/de\/wp-json\/wp\/v2\/product"}],"about":[{"href":"https:\/\/www.esla.eu\/de\/wp-json\/wp\/v2\/types\/product"}],"wp:featuredmedia":[{"embeddable":true,"href":"https:\/\/www.esla.eu\/de\/wp-json\/wp\/v2\/media\/13435"}],"wp:attachment":[{"href":"https:\/\/www.esla.eu\/de\/wp-json\/wp\/v2\/media?parent=13434"}],"wp:term":[{"taxonomy":"product_brand","embeddable":true,"href":"https:\/\/www.esla.eu\/de\/wp-json\/wp\/v2\/product_brand?post=13434"},{"taxonomy":"product_cat","embeddable":true,"href":"https:\/\/www.esla.eu\/de\/wp-json\/wp\/v2\/product_cat?post=13434"},{"taxonomy":"product_tag","embeddable":true,"href":"https:\/\/www.esla.eu\/de\/wp-json\/wp\/v2\/product_tag?post=13434"}],"curies":[{"name":"wp","href":"https:\/\/api.w.org\/{rel}","templated":true}]}}