{"id":13493,"date":"2024-04-02T10:17:03","date_gmt":"2024-04-02T08:17:03","guid":{"rendered":"https:\/\/www.esla.eu\/productos\/unkategorisiert\/e0510-zusaetzliches-schutzgelaender-serie-10100-60\/"},"modified":"2026-01-29T20:20:29","modified_gmt":"2026-01-29T19:20:29","slug":"e0510-zusaetzliches-schutzgelaender-serie-10100-60","status":"publish","type":"product","link":"https:\/\/www.esla.eu\/de\/productos\/zubehoer\/gelander\/e0510-zusaetzliches-schutzgelaender-serie-10100-60\/","title":{"rendered":"E0510 \u2013 Zus\u00e4tzliches Schutzgel\u00e4nder \u2013 Serie 10100 60 \u00b0"},"content":{"rendered":"<p>Zus\u00e4tzliche Gel\u00e4nder f\u00fcr Modell 10100<\/p>\n","protected":false},"excerpt":{"rendered":"<p>Zus\u00e4tzliche Gel\u00e4nder f\u00fcr Modell 10100<\/p>\n","protected":false},"featured_media":13497,"template":"","meta":{"inline_featured_image":false},"product_brand":[],"product_cat":[432],"product_tag":[],"class_list":{"0":"post-13493","1":"product","2":"type-product","3":"status-publish","4":"has-post-thumbnail","6":"product_cat-gelander","8":"first","9":"instock","10":"shipping-taxable","11":"purchasable","12":"product-type-variable"},"_links":{"self":[{"href":"https:\/\/www.esla.eu\/de\/wp-json\/wp\/v2\/product\/13493","targetHints":{"allow":["GET"]}}],"collection":[{"href":"https:\/\/www.esla.eu\/de\/wp-json\/wp\/v2\/product"}],"about":[{"href":"https:\/\/www.esla.eu\/de\/wp-json\/wp\/v2\/types\/product"}],"wp:featuredmedia":[{"embeddable":true,"href":"https:\/\/www.esla.eu\/de\/wp-json\/wp\/v2\/media\/13497"}],"wp:attachment":[{"href":"https:\/\/www.esla.eu\/de\/wp-json\/wp\/v2\/media?parent=13493"}],"wp:term":[{"taxonomy":"product_brand","embeddable":true,"href":"https:\/\/www.esla.eu\/de\/wp-json\/wp\/v2\/product_brand?post=13493"},{"taxonomy":"product_cat","embeddable":true,"href":"https:\/\/www.esla.eu\/de\/wp-json\/wp\/v2\/product_cat?post=13493"},{"taxonomy":"product_tag","embeddable":true,"href":"https:\/\/www.esla.eu\/de\/wp-json\/wp\/v2\/product_tag?post=13493"}],"curies":[{"name":"wp","href":"https:\/\/api.w.org\/{rel}","templated":true}]}}